{"id":6136,"date":"2025-09-05T22:13:30","date_gmt":"2025-09-05T21:13:30","guid":{"rendered":"https:\/\/shop.kluschowsky.com\/?page_id=6136"},"modified":"2025-09-21T19:14:44","modified_gmt":"2025-09-21T18:14:44","slug":"luxury-diamond","status":"publish","type":"page","link":"https:\/\/shop.kluschowsky.com\/de\/luxury-diamond\/","title":{"rendered":"Luxury Diamond"},"content":{"rendered":"<div data-elementor-type=\"wp-page\" data-elementor-id=\"6136\" class=\"elementor elementor-6136\" data-elementor-post-type=\"page\">\n\t\t\t\t\t\t<section class=\"elementor-section elementor-top-section elementor-element elementor-element-54ed614a elementor-section-boxed elementor-section-height-default elementor-section-height-default\" data-id=\"54ed614a\" data-element_type=\"section\">\n\t\t\t\t\t\t<div class=\"elementor-container elementor-column-gap-default\">\n\t\t\t\t\t<div class=\"elementor-column elementor-col-50 elementor-top-column elementor-element elementor-element-2c278eec\" data-id=\"2c278eec\" data-element_type=\"column\">\n\t\t\t<div class=\"elementor-widget-wrap elementor-element-populated\">\n\t\t\t\t\t\t<div class=\"elementor-element elementor-element-5762647d elementor-align-left elementor-widget elementor-widget-etheme_advanced_headline\" data-id=\"5762647d\" data-element_type=\"widget\" data-widget_type=\"etheme_advanced_headline.default\">\n\t\t\t\t<div class=\"elementor-widget-container\">\n\t\t\t\t\t        \n        <div class=\"etheme-a-h-wrapper\">\n        \n            \n        <h2 class=\"etheme-advanced-headline etheme-advanced-headline-mask\">\n\n            Elegante Kette mit einem echten 1,5 Karat gro\u00dfen Diamanten (Labgrown)\n        <\/h2>\n\t\t\n                            <p class=\"etheme-a-h-text-after\">\n                    Ein zeitloser Ausdruck von Eleganz und moderner Innovation: Diese exquisite Halskette verf\u00fcgt \u00fcber einen 1,5 Karat gro\u00dfen, im Labor gez\u00fcchteten Diamanten, der sicher in einer klassischen 6-fachen Krappenfassung sitzt, die die Brillanz des Steins zur Geltung bringt und gleichzeitig dauerhafte Stabilit\u00e4t gew\u00e4hrleistet. Der Diamant weist eine au\u00dfergew\u00f6hnliche Reinheit von VVS1 auf \u2013 praktisch frei von inneren Einschl\u00fcssen \u2013 und bietet ein nahezu farbloses, eiswei\u00dfes Erscheinungsbild. Sein runder Brillantschliff ist fachm\u00e4nnisch gefertigt, um bei jeder Bewegung die Brillanz und das Funkeln zu maximieren.\n\nDieses Schmuckst\u00fcck h\u00e4ngt an einer schlanken und dennoch strapazierf\u00e4higen Kette aus 14 Karat Massivgold und ist in den L\u00e4ngen 42 cm und 45 cm erh\u00e4ltlich, was vielseitige Stylingm\u00f6glichkeiten und eine perfekte Passform erm\u00f6glicht. Die zarten Glieder der Kette erg\u00e4nzen das Gesamtdesign und sorgen daf\u00fcr, dass der Diamant im Mittelpunkt der Aufmerksamkeit bleibt.                <\/p>\n                    \n        <\/div>\n        \n\t\t\t\t\t\t<\/div>\n\t\t\t\t<\/div>\n\t\t\t\t<div class=\"elementor-element elementor-element-26b4595 elementor-align-left elementor-widget elementor-widget-etheme_advanced_headline\" data-id=\"26b4595\" data-element_type=\"widget\" data-widget_type=\"etheme_advanced_headline.default\">\n\t\t\t\t<div class=\"elementor-widget-container\">\n\t\t\t\t\t        \n        <div class=\"etheme-a-h-wrapper\">\n        \n            \n        <h3 class=\"etheme-advanced-headline etheme-advanced-headline-mask\">\n\n            Ist dein Interesse geweckt?\n        <\/h3>\n\t\t\n                            <p class=\"etheme-a-h-text-after\">\n                    Gerne kannst du dir unsere Kollektion auch pers\u00f6nlich bei uns anschauen. Kontaktiere uns und vereinbare einen Termin bei uns in M\u00fcnchen oder Hannover.                <\/p>\n                    \n        <\/div>\n        \n\t\t\t\t\t\t<\/div>\n\t\t\t\t<\/div>\n\t\t\t\t<div class=\"elementor-element elementor-element-6b3f484 elementor-widget elementor-widget-text_button\" data-id=\"6b3f484\" data-element_type=\"widget\" data-widget_type=\"text_button.default\">\n\t\t\t\t<div class=\"elementor-widget-container\">\n\t\t\t\t\t<div class=\"etheme-button-wrapper\"><a href=\"https:\/\/shop.kluschowsky.com\/de\/contact-us\/\" class=\"etheme-text-button elementor-button\" role=\"button\">\n        <span class=\"elementor-button-content-wrapper\">\n                                <span class=\"button-line elementor-align-icon-left\"><\/span>\n                    \n\t\t\t<span class=\"elementor-button-text\">Sichere dir deine Kette jetzt - hier vorbestellen<\/span>\n\n            \n            \n        <\/span><\/a><\/div>\t\t\t\t<\/div>\n\t\t\t\t<\/div>\n\t\t\t\t\t<\/div>\n\t\t<\/div>\n\t\t\t\t<div class=\"elementor-column elementor-col-50 elementor-top-column elementor-element elementor-element-689d43d9\" data-id=\"689d43d9\" data-element_type=\"column\">\n\t\t\t<div class=\"elementor-widget-wrap elementor-element-populated\">\n\t\t\t\t\t\t<section class=\"elementor-section elementor-inner-section elementor-element elementor-element-776d64f6 elementor-section-boxed elementor-section-height-default elementor-section-height-default\" data-id=\"776d64f6\" data-element_type=\"section\">\n\t\t\t\t\t\t<div class=\"elementor-container elementor-column-gap-default\">\n\t\t\t\t\t<div class=\"elementor-column elementor-col-50 elementor-inner-column elementor-element elementor-element-621da622\" data-id=\"621da622\" data-element_type=\"column\">\n\t\t\t<div class=\"elementor-widget-wrap elementor-element-populated\">\n\t\t\t\t\t\t<div class=\"elementor-element elementor-element-0baeb58 elementor-widget elementor-widget-image\" data-id=\"0baeb58\" data-element_type=\"widget\" data-widget_type=\"image.default\">\n\t\t\t\t\t\t\t\t\t\t\t\t\t\t\t<img fetchpriority=\"high\" decoding=\"async\" width=\"1024\" height=\"1024\" src=\"https:\/\/shop.kluschowsky.com\/wp-content\/uploads\/2025\/09\/Diamond5-1024x1024.png\" class=\"attachment-large size-large wp-image-6199\" alt=\"\" srcset=\"https:\/\/shop.kluschowsky.com\/wp-content\/uploads\/2025\/09\/Diamond5-1024x1024.png 1024w, https:\/\/shop.kluschowsky.com\/wp-content\/uploads\/2025\/09\/Diamond5-300x300.png 300w, https:\/\/shop.kluschowsky.com\/wp-content\/uploads\/2025\/09\/Diamond5-150x150.png 150w, https:\/\/shop.kluschowsky.com\/wp-content\/uploads\/2025\/09\/Diamond5-768x768.png 768w, https:\/\/shop.kluschowsky.com\/wp-content\/uploads\/2025\/09\/Diamond5-12x12.png 12w, https:\/\/shop.kluschowsky.com\/wp-content\/uploads\/2025\/09\/Diamond5-360x360.png 360w, https:\/\/shop.kluschowsky.com\/wp-content\/uploads\/2025\/09\/Diamond5-600x600.png 600w, https:\/\/shop.kluschowsky.com\/wp-content\/uploads\/2025\/09\/Diamond5-100x100.png 100w, https:\/\/shop.kluschowsky.com\/wp-content\/uploads\/2025\/09\/Diamond5-1x1.png 1w, https:\/\/shop.kluschowsky.com\/wp-content\/uploads\/2025\/09\/Diamond5-10x10.png 10w, https:\/\/shop.kluschowsky.com\/wp-content\/uploads\/2025\/09\/Diamond5.png 1080w\" sizes=\"(max-width: 1024px) 100vw, 1024px\" \/>\t\t\t\t\t\t\t\t\t\t\t\t\t\t\t<\/div>\n\t\t\t\t<div class=\"elementor-element elementor-element-1f57f15 elementor-widget elementor-widget-image\" data-id=\"1f57f15\" data-element_type=\"widget\" data-widget_type=\"image.default\">\n\t\t\t\t\t\t\t\t\t\t\t\t\t\t\t<img decoding=\"async\" width=\"1024\" height=\"1024\" src=\"https:\/\/shop.kluschowsky.com\/wp-content\/uploads\/2025\/09\/Diamond1-1024x1024.png\" class=\"attachment-large size-large wp-image-6203\" alt=\"\" srcset=\"https:\/\/shop.kluschowsky.com\/wp-content\/uploads\/2025\/09\/Diamond1-1024x1024.png 1024w, https:\/\/shop.kluschowsky.com\/wp-content\/uploads\/2025\/09\/Diamond1-300x300.png 300w, https:\/\/shop.kluschowsky.com\/wp-content\/uploads\/2025\/09\/Diamond1-150x150.png 150w, https:\/\/shop.kluschowsky.com\/wp-content\/uploads\/2025\/09\/Diamond1-768x768.png 768w, https:\/\/shop.kluschowsky.com\/wp-content\/uploads\/2025\/09\/Diamond1-12x12.png 12w, https:\/\/shop.kluschowsky.com\/wp-content\/uploads\/2025\/09\/Diamond1-360x360.png 360w, https:\/\/shop.kluschowsky.com\/wp-content\/uploads\/2025\/09\/Diamond1-600x600.png 600w, https:\/\/shop.kluschowsky.com\/wp-content\/uploads\/2025\/09\/Diamond1-100x100.png 100w, https:\/\/shop.kluschowsky.com\/wp-content\/uploads\/2025\/09\/Diamond1-1x1.png 1w, https:\/\/shop.kluschowsky.com\/wp-content\/uploads\/2025\/09\/Diamond1-10x10.png 10w, https:\/\/shop.kluschowsky.com\/wp-content\/uploads\/2025\/09\/Diamond1.png 1080w\" sizes=\"(max-width: 1024px) 100vw, 1024px\" \/>\t\t\t\t\t\t\t\t\t\t\t\t\t\t\t<\/div>\n\t\t\t\t\t<\/div>\n\t\t<\/div>\n\t\t\t\t<div class=\"elementor-column elementor-col-50 elementor-inner-column elementor-element elementor-element-4112fff9\" data-id=\"4112fff9\" data-element_type=\"column\">\n\t\t\t<div class=\"elementor-widget-wrap elementor-element-populated\">\n\t\t\t\t\t\t<div class=\"elementor-element elementor-element-1af93f4 elementor-widget elementor-widget-image\" data-id=\"1af93f4\" data-element_type=\"widget\" data-widget_type=\"image.default\">\n\t\t\t\t\t\t\t\t\t\t\t\t\t\t\t<img decoding=\"async\" width=\"1024\" height=\"1024\" src=\"https:\/\/shop.kluschowsky.com\/wp-content\/uploads\/2025\/09\/Diamond6-1024x1024.png\" class=\"attachment-large size-large wp-image-6548\" alt=\"\" srcset=\"https:\/\/shop.kluschowsky.com\/wp-content\/uploads\/2025\/09\/Diamond6-1024x1024.png 1024w, https:\/\/shop.kluschowsky.com\/wp-content\/uploads\/2025\/09\/Diamond6-300x300.png 300w, https:\/\/shop.kluschowsky.com\/wp-content\/uploads\/2025\/09\/Diamond6-150x150.png 150w, https:\/\/shop.kluschowsky.com\/wp-content\/uploads\/2025\/09\/Diamond6-768x768.png 768w, https:\/\/shop.kluschowsky.com\/wp-content\/uploads\/2025\/09\/Diamond6-12x12.png 12w, https:\/\/shop.kluschowsky.com\/wp-content\/uploads\/2025\/09\/Diamond6-360x360.png 360w, https:\/\/shop.kluschowsky.com\/wp-content\/uploads\/2025\/09\/Diamond6-600x600.png 600w, https:\/\/shop.kluschowsky.com\/wp-content\/uploads\/2025\/09\/Diamond6-100x100.png 100w, https:\/\/shop.kluschowsky.com\/wp-content\/uploads\/2025\/09\/Diamond6-1x1.png 1w, https:\/\/shop.kluschowsky.com\/wp-content\/uploads\/2025\/09\/Diamond6-10x10.png 10w, https:\/\/shop.kluschowsky.com\/wp-content\/uploads\/2025\/09\/Diamond6.png 1080w\" sizes=\"(max-width: 1024px) 100vw, 1024px\" \/>\t\t\t\t\t\t\t\t\t\t\t\t\t\t\t<\/div>\n\t\t\t\t<div class=\"elementor-element elementor-element-94e03e1 elementor-widget elementor-widget-image\" data-id=\"94e03e1\" data-element_type=\"widget\" data-widget_type=\"image.default\">\n\t\t\t\t\t\t\t\t\t\t\t\t\t\t\t<img loading=\"lazy\" decoding=\"async\" width=\"1024\" height=\"1024\" src=\"https:\/\/shop.kluschowsky.com\/wp-content\/uploads\/2025\/09\/Diamond7-1024x1024.png\" class=\"attachment-large size-large wp-image-6550\" alt=\"\" srcset=\"https:\/\/shop.kluschowsky.com\/wp-content\/uploads\/2025\/09\/Diamond7-1024x1024.png 1024w, https:\/\/shop.kluschowsky.com\/wp-content\/uploads\/2025\/09\/Diamond7-300x300.png 300w, https:\/\/shop.kluschowsky.com\/wp-content\/uploads\/2025\/09\/Diamond7-150x150.png 150w, https:\/\/shop.kluschowsky.com\/wp-content\/uploads\/2025\/09\/Diamond7-768x768.png 768w, https:\/\/shop.kluschowsky.com\/wp-content\/uploads\/2025\/09\/Diamond7-12x12.png 12w, https:\/\/shop.kluschowsky.com\/wp-content\/uploads\/2025\/09\/Diamond7-360x360.png 360w, https:\/\/shop.kluschowsky.com\/wp-content\/uploads\/2025\/09\/Diamond7-600x600.png 600w, https:\/\/shop.kluschowsky.com\/wp-content\/uploads\/2025\/09\/Diamond7-100x100.png 100w, https:\/\/shop.kluschowsky.com\/wp-content\/uploads\/2025\/09\/Diamond7-1x1.png 1w, https:\/\/shop.kluschowsky.com\/wp-content\/uploads\/2025\/09\/Diamond7-10x10.png 10w, https:\/\/shop.kluschowsky.com\/wp-content\/uploads\/2025\/09\/Diamond7.png 1080w\" sizes=\"(max-width: 1024px) 100vw, 1024px\" \/>\t\t\t\t\t\t\t\t\t\t\t\t\t\t\t<\/div>\n\t\t\t\t\t<\/div>\n\t\t<\/div>\n\t\t\t\t\t<\/div>\n\t\t<\/section>\n\t\t\t\t\t<\/div>\n\t\t<\/div>\n\t\t\t\t\t<\/div>\n\t\t<\/section>\n\t\t\t\t<\/div>","protected":false},"excerpt":{"rendered":"<p>Elegant Necklace with Lab-Grown Diamond \u2013 1.5 Carat A timeless expression of elegance and modern innovation: This exquisite necklace features a 1.5 carat lab-grown diamond,&#8230;<\/p>","protected":false},"author":3,"featured_media":0,"parent":0,"menu_order":0,"comment_status":"closed","ping_status":"closed","template":"","meta":{"footnotes":""},"class_list":["post-6136","page","type-page","status-publish","hentry"],"_links":{"self":[{"href":"https:\/\/shop.kluschowsky.com\/de\/wp-json\/wp\/v2\/pages\/6136","targetHints":{"allow":["GET"]}}],"collection":[{"href":"https:\/\/shop.kluschowsky.com\/de\/wp-json\/wp\/v2\/pages"}],"about":[{"href":"https:\/\/shop.kluschowsky.com\/de\/wp-json\/wp\/v2\/types\/page"}],"author":[{"embeddable":true,"href":"https:\/\/shop.kluschowsky.com\/de\/wp-json\/wp\/v2\/users\/3"}],"replies":[{"embeddable":true,"href":"https:\/\/shop.kluschowsky.com\/de\/wp-json\/wp\/v2\/comments?post=6136"}],"version-history":[{"count":9,"href":"https:\/\/shop.kluschowsky.com\/de\/wp-json\/wp\/v2\/pages\/6136\/revisions"}],"predecessor-version":[{"id":6556,"href":"https:\/\/shop.kluschowsky.com\/de\/wp-json\/wp\/v2\/pages\/6136\/revisions\/6556"}],"wp:attachment":[{"href":"https:\/\/shop.kluschowsky.com\/de\/wp-json\/wp\/v2\/media?parent=6136"}],"curies":[{"name":"wp","href":"https:\/\/api.w.org\/{rel}","templated":true}]}}