{"id":2565,"date":"2024-06-08T22:33:52","date_gmt":"2024-06-08T21:33:52","guid":{"rendered":"https:\/\/shop.kluschowsky.com\/?post_type=product&#038;p=2565"},"modified":"2026-02-20T05:59:57","modified_gmt":"2026-02-20T04:59:57","slug":"maya-emerald-mosaic-earrings","status":"publish","type":"product","link":"https:\/\/shop.kluschowsky.com\/de\/produkt\/maya-emerald-mosaic-earrings\/","title":{"rendered":"Maya Emerald Mosaic Earrings"},"content":{"rendered":"<p>Diese Ohrringe haben einen runden Anh\u00e4nger, der mit einem fesselnden Smaragd-Mosaikmuster verziert ist und Ihrem Look eine organische, von der Natur inspirierte Eleganz verleiht. Die Gr\u00fcnt\u00f6ne des Mosaiks stehen in sch\u00f6nem Kontrast zu der zarten Goldfassung und machen diese Ohrringe zu einem k\u00fchnen und doch raffinierten Statement-St\u00fcck.<\/p>\n<p>Die Maya Emerald Mosaic Earrings sind mit einem sicheren Ohrstecker ausgestattet und bieten sowohl Komfort als auch Stil. Sie garantieren einen festen Sitz, der den ganzen Tag oder die ganze Nacht \u00fcber an seinem Platz bleibt.<\/p>\n<p>Verleihen Sie Ihrer Schmucksammlung einen Hauch zeitloser Sch\u00f6nheit mit den Maya Emerald Mosaic Earrings, in denen Kunstfertigkeit und leuchtende Farben in perfekter Harmonie zusammenkommen.<\/p>","protected":false},"excerpt":{"rendered":"<table style=\"width: 28.7748%;\">\n<tbody>\n<tr>\n<td>Material<\/td>\n<td>Stainless steel<\/td>\n<\/tr>\n<tr>\n<td>Farbe<\/td>\n<td>Luxurious 18k gold plated<\/td>\n<\/tr>\n<\/tbody>\n<\/table>\n<p>&nbsp;<\/p>","protected":false},"featured_media":5109,"comment_status":"open","ping_status":"closed","template":"","meta":[],"etheme_brands":[{"term_id":105,"name":"Kluschowsky Fashion","slug":"fashion","term_group":0,"term_taxonomy_id":105,"taxonomy":"brand","description":"","parent":0,"count":28,"filter":"raw","order":"0"}],"product_brand":[],"product_cat":[21,74],"product_tag":[196],"class_list":{"0":"post-2565","1":"product","2":"type-product","3":"status-publish","4":"has-post-thumbnail","6":"brand-fashion","7":"product_cat-earrings","8":"product_cat-new-products","9":"product_tag-kickoff","11":"first","12":"instock","13":"sale","14":"featured","15":"taxable","16":"shipping-taxable","17":"purchasable","18":"product-type-simple"},"_links":{"self":[{"href":"https:\/\/shop.kluschowsky.com\/de\/wp-json\/wp\/v2\/product\/2565","targetHints":{"allow":["GET"]}}],"collection":[{"href":"https:\/\/shop.kluschowsky.com\/de\/wp-json\/wp\/v2\/product"}],"about":[{"href":"https:\/\/shop.kluschowsky.com\/de\/wp-json\/wp\/v2\/types\/product"}],"replies":[{"embeddable":true,"href":"https:\/\/shop.kluschowsky.com\/de\/wp-json\/wp\/v2\/comments?post=2565"}],"version-history":[{"count":2,"href":"https:\/\/shop.kluschowsky.com\/de\/wp-json\/wp\/v2\/product\/2565\/revisions"}],"predecessor-version":[{"id":6522,"href":"https:\/\/shop.kluschowsky.com\/de\/wp-json\/wp\/v2\/product\/2565\/revisions\/6522"}],"wp:featuredmedia":[{"embeddable":true,"href":"https:\/\/shop.kluschowsky.com\/de\/wp-json\/wp\/v2\/media\/5109"}],"wp:attachment":[{"href":"https:\/\/shop.kluschowsky.com\/de\/wp-json\/wp\/v2\/media?parent=2565"}],"wp:term":[{"taxonomy":"brand","embeddable":true,"href":"https:\/\/shop.kluschowsky.com\/de\/wp-json\/wp\/v2\/etheme_brands?post=2565"},{"taxonomy":"product_brand","embeddable":true,"href":"https:\/\/shop.kluschowsky.com\/de\/wp-json\/wp\/v2\/product_brand?post=2565"},{"taxonomy":"product_cat","embeddable":true,"href":"https:\/\/shop.kluschowsky.com\/de\/wp-json\/wp\/v2\/product_cat?post=2565"},{"taxonomy":"product_tag","embeddable":true,"href":"https:\/\/shop.kluschowsky.com\/de\/wp-json\/wp\/v2\/product_tag?post=2565"}],"curies":[{"name":"wp","href":"https:\/\/api.w.org\/{rel}","templated":true}]}}