{"id":2588,"date":"2024-06-08T23:05:27","date_gmt":"2024-06-08T22:05:27","guid":{"rendered":"https:\/\/shop.kluschowsky.com\/?post_type=product&#038;p=2588"},"modified":"2025-12-05T09:05:04","modified_gmt":"2025-12-05T08:05:04","slug":"sophia-double-bracelet","status":"publish","type":"product","link":"https:\/\/shop.kluschowsky.com\/de\/produkt\/sophia-double-bracelet\/","title":{"rendered":"Sophia Double Bracelet"},"content":{"rendered":"<p>Das Sophia Double Bracelet strahlt mit seinem zeitlosen Design m\u00fchelose Raffinesse aus. Das aus hochwertiger 18-kar\u00e4tiger Vergoldung gefertigte Armband besteht aus zwei zarten Goldketten, die sich \u00fcbereinander legen und so ein sch\u00f6nes und gewagtes Statement abgeben. Die ineinander verflochtenen Doppelketten bieten einen raffinierten, modernen Look, perfekt f\u00fcr jeden Anlass.<\/p>\n<p>Mit seiner verstellbaren Passform bietet das Sophia Double Bracelet Komfort und Vielseitigkeit, sodass es sich perfekt an verschiedene Handgelenksgr\u00f6\u00dfen anpassen l\u00e4sst. Ob allein getragen f\u00fcr einen minimalistischen, schicken Look oder kombiniert mit anderen St\u00fccken f\u00fcr einen mehrschichtigen Effekt, dieses Armband verleiht Ihrer Schmucksammlung einen Hauch von Eleganz.<\/p>","protected":false},"excerpt":{"rendered":"<table style=\"width: 28.7748%;\">\n<tbody>\n<tr>\n<td>Material<\/td>\n<td>Stainless steel<\/td>\n<\/tr>\n<tr>\n<td>Farbe<\/td>\n<td>Luxurious 18k gold plated<\/td>\n<\/tr>\n<\/tbody>\n<\/table>\n<p>&nbsp;<\/p>","protected":false},"featured_media":5129,"comment_status":"open","ping_status":"closed","template":"","meta":[],"etheme_brands":[{"term_id":105,"name":"Kluschowsky Fashion","slug":"fashion","term_group":0,"term_taxonomy_id":105,"taxonomy":"brand","description":"","parent":0,"count":28,"filter":"raw","order":"0"}],"product_brand":[],"product_cat":[163],"product_tag":[196],"class_list":{"0":"post-2588","1":"product","2":"type-product","3":"status-publish","4":"has-post-thumbnail","6":"brand-fashion","7":"product_cat-bracelets","8":"product_tag-kickoff","10":"first","11":"instock","12":"sale","13":"taxable","14":"shipping-taxable","15":"purchasable","16":"product-type-simple"},"_links":{"self":[{"href":"https:\/\/shop.kluschowsky.com\/de\/wp-json\/wp\/v2\/product\/2588","targetHints":{"allow":["GET"]}}],"collection":[{"href":"https:\/\/shop.kluschowsky.com\/de\/wp-json\/wp\/v2\/product"}],"about":[{"href":"https:\/\/shop.kluschowsky.com\/de\/wp-json\/wp\/v2\/types\/product"}],"replies":[{"embeddable":true,"href":"https:\/\/shop.kluschowsky.com\/de\/wp-json\/wp\/v2\/comments?post=2588"}],"version-history":[{"count":2,"href":"https:\/\/shop.kluschowsky.com\/de\/wp-json\/wp\/v2\/product\/2588\/revisions"}],"predecessor-version":[{"id":6521,"href":"https:\/\/shop.kluschowsky.com\/de\/wp-json\/wp\/v2\/product\/2588\/revisions\/6521"}],"wp:featuredmedia":[{"embeddable":true,"href":"https:\/\/shop.kluschowsky.com\/de\/wp-json\/wp\/v2\/media\/5129"}],"wp:attachment":[{"href":"https:\/\/shop.kluschowsky.com\/de\/wp-json\/wp\/v2\/media?parent=2588"}],"wp:term":[{"taxonomy":"brand","embeddable":true,"href":"https:\/\/shop.kluschowsky.com\/de\/wp-json\/wp\/v2\/etheme_brands?post=2588"},{"taxonomy":"product_brand","embeddable":true,"href":"https:\/\/shop.kluschowsky.com\/de\/wp-json\/wp\/v2\/product_brand?post=2588"},{"taxonomy":"product_cat","embeddable":true,"href":"https:\/\/shop.kluschowsky.com\/de\/wp-json\/wp\/v2\/product_cat?post=2588"},{"taxonomy":"product_tag","embeddable":true,"href":"https:\/\/shop.kluschowsky.com\/de\/wp-json\/wp\/v2\/product_tag?post=2588"}],"curies":[{"name":"wp","href":"https:\/\/api.w.org\/{rel}","templated":true}]}}