{"id":2660,"date":"2024-06-09T00:05:08","date_gmt":"2024-06-08T23:05:08","guid":{"rendered":"https:\/\/shop.kluschowsky.com\/?post_type=product&#038;p=2660"},"modified":"2025-12-05T09:05:03","modified_gmt":"2025-12-05T08:05:03","slug":"gloria-mini-hoops","status":"publish","type":"product","link":"https:\/\/shop.kluschowsky.com\/de\/produkt\/gloria-mini-hoops\/","title":{"rendered":"Gloria Mini Hoops"},"content":{"rendered":"<p>Die Gloria Mini Hoops sind der perfekte Weg, um jedem Look eine Dosis s\u00fc\u00dfen Charme zu verleihen! Diese winzigen Creolen sind ein lustiges und s\u00fc\u00dfes Accessoire f\u00fcr jede Gelegenheit. Mit ihrem schlichten, fr\u00f6hlichen Design bringen diese Ohrringe einen Hauch von Gl\u00fcck und W\u00e4rme, wohin du auch gehst.<\/p>","protected":false},"excerpt":{"rendered":"<table style=\"width: 28.8488%;\">\n<tbody>\n<tr>\n<td>Material<\/td>\n<td>Stainless steel<\/td>\n<\/tr>\n<tr>\n<td>Farbe<\/td>\n<td>Luxurious 18k gold plated<\/td>\n<\/tr>\n<\/tbody>\n<\/table>\n<p>&nbsp;<\/p>","protected":false},"featured_media":5066,"comment_status":"open","ping_status":"closed","template":"","meta":[],"etheme_brands":[{"term_id":105,"name":"Kluschowsky Fashion","slug":"fashion","term_group":0,"term_taxonomy_id":105,"taxonomy":"brand","description":"","parent":0,"count":28,"filter":"raw","order":"0"}],"product_brand":[],"product_cat":[51,21],"product_tag":[196],"class_list":{"0":"post-2660","1":"product","2":"type-product","3":"status-publish","4":"has-post-thumbnail","6":"brand-fashion","7":"product_cat-best-sellers","8":"product_cat-earrings","9":"product_tag-kickoff","11":"first","12":"instock","13":"sale","14":"taxable","15":"shipping-taxable","16":"purchasable","17":"product-type-simple"},"_links":{"self":[{"href":"https:\/\/shop.kluschowsky.com\/de\/wp-json\/wp\/v2\/product\/2660","targetHints":{"allow":["GET"]}}],"collection":[{"href":"https:\/\/shop.kluschowsky.com\/de\/wp-json\/wp\/v2\/product"}],"about":[{"href":"https:\/\/shop.kluschowsky.com\/de\/wp-json\/wp\/v2\/types\/product"}],"replies":[{"embeddable":true,"href":"https:\/\/shop.kluschowsky.com\/de\/wp-json\/wp\/v2\/comments?post=2660"}],"version-history":[{"count":2,"href":"https:\/\/shop.kluschowsky.com\/de\/wp-json\/wp\/v2\/product\/2660\/revisions"}],"predecessor-version":[{"id":6517,"href":"https:\/\/shop.kluschowsky.com\/de\/wp-json\/wp\/v2\/product\/2660\/revisions\/6517"}],"wp:featuredmedia":[{"embeddable":true,"href":"https:\/\/shop.kluschowsky.com\/de\/wp-json\/wp\/v2\/media\/5066"}],"wp:attachment":[{"href":"https:\/\/shop.kluschowsky.com\/de\/wp-json\/wp\/v2\/media?parent=2660"}],"wp:term":[{"taxonomy":"brand","embeddable":true,"href":"https:\/\/shop.kluschowsky.com\/de\/wp-json\/wp\/v2\/etheme_brands?post=2660"},{"taxonomy":"product_brand","embeddable":true,"href":"https:\/\/shop.kluschowsky.com\/de\/wp-json\/wp\/v2\/product_brand?post=2660"},{"taxonomy":"product_cat","embeddable":true,"href":"https:\/\/shop.kluschowsky.com\/de\/wp-json\/wp\/v2\/product_cat?post=2660"},{"taxonomy":"product_tag","embeddable":true,"href":"https:\/\/shop.kluschowsky.com\/de\/wp-json\/wp\/v2\/product_tag?post=2660"}],"curies":[{"name":"wp","href":"https:\/\/api.w.org\/{rel}","templated":true}]}}