{"id":2663,"date":"2024-06-09T00:07:00","date_gmt":"2024-06-08T23:07:00","guid":{"rendered":"https:\/\/shop.kluschowsky.com\/?post_type=product&#038;p=2663"},"modified":"2025-12-05T09:05:03","modified_gmt":"2025-12-05T08:05:03","slug":"heartfelt-mini-hoops","status":"publish","type":"product","link":"https:\/\/shop.kluschowsky.com\/de\/produkt\/heartfelt-mini-hoops\/","title":{"rendered":"Heartfelt Mini Hoops"},"content":{"rendered":"<p>Verleihen deinem Stil mit den Heartfelt Mini Hoops einen s\u00fc\u00dfen Hauch von Charme. Diese bezaubernden Mini-Reifenohrringe haben einen zarten herzf\u00f6rmigen Anh\u00e4nger, der anmutig baumelt und mit seinem verspielten und doch eleganten Design die Aufmerksamkeit auf sich zieht. Diese Ohrringe eignen sich perfekt f\u00fcr den Alltag oder als subtiles Statement-St\u00fcck und sind eine sch\u00f6ne Art, dein Herz auf der Zunge zu tragen - buchst\u00e4blich!<\/p>","protected":false},"excerpt":{"rendered":"<table style=\"width: 22.9134%;\">\n<tbody>\n<tr>\n<td>Material<\/td>\n<td>Stainless steel<\/td>\n<\/tr>\n<tr>\n<td>Farbe<\/td>\n<td>Gold\/Silver plated<\/td>\n<\/tr>\n<\/tbody>\n<\/table>\n<p>&nbsp;<\/p>","protected":false},"featured_media":5083,"comment_status":"open","ping_status":"closed","template":"","meta":[],"etheme_brands":[{"term_id":105,"name":"Kluschowsky Fashion","slug":"fashion","term_group":0,"term_taxonomy_id":105,"taxonomy":"brand","description":"","parent":0,"count":28,"filter":"raw","order":"0"}],"product_brand":[],"product_cat":[21],"product_tag":[196],"class_list":{"0":"post-2663","1":"product","2":"type-product","3":"status-publish","4":"has-post-thumbnail","6":"brand-fashion","7":"product_cat-earrings","8":"product_tag-kickoff","10":"first","11":"instock","12":"sale","13":"taxable","14":"shipping-taxable","15":"purchasable","16":"product-type-simple"},"_links":{"self":[{"href":"https:\/\/shop.kluschowsky.com\/de\/wp-json\/wp\/v2\/product\/2663","targetHints":{"allow":["GET"]}}],"collection":[{"href":"https:\/\/shop.kluschowsky.com\/de\/wp-json\/wp\/v2\/product"}],"about":[{"href":"https:\/\/shop.kluschowsky.com\/de\/wp-json\/wp\/v2\/types\/product"}],"replies":[{"embeddable":true,"href":"https:\/\/shop.kluschowsky.com\/de\/wp-json\/wp\/v2\/comments?post=2663"}],"version-history":[{"count":2,"href":"https:\/\/shop.kluschowsky.com\/de\/wp-json\/wp\/v2\/product\/2663\/revisions"}],"predecessor-version":[{"id":6516,"href":"https:\/\/shop.kluschowsky.com\/de\/wp-json\/wp\/v2\/product\/2663\/revisions\/6516"}],"wp:featuredmedia":[{"embeddable":true,"href":"https:\/\/shop.kluschowsky.com\/de\/wp-json\/wp\/v2\/media\/5083"}],"wp:attachment":[{"href":"https:\/\/shop.kluschowsky.com\/de\/wp-json\/wp\/v2\/media?parent=2663"}],"wp:term":[{"taxonomy":"brand","embeddable":true,"href":"https:\/\/shop.kluschowsky.com\/de\/wp-json\/wp\/v2\/etheme_brands?post=2663"},{"taxonomy":"product_brand","embeddable":true,"href":"https:\/\/shop.kluschowsky.com\/de\/wp-json\/wp\/v2\/product_brand?post=2663"},{"taxonomy":"product_cat","embeddable":true,"href":"https:\/\/shop.kluschowsky.com\/de\/wp-json\/wp\/v2\/product_cat?post=2663"},{"taxonomy":"product_tag","embeddable":true,"href":"https:\/\/shop.kluschowsky.com\/de\/wp-json\/wp\/v2\/product_tag?post=2663"}],"curies":[{"name":"wp","href":"https:\/\/api.w.org\/{rel}","templated":true}]}}