{"id":2668,"date":"2024-06-09T00:09:17","date_gmt":"2024-06-08T23:09:17","guid":{"rendered":"https:\/\/shop.kluschowsky.com\/?post_type=product&#038;p=2668"},"modified":"2026-04-30T10:37:48","modified_gmt":"2026-04-30T09:37:48","slug":"tri-curve-earrings","status":"publish","type":"product","link":"https:\/\/shop.kluschowsky.com\/de\/produkt\/tri-curve-earrings\/","title":{"rendered":"Tri Curve Earrings"},"content":{"rendered":"<p>Die Tri Curve Earrings bieten eine neue Variante des klassischen Reifendesigns. Diese Ohrringe bestehen aus drei parallelen Reifen in einem, was einen auff\u00e4lligen und modernen Multi-Hoop-Look ergibt. Die Tri Curve Earrings sind aus hochwertigem Edelstahl in Gold oder Silber gefertigt und verbinden m\u00fchelos Eleganz und modernen Stil.<\/p>\n<p>Die Ohrringe sind mit einem sicheren Ohrsteckerverschluss ausgestattet, der f\u00fcr einen bequemen Sitz sorgt und sie perfekt f\u00fcr den Alltag oder besondere Anl\u00e4sse macht. Ihr einzigartiges Design, das sowohl in Gold als auch in Silber erh\u00e4ltlich ist, verleiht jedem Outfit einen k\u00fchnen und raffinierten Touch.<\/p>","protected":false},"excerpt":{"rendered":"<table style=\"width: 22.9134%;\">\n<tbody>\n<tr>\n<td>Material<\/td>\n<td>Stainless steel<\/td>\n<\/tr>\n<tr>\n<td>Farbe<\/td>\n<td>Gold\/Silver plated<\/td>\n<\/tr>\n<\/tbody>\n<\/table>\n<p>&nbsp;<\/p>","protected":false},"featured_media":5140,"comment_status":"open","ping_status":"closed","template":"","meta":[],"etheme_brands":[{"term_id":105,"name":"Kluschowsky Fashion","slug":"fashion","term_group":0,"term_taxonomy_id":105,"taxonomy":"brand","description":"","parent":0,"count":28,"filter":"raw","order":"0"}],"product_brand":[],"product_cat":[51,21],"product_tag":[196],"class_list":{"0":"post-2668","1":"product","2":"type-product","3":"status-publish","4":"has-post-thumbnail","6":"brand-fashion","7":"product_cat-best-sellers","8":"product_cat-earrings","9":"product_tag-kickoff","11":"first","12":"instock","13":"sale","14":"taxable","15":"shipping-taxable","16":"purchasable","17":"product-type-variable"},"_links":{"self":[{"href":"https:\/\/shop.kluschowsky.com\/de\/wp-json\/wp\/v2\/product\/2668","targetHints":{"allow":["GET"]}}],"collection":[{"href":"https:\/\/shop.kluschowsky.com\/de\/wp-json\/wp\/v2\/product"}],"about":[{"href":"https:\/\/shop.kluschowsky.com\/de\/wp-json\/wp\/v2\/types\/product"}],"replies":[{"embeddable":true,"href":"https:\/\/shop.kluschowsky.com\/de\/wp-json\/wp\/v2\/comments?post=2668"}],"version-history":[{"count":2,"href":"https:\/\/shop.kluschowsky.com\/de\/wp-json\/wp\/v2\/product\/2668\/revisions"}],"predecessor-version":[{"id":6515,"href":"https:\/\/shop.kluschowsky.com\/de\/wp-json\/wp\/v2\/product\/2668\/revisions\/6515"}],"wp:featuredmedia":[{"embeddable":true,"href":"https:\/\/shop.kluschowsky.com\/de\/wp-json\/wp\/v2\/media\/5140"}],"wp:attachment":[{"href":"https:\/\/shop.kluschowsky.com\/de\/wp-json\/wp\/v2\/media?parent=2668"}],"wp:term":[{"taxonomy":"brand","embeddable":true,"href":"https:\/\/shop.kluschowsky.com\/de\/wp-json\/wp\/v2\/etheme_brands?post=2668"},{"taxonomy":"product_brand","embeddable":true,"href":"https:\/\/shop.kluschowsky.com\/de\/wp-json\/wp\/v2\/product_brand?post=2668"},{"taxonomy":"product_cat","embeddable":true,"href":"https:\/\/shop.kluschowsky.com\/de\/wp-json\/wp\/v2\/product_cat?post=2668"},{"taxonomy":"product_tag","embeddable":true,"href":"https:\/\/shop.kluschowsky.com\/de\/wp-json\/wp\/v2\/product_tag?post=2668"}],"curies":[{"name":"wp","href":"https:\/\/api.w.org\/{rel}","templated":true}]}}