{"id":2704,"date":"2024-06-09T01:45:50","date_gmt":"2024-06-09T00:45:50","guid":{"rendered":"https:\/\/shop.kluschowsky.com\/?post_type=product&#038;p=2704"},"modified":"2026-04-30T10:37:29","modified_gmt":"2026-04-30T09:37:29","slug":"pearl-breeze-flower-studs","status":"publish","type":"product","link":"https:\/\/shop.kluschowsky.com\/de\/produkt\/pearl-breeze-flower-studs\/","title":{"rendered":"Pearl Breeze Flower Studs"},"content":{"rendered":"<p>Die Pearl Breeze Flower Ohrstecker sind ein sch\u00f6nes Symbol f\u00fcr die Eleganz und Leichtigkeit der Natur. Diese zarten blumenf\u00f6rmigen Ohrstecker haben einen perlen\u00e4hnlichen Edelstein in der Mitte, der von einer luxuri\u00f6sen 18-kar\u00e4tigen Vergoldung \u00fcber hochwertigem Edelstahl umgeben ist. Ihr anmutiges Design und ihr Funkeln verleihen jedem Look einen Hauch von raffinierter und doch m\u00fcheloser Sch\u00f6nheit.<\/p>\n<p>Die Pearl Breeze Flower Studs verk\u00f6rpern Sanftheit und St\u00e4rke zugleich - ein Schmuckst\u00fcck, das im Alltag ebenso besticht wie bei besonderen Anl\u00e4ssen. Ihr minimalistisches Design macht sie zu einem charmanten Accessoire, das Ihrem Stil eine klare und raffinierte Ausstrahlung verleiht.<\/p>\n<p>Die Pearl Breeze Flower Studs sind mehr als nur ein Accessoire - sie sind ein Ausdruck von Eleganz, Klarheit und der Sch\u00f6nheit der Natur und verleihen Ihrem Stil eine besondere Leichtigkeit.<\/p>","protected":false},"excerpt":{"rendered":"<table>\n<tbody>\n<tr>\n<td>Material<\/td>\n<td>Stainless steel<\/td>\n<\/tr>\n<tr>\n<td>Farbe<\/td>\n<td>Luxurious 18k gold plating<\/td>\n<\/tr>\n<\/tbody>\n<\/table>\n<p>&nbsp;<\/p>","protected":false},"featured_media":5116,"comment_status":"open","ping_status":"closed","template":"","meta":[],"etheme_brands":[{"term_id":105,"name":"Kluschowsky Fashion","slug":"fashion","term_group":0,"term_taxonomy_id":105,"taxonomy":"brand","description":"","parent":0,"count":28,"filter":"raw","order":"0"}],"product_brand":[],"product_cat":[21,74],"product_tag":[196,197],"class_list":{"0":"post-2704","1":"product","2":"type-product","3":"status-publish","4":"has-post-thumbnail","6":"brand-fashion","7":"product_cat-earrings","8":"product_cat-new-products","9":"product_tag-kickoff","10":"product_tag-spring","12":"first","13":"instock","14":"sale","15":"taxable","16":"shipping-taxable","17":"purchasable","18":"product-type-simple"},"_links":{"self":[{"href":"https:\/\/shop.kluschowsky.com\/de\/wp-json\/wp\/v2\/product\/2704","targetHints":{"allow":["GET"]}}],"collection":[{"href":"https:\/\/shop.kluschowsky.com\/de\/wp-json\/wp\/v2\/product"}],"about":[{"href":"https:\/\/shop.kluschowsky.com\/de\/wp-json\/wp\/v2\/types\/product"}],"replies":[{"embeddable":true,"href":"https:\/\/shop.kluschowsky.com\/de\/wp-json\/wp\/v2\/comments?post=2704"}],"version-history":[{"count":2,"href":"https:\/\/shop.kluschowsky.com\/de\/wp-json\/wp\/v2\/product\/2704\/revisions"}],"predecessor-version":[{"id":6508,"href":"https:\/\/shop.kluschowsky.com\/de\/wp-json\/wp\/v2\/product\/2704\/revisions\/6508"}],"wp:featuredmedia":[{"embeddable":true,"href":"https:\/\/shop.kluschowsky.com\/de\/wp-json\/wp\/v2\/media\/5116"}],"wp:attachment":[{"href":"https:\/\/shop.kluschowsky.com\/de\/wp-json\/wp\/v2\/media?parent=2704"}],"wp:term":[{"taxonomy":"brand","embeddable":true,"href":"https:\/\/shop.kluschowsky.com\/de\/wp-json\/wp\/v2\/etheme_brands?post=2704"},{"taxonomy":"product_brand","embeddable":true,"href":"https:\/\/shop.kluschowsky.com\/de\/wp-json\/wp\/v2\/product_brand?post=2704"},{"taxonomy":"product_cat","embeddable":true,"href":"https:\/\/shop.kluschowsky.com\/de\/wp-json\/wp\/v2\/product_cat?post=2704"},{"taxonomy":"product_tag","embeddable":true,"href":"https:\/\/shop.kluschowsky.com\/de\/wp-json\/wp\/v2\/product_tag?post=2704"}],"curies":[{"name":"wp","href":"https:\/\/api.w.org\/{rel}","templated":true}]}}