{"id":2714,"date":"2024-06-09T01:50:04","date_gmt":"2024-06-09T00:50:04","guid":{"rendered":"https:\/\/shop.kluschowsky.com\/?post_type=product&#038;p=2714"},"modified":"2026-05-06T13:44:28","modified_gmt":"2026-05-06T12:44:28","slug":"lunar-impact-hoops","status":"publish","type":"product","link":"https:\/\/shop.kluschowsky.com\/de\/produkt\/lunar-impact-hoops\/","title":{"rendered":"Lunar Impact Hoops"},"content":{"rendered":"<p>Die Lunar Impact Hoops bringen kosmisches Flair in deinen Look. Mit ihrer einzigartigen krater\u00e4hnlichen Struktur verleihen diese runden Creolen deinem Outfit einen modernen, strukturierten Touch. Erh\u00e4ltlich in Gold und Silber, sind sie das perfekte Accessoire f\u00fcr jeden Anlass.<\/p>\n<p>Dank des praktischen Ohrsteckerverschlusses sind diese Ohrringe angenehm zu tragen und erg\u00e4nzen sowohl allt\u00e4gliche als auch besondere Looks.<\/p>\n<p>F\u00fcge deiner Schmucksammlung mit den Lunar Impact Hoops ein St\u00fcck Himmel hinzu!<\/p>","protected":false},"excerpt":{"rendered":"<table>\n<tbody>\n<tr>\n<td>Material<\/td>\n<td>Stainless steel<\/td>\n<\/tr>\n<tr>\n<td>Farbe<\/td>\n<td>Gold\/Silver plated<\/td>\n<\/tr>\n<\/tbody>\n<\/table>\n<p>&nbsp;<\/p>","protected":false},"featured_media":5098,"comment_status":"open","ping_status":"closed","template":"","meta":[],"etheme_brands":[{"term_id":105,"name":"Kluschowsky Fashion","slug":"fashion","term_group":0,"term_taxonomy_id":105,"taxonomy":"brand","description":"","parent":0,"count":28,"filter":"raw","order":"0"}],"product_brand":[],"product_cat":[21],"product_tag":[196],"class_list":{"0":"post-2714","1":"product","2":"type-product","3":"status-publish","4":"has-post-thumbnail","6":"brand-fashion","7":"product_cat-earrings","8":"product_tag-kickoff","10":"first","11":"instock","12":"sale","13":"taxable","14":"shipping-taxable","15":"purchasable","16":"product-type-variable"},"_links":{"self":[{"href":"https:\/\/shop.kluschowsky.com\/de\/wp-json\/wp\/v2\/product\/2714","targetHints":{"allow":["GET"]}}],"collection":[{"href":"https:\/\/shop.kluschowsky.com\/de\/wp-json\/wp\/v2\/product"}],"about":[{"href":"https:\/\/shop.kluschowsky.com\/de\/wp-json\/wp\/v2\/types\/product"}],"replies":[{"embeddable":true,"href":"https:\/\/shop.kluschowsky.com\/de\/wp-json\/wp\/v2\/comments?post=2714"}],"version-history":[{"count":2,"href":"https:\/\/shop.kluschowsky.com\/de\/wp-json\/wp\/v2\/product\/2714\/revisions"}],"predecessor-version":[{"id":6505,"href":"https:\/\/shop.kluschowsky.com\/de\/wp-json\/wp\/v2\/product\/2714\/revisions\/6505"}],"wp:featuredmedia":[{"embeddable":true,"href":"https:\/\/shop.kluschowsky.com\/de\/wp-json\/wp\/v2\/media\/5098"}],"wp:attachment":[{"href":"https:\/\/shop.kluschowsky.com\/de\/wp-json\/wp\/v2\/media?parent=2714"}],"wp:term":[{"taxonomy":"brand","embeddable":true,"href":"https:\/\/shop.kluschowsky.com\/de\/wp-json\/wp\/v2\/etheme_brands?post=2714"},{"taxonomy":"product_brand","embeddable":true,"href":"https:\/\/shop.kluschowsky.com\/de\/wp-json\/wp\/v2\/product_brand?post=2714"},{"taxonomy":"product_cat","embeddable":true,"href":"https:\/\/shop.kluschowsky.com\/de\/wp-json\/wp\/v2\/product_cat?post=2714"},{"taxonomy":"product_tag","embeddable":true,"href":"https:\/\/shop.kluschowsky.com\/de\/wp-json\/wp\/v2\/product_tag?post=2714"}],"curies":[{"name":"wp","href":"https:\/\/api.w.org\/{rel}","templated":true}]}}