{"id":2765,"date":"2024-06-09T02:07:55","date_gmt":"2024-06-09T01:07:55","guid":{"rendered":"https:\/\/shop.kluschowsky.com\/?post_type=product&#038;p=2765"},"modified":"2026-04-30T10:36:20","modified_gmt":"2026-04-30T09:36:20","slug":"gleaming-gem-hoops","status":"publish","type":"product","link":"https:\/\/shop.kluschowsky.com\/de\/produkt\/gleaming-gem-hoops\/","title":{"rendered":"Gleaming Gem Hoops"},"content":{"rendered":"<p>Die Gleaming Gem Hoops sind die perfekte Mischung aus Spa\u00df und Glitzer! Diese s\u00fc\u00dfen Ohrringe sind aus robustem Edelstahl gefertigt und mit 18-kar\u00e4tigem Gold \u00fcberzogen, um zu gl\u00e4nzen. Jeder Ohrring ist mit einem bezaubernden Edelstein besetzt, der das Licht einf\u00e4ngt und deinem Look ein bisschen mehr Magie verleiht. Die goldene Fassung hebt den Stein hervor und verleiht diesen Ohrringen einen verspielten und auff\u00e4lligen Look.<\/p>\n<p>Egal, ob du dich f\u00fcr einen Abend herausputzt oder deinem Alltagsoutfit ein bisschen Glanz verleihen willst, die Gleaming Gem Hoops sind eine lustige und einfache M\u00f6glichkeit, deinen Stil zu verbessern.<\/p>\n<p>Bringe einen Hauch von Glitzer in deinen Tag mit den Gleaming Gem Hoops - die perfekte Mischung aus s\u00fc\u00df und schick!<\/p>","protected":false},"excerpt":{"rendered":"<table>\n<tbody>\n<tr>\n<td>Material<\/td>\n<td>Stainless steel<\/td>\n<\/tr>\n<tr>\n<td>Farbe<\/td>\n<td>Luxurious 18k gold plating<\/td>\n<\/tr>\n<\/tbody>\n<\/table>\n<p>&nbsp;<\/p>","protected":false},"featured_media":5061,"comment_status":"open","ping_status":"closed","template":"","meta":[],"etheme_brands":[{"term_id":105,"name":"Kluschowsky Fashion","slug":"fashion","term_group":0,"term_taxonomy_id":105,"taxonomy":"brand","description":"","parent":0,"count":28,"filter":"raw","order":"0"}],"product_brand":[],"product_cat":[21],"product_tag":[164,196],"class_list":{"0":"post-2765","1":"product","2":"type-product","3":"status-publish","4":"has-post-thumbnail","6":"brand-fashion","7":"product_cat-earrings","8":"product_tag-fashion-jewelry","9":"product_tag-kickoff","11":"first","12":"instock","13":"sale","14":"taxable","15":"shipping-taxable","16":"purchasable","17":"product-type-variable"},"_links":{"self":[{"href":"https:\/\/shop.kluschowsky.com\/de\/wp-json\/wp\/v2\/product\/2765","targetHints":{"allow":["GET"]}}],"collection":[{"href":"https:\/\/shop.kluschowsky.com\/de\/wp-json\/wp\/v2\/product"}],"about":[{"href":"https:\/\/shop.kluschowsky.com\/de\/wp-json\/wp\/v2\/types\/product"}],"replies":[{"embeddable":true,"href":"https:\/\/shop.kluschowsky.com\/de\/wp-json\/wp\/v2\/comments?post=2765"}],"version-history":[{"count":2,"href":"https:\/\/shop.kluschowsky.com\/de\/wp-json\/wp\/v2\/product\/2765\/revisions"}],"predecessor-version":[{"id":6496,"href":"https:\/\/shop.kluschowsky.com\/de\/wp-json\/wp\/v2\/product\/2765\/revisions\/6496"}],"wp:featuredmedia":[{"embeddable":true,"href":"https:\/\/shop.kluschowsky.com\/de\/wp-json\/wp\/v2\/media\/5061"}],"wp:attachment":[{"href":"https:\/\/shop.kluschowsky.com\/de\/wp-json\/wp\/v2\/media?parent=2765"}],"wp:term":[{"taxonomy":"brand","embeddable":true,"href":"https:\/\/shop.kluschowsky.com\/de\/wp-json\/wp\/v2\/etheme_brands?post=2765"},{"taxonomy":"product_brand","embeddable":true,"href":"https:\/\/shop.kluschowsky.com\/de\/wp-json\/wp\/v2\/product_brand?post=2765"},{"taxonomy":"product_cat","embeddable":true,"href":"https:\/\/shop.kluschowsky.com\/de\/wp-json\/wp\/v2\/product_cat?post=2765"},{"taxonomy":"product_tag","embeddable":true,"href":"https:\/\/shop.kluschowsky.com\/de\/wp-json\/wp\/v2\/product_tag?post=2765"}],"curies":[{"name":"wp","href":"https:\/\/api.w.org\/{rel}","templated":true}]}}