{"id":3371,"date":"2024-07-04T16:39:59","date_gmt":"2024-07-04T15:39:59","guid":{"rendered":"https:\/\/shop.kluschowsky.com\/?post_type=product&#038;p=3371"},"modified":"2025-12-05T09:05:00","modified_gmt":"2025-12-05T08:05:00","slug":"luxe-duo-bracelet","status":"publish","type":"product","link":"https:\/\/shop.kluschowsky.com\/de\/produkt\/luxe-duo-bracelet\/","title":{"rendered":"Luxe Duo Bracelet"},"content":{"rendered":"<p>Das Luxe Duo-Armband strahlt mit seinem raffinierten Design und den luxuri\u00f6sen Materialien zeitlose Eleganz aus. Das aus robustem Edelstahl gefertigte und mit reichhaltigem 18-kar\u00e4tigem Gold \u00fcberzogene Armband bietet eine einzigartige Kombination aus einem kr\u00e4ftigen, dicken Band und einem zarten, schmalen Band, das mit einem kleinen, funkelnden Stein verziert ist. Der Kontrast zwischen den beiden B\u00e4ndern schafft ein perfektes Gleichgewicht zwischen St\u00e4rke und Raffinesse und macht dieses St\u00fcck zu einem Statement des modernen Luxus. Ob allein getragen oder mit anderen Armb\u00e4ndern kombiniert, das <em>Luxe Duo Bracelet<\/em> wertet jedes Outfit m\u00fchelos auf und verleiht ihm einen Hauch von Raffinesse und Anmut.<\/p>\n<p>Verleihen Sie Ihrem Alltagsstil einen Hauch von Luxus mit dem Luxe Duo Armband - eine perfekte Mischung aus St\u00e4rke, Eleganz und Raffinesse.<\/p>","protected":false},"excerpt":{"rendered":"<table>\n<tbody>\n<tr>\n<td>Material<\/td>\n<td>Stainless steel<\/td>\n<\/tr>\n<tr>\n<td>Farbe<\/td>\n<td>Luxurious 18k gold plating<\/td>\n<\/tr>\n<\/tbody>\n<\/table>\n<p>&nbsp;<\/p>","protected":false},"featured_media":5102,"comment_status":"open","ping_status":"closed","template":"","meta":[],"etheme_brands":[{"term_id":105,"name":"Kluschowsky Fashion","slug":"fashion","term_group":0,"term_taxonomy_id":105,"taxonomy":"brand","description":"","parent":0,"count":28,"filter":"raw","order":"0"}],"product_brand":[],"product_cat":[163],"product_tag":[196],"class_list":{"0":"post-3371","1":"product","2":"type-product","3":"status-publish","4":"has-post-thumbnail","6":"brand-fashion","7":"product_cat-bracelets","8":"product_tag-kickoff","10":"first","11":"instock","12":"sale","13":"featured","14":"taxable","15":"shipping-taxable","16":"purchasable","17":"product-type-simple"},"_links":{"self":[{"href":"https:\/\/shop.kluschowsky.com\/de\/wp-json\/wp\/v2\/product\/3371","targetHints":{"allow":["GET"]}}],"collection":[{"href":"https:\/\/shop.kluschowsky.com\/de\/wp-json\/wp\/v2\/product"}],"about":[{"href":"https:\/\/shop.kluschowsky.com\/de\/wp-json\/wp\/v2\/types\/product"}],"replies":[{"embeddable":true,"href":"https:\/\/shop.kluschowsky.com\/de\/wp-json\/wp\/v2\/comments?post=3371"}],"version-history":[{"count":3,"href":"https:\/\/shop.kluschowsky.com\/de\/wp-json\/wp\/v2\/product\/3371\/revisions"}],"predecessor-version":[{"id":6526,"href":"https:\/\/shop.kluschowsky.com\/de\/wp-json\/wp\/v2\/product\/3371\/revisions\/6526"}],"wp:featuredmedia":[{"embeddable":true,"href":"https:\/\/shop.kluschowsky.com\/de\/wp-json\/wp\/v2\/media\/5102"}],"wp:attachment":[{"href":"https:\/\/shop.kluschowsky.com\/de\/wp-json\/wp\/v2\/media?parent=3371"}],"wp:term":[{"taxonomy":"brand","embeddable":true,"href":"https:\/\/shop.kluschowsky.com\/de\/wp-json\/wp\/v2\/etheme_brands?post=3371"},{"taxonomy":"product_brand","embeddable":true,"href":"https:\/\/shop.kluschowsky.com\/de\/wp-json\/wp\/v2\/product_brand?post=3371"},{"taxonomy":"product_cat","embeddable":true,"href":"https:\/\/shop.kluschowsky.com\/de\/wp-json\/wp\/v2\/product_cat?post=3371"},{"taxonomy":"product_tag","embeddable":true,"href":"https:\/\/shop.kluschowsky.com\/de\/wp-json\/wp\/v2\/product_tag?post=3371"}],"curies":[{"name":"wp","href":"https:\/\/api.w.org\/{rel}","templated":true}]}}