{"id":4213,"date":"2025-01-31T17:00:13","date_gmt":"2025-01-31T16:00:13","guid":{"rendered":"https:\/\/shop.kluschowsky.com\/?post_type=product&#038;p=4213"},"modified":"2026-05-06T13:44:13","modified_gmt":"2026-05-06T12:44:13","slug":"celeste-twist-ring","status":"publish","type":"product","link":"https:\/\/shop.kluschowsky.com\/de\/produkt\/celeste-twist-ring\/","title":{"rendered":"Celeste Twist Ring"},"content":{"rendered":"<p>Der <em>Celeste Twist<\/em> Ring ist eine fesselnde Mischung aus Eleganz und Glanz. Dieser wundersch\u00f6ne Ring ist aus hochwertigem Edelstahl gefertigt und wahlweise vergoldet oder versilbert. Er zeigt ein wirbelndes, gedrehtes Design, das mit brillanten, glitzernden Steinen besetzt ist. Das verstellbare Band sorgt f\u00fcr einen perfekten, bequemen Sitz und macht ihn zu einem vielseitigen Schmuckst\u00fcck, das zu jedem Stil passt. Ob als k\u00fchnes Statement oder in Kombination mit anderen Ringen getragen, der <em>Celeste Twist<\/em> Ring ist eine atemberaubende Erg\u00e4nzung f\u00fcr jede Sammlung und verleiht jedem Look m\u00fchelos Glamour.<\/p>","protected":false},"excerpt":{"rendered":"<table>\n<tbody>\n<tr>\n<td>Material<\/td>\n<td>Stainless steel<\/td>\n<\/tr>\n<tr>\n<td>Farbe<\/td>\n<td>Gold\/Silver Plating<\/td>\n<\/tr>\n<tr>\n<td>Size<\/td>\n<td>Adjustable<\/td>\n<\/tr>\n<\/tbody>\n<\/table>\n<p>&nbsp;<\/p>","protected":false},"featured_media":5047,"comment_status":"open","ping_status":"closed","template":"","meta":[],"etheme_brands":[{"term_id":105,"name":"Kluschowsky Fashion","slug":"fashion","term_group":0,"term_taxonomy_id":105,"taxonomy":"brand","description":"","parent":0,"count":28,"filter":"raw","order":"0"}],"product_brand":[],"product_cat":[93],"product_tag":[196],"class_list":{"0":"post-4213","1":"product","2":"type-product","3":"status-publish","4":"has-post-thumbnail","6":"brand-fashion","7":"product_cat-rings","8":"product_tag-kickoff","10":"first","11":"instock","12":"sale","13":"taxable","14":"shipping-taxable","15":"purchasable","16":"product-type-variable"},"_links":{"self":[{"href":"https:\/\/shop.kluschowsky.com\/de\/wp-json\/wp\/v2\/product\/4213","targetHints":{"allow":["GET"]}}],"collection":[{"href":"https:\/\/shop.kluschowsky.com\/de\/wp-json\/wp\/v2\/product"}],"about":[{"href":"https:\/\/shop.kluschowsky.com\/de\/wp-json\/wp\/v2\/types\/product"}],"replies":[{"embeddable":true,"href":"https:\/\/shop.kluschowsky.com\/de\/wp-json\/wp\/v2\/comments?post=4213"}],"version-history":[{"count":2,"href":"https:\/\/shop.kluschowsky.com\/de\/wp-json\/wp\/v2\/product\/4213\/revisions"}],"predecessor-version":[{"id":6488,"href":"https:\/\/shop.kluschowsky.com\/de\/wp-json\/wp\/v2\/product\/4213\/revisions\/6488"}],"wp:featuredmedia":[{"embeddable":true,"href":"https:\/\/shop.kluschowsky.com\/de\/wp-json\/wp\/v2\/media\/5047"}],"wp:attachment":[{"href":"https:\/\/shop.kluschowsky.com\/de\/wp-json\/wp\/v2\/media?parent=4213"}],"wp:term":[{"taxonomy":"brand","embeddable":true,"href":"https:\/\/shop.kluschowsky.com\/de\/wp-json\/wp\/v2\/etheme_brands?post=4213"},{"taxonomy":"product_brand","embeddable":true,"href":"https:\/\/shop.kluschowsky.com\/de\/wp-json\/wp\/v2\/product_brand?post=4213"},{"taxonomy":"product_cat","embeddable":true,"href":"https:\/\/shop.kluschowsky.com\/de\/wp-json\/wp\/v2\/product_cat?post=4213"},{"taxonomy":"product_tag","embeddable":true,"href":"https:\/\/shop.kluschowsky.com\/de\/wp-json\/wp\/v2\/product_tag?post=4213"}],"curies":[{"name":"wp","href":"https:\/\/api.w.org\/{rel}","templated":true}]}}