{"id":3765,"date":"2024-08-31T02:14:26","date_gmt":"2024-08-31T01:14:26","guid":{"rendered":"https:\/\/shop.kluschowsky.com\/?page_id=3765"},"modified":"2025-09-29T12:41:04","modified_gmt":"2025-09-29T11:41:04","slug":"help-center","status":"publish","type":"page","link":"https:\/\/shop.kluschowsky.com\/hu\/help-center\/","title":{"rendered":"S\u00fag\u00f3k\u00f6zpont"},"content":{"rendered":"<div data-elementor-type=\"wp-page\" data-elementor-id=\"3765\" class=\"elementor elementor-3765\" data-elementor-post-type=\"page\">\n\t\t\t\t<div class=\"elementor-element elementor-element-fcd2150 e-con-full e-flex e-con e-parent\" data-id=\"fcd2150\" data-element_type=\"container\">\n\t\t\t\t<div class=\"elementor-element elementor-element-ecd75a2 elementor-widget elementor-widget-betterdocs-search-form\" data-id=\"ecd75a2\" data-element_type=\"widget\" data-widget_type=\"betterdocs-search-form.default\">\n\t\t\t\t\t<div class=\"betterdocs-search-form-widget-wrapper\"><div class=\"betterdocs-search-modal-layout-1\" id=\"betterdocs-search-modal\" data-placeholder=\"Search\" data-headingtag=\"h1\" data-subheadingtag=\"p\" data-buttontext=\"Search\" data-numberofdocs=\"5\" data-numberoffaqs=\"5\" data-enable_faq_search=\"1\" data-enable_docs_search=\"1\" data-searchbutton=\"1\"><\/div><\/div>\t\t\t\t<\/div>\n\t\t\t\t<\/div>\n\t\t<div class=\"elementor-element elementor-element-a9c354e e-flex e-con-boxed e-con e-parent\" data-id=\"a9c354e\" data-element_type=\"container\">\n\t\t\t\t\t<div class=\"e-con-inner\">\n\t\t\t\t<div class=\"elementor-element elementor-element-4f6a796 elementor-widget elementor-widget-betterdocs-category-box\" data-id=\"4f6a796\" data-element_type=\"widget\" data-widget_type=\"betterdocs-category-box.default\">\n\t\t\t\t\t\n<div\n\tid=\"el-betterdocs-cat-box-4f6a796\" class=\"betterdocs-category-box-wrapper betterdocs-category-box-folder-wrapper el-layout-4 betterdocs-elementor\">\n\t<div\n\t\tclass=\"betterdocs-category-box-inner-wrapper betterdocs-categories-folder layout-4 docs-col-4\" style=\"--column: 4;--count: 7;--reminder: 3;\">\n\t\t\n<a\n\thref=\"https:\/\/shop.kluschowsky.com\/hu\/help-center\/\/orders\/\" data-id=\"189\" class=\"category-box category-orders layout-4\">\n\t<div class=\"betterdocs-single-category-inner\">\n\t\t\n<div class=\"betterdocs-category-header\">\n\t<div class=\"betterdocs-category-header-inner\">\n\t\t\n<div class=\"betterdocs-category-icon\">\n\t<span class=\"betterdocs-folder-icon\"><img decoding=\"async\" alt=\"\" class=\"betterdocs-category-folder-img\" src=\"https:\/\/shop.kluschowsky.com\/wp-content\/uploads\/2024\/08\/Help_Orders-150x150.png\" \/><\/span><\/div>\n<div class=\"betterdocs-dynamic-wrapper betterdocs-category-title-counts\"><h2 class=\"betterdocs-category-title\">Megrendel\u00e9sek<\/h2>\n<div data-count=\"4\" class=\"betterdocs-sub-category-items-counts\">\n\t\t<span>\n\t\t 4 cases\t<\/span>\n<\/div>\n<p class=\"betterdocs-last-update\">\n\tLast Updated: j\u00fanius 23, 2025<\/p>\n\n<\/div>\t<\/div>\n<\/div>\n\t<\/div>\n<\/a>\n\n<a\n\thref=\"https:\/\/shop.kluschowsky.com\/hu\/help-center\/\/return-refund\/\" data-id=\"190\" class=\"category-box category-return-refund layout-4\">\n\t<div class=\"betterdocs-single-category-inner\">\n\t\t\n<div class=\"betterdocs-category-header\">\n\t<div class=\"betterdocs-category-header-inner\">\n\t\t\n<div class=\"betterdocs-category-icon\">\n\t<span class=\"betterdocs-folder-icon\"><img decoding=\"async\" alt=\"\" class=\"betterdocs-category-folder-img\" src=\"https:\/\/shop.kluschowsky.com\/wp-content\/uploads\/2024\/08\/Help_Returns-150x150.png\" \/><\/span><\/div>\n<div class=\"betterdocs-dynamic-wrapper betterdocs-category-title-counts\"><h2 class=\"betterdocs-category-title\">Visszat\u00e9r\u00edt\u00e9s \u00e9s visszat\u00e9r\u00edt\u00e9s<\/h2>\n<div data-count=\"3\" class=\"betterdocs-sub-category-items-counts\">\n\t\t<span>\n\t\t 3 cases\t<\/span>\n<\/div>\n<p class=\"betterdocs-last-update\">\n\tLast Updated: j\u00fanius 23, 2025<\/p>\n\n<\/div>\t<\/div>\n<\/div>\n\t<\/div>\n<\/a>\n\n<a\n\thref=\"https:\/\/shop.kluschowsky.com\/hu\/help-center\/\/vip-membership\/\" data-id=\"191\" class=\"category-box category-vip-membership layout-4\">\n\t<div class=\"betterdocs-single-category-inner\">\n\t\t\n<div class=\"betterdocs-category-header\">\n\t<div class=\"betterdocs-category-header-inner\">\n\t\t\n<div class=\"betterdocs-category-icon\">\n\t<span class=\"betterdocs-folder-icon\"><img decoding=\"async\" alt=\"\" class=\"betterdocs-category-folder-img\" src=\"https:\/\/shop.kluschowsky.com\/wp-content\/uploads\/2024\/08\/Help_VIPMembership-150x150.png\" \/><\/span><\/div>\n<div class=\"betterdocs-dynamic-wrapper betterdocs-category-title-counts\"><h2 class=\"betterdocs-category-title\">VIP tags\u00e1g<\/h2>\n<div data-count=\"4\" class=\"betterdocs-sub-category-items-counts\">\n\t\t<span>\n\t\t 4 cases\t<\/span>\n<\/div>\n<p class=\"betterdocs-last-update\">\n\tLast Updated: j\u00fanius 23, 2025<\/p>\n\n<\/div>\t<\/div>\n<\/div>\n\t<\/div>\n<\/a>\n\n<a\n\thref=\"https:\/\/shop.kluschowsky.com\/hu\/help-center\/\/shipping-delivery\/\" data-id=\"192\" class=\"category-box category-shipping-delivery layout-4 no-border-right\">\n\t<div class=\"betterdocs-single-category-inner\">\n\t\t\n<div class=\"betterdocs-category-header\">\n\t<div class=\"betterdocs-category-header-inner\">\n\t\t\n<div class=\"betterdocs-category-icon\">\n\t<span class=\"betterdocs-folder-icon\"><img decoding=\"async\" alt=\"\" class=\"betterdocs-category-folder-img\" src=\"https:\/\/shop.kluschowsky.com\/wp-content\/uploads\/2024\/08\/Help_Shipping-150x150.png\" \/><\/span><\/div>\n<div class=\"betterdocs-dynamic-wrapper betterdocs-category-title-counts\"><h2 class=\"betterdocs-category-title\">Sz\u00e1ll\u00edt\u00e1s \u00e9s k\u00e9zbes\u00edt\u00e9s<\/h2>\n<div data-count=\"2\" class=\"betterdocs-sub-category-items-counts\">\n\t\t<span>\n\t\t 2 cases\t<\/span>\n<\/div>\n<p class=\"betterdocs-last-update\">\n\tLast Updated: j\u00fanius 17, 2025<\/p>\n\n<\/div>\t<\/div>\n<\/div>\n\t<\/div>\n<\/a>\n\n<a\n\thref=\"https:\/\/shop.kluschowsky.com\/hu\/help-center\/\/payments-gift-cards-coupons\/\" data-id=\"193\" class=\"category-box category-payments-gift-cards-coupons layout-4 no-border-bottom\">\n\t<div class=\"betterdocs-single-category-inner\">\n\t\t\n<div class=\"betterdocs-category-header\">\n\t<div class=\"betterdocs-category-header-inner\">\n\t\t\n<div class=\"betterdocs-category-icon\">\n\t<span class=\"betterdocs-folder-icon\"><img decoding=\"async\" alt=\"\" class=\"betterdocs-category-folder-img\" src=\"https:\/\/shop.kluschowsky.com\/wp-content\/uploads\/2024\/08\/Help_PaymentDiscounts-150x150.png\" \/><\/span><\/div>\n<div class=\"betterdocs-dynamic-wrapper betterdocs-category-title-counts\"><h2 class=\"betterdocs-category-title\">Fizet\u00e9sek, aj\u00e1nd\u00e9kk\u00e1rty\u00e1k, kuponok<\/h2>\n<div data-count=\"2\" class=\"betterdocs-sub-category-items-counts\">\n\t\t<span>\n\t\t 2 cases\t<\/span>\n<\/div>\n<p class=\"betterdocs-last-update\">\n\tLast Updated: j\u00fanius 23, 2025<\/p>\n\n<\/div>\t<\/div>\n<\/div>\n\t<\/div>\n<\/a>\n\n<a\n\thref=\"https:\/\/shop.kluschowsky.com\/hu\/help-center\/\/general-information\/\" data-id=\"188\" class=\"category-box category-general-information layout-4 no-border-bottom\">\n\t<div class=\"betterdocs-single-category-inner\">\n\t\t\n<div class=\"betterdocs-category-header\">\n\t<div class=\"betterdocs-category-header-inner\">\n\t\t\n<div class=\"betterdocs-category-icon\">\n\t<span class=\"betterdocs-folder-icon\"><img decoding=\"async\" alt=\"\" class=\"betterdocs-category-folder-img\" src=\"https:\/\/shop.kluschowsky.com\/wp-content\/uploads\/2024\/08\/Help_GeneralInformation-150x150.png\" \/><\/span><\/div>\n<div class=\"betterdocs-dynamic-wrapper betterdocs-category-title-counts\"><h2 class=\"betterdocs-category-title\">\u00c1ltal\u00e1nos inform\u00e1ci\u00f3k<\/h2>\n<div data-count=\"2\" class=\"betterdocs-sub-category-items-counts\">\n\t\t<span>\n\t\t 2 cases\t<\/span>\n<\/div>\n<p class=\"betterdocs-last-update\">\n\tLast Updated: j\u00fanius 17, 2025<\/p>\n\n<\/div>\t<\/div>\n<\/div>\n\t<\/div>\n<\/a>\n\n<a\n\thref=\"https:\/\/shop.kluschowsky.com\/hu\/help-center\/\/influencer-program\/\" data-id=\"252\" class=\"category-box category-influencer-program layout-4 no-border-bottom\">\n\t<div class=\"betterdocs-single-category-inner\">\n\t\t\n<div class=\"betterdocs-category-header\">\n\t<div class=\"betterdocs-category-header-inner\">\n\t\t\n<div class=\"betterdocs-category-icon\">\n\t<span class=\"betterdocs-folder-icon\"><img decoding=\"async\" alt=\"\" class=\"betterdocs-category-folder-img\" src=\"https:\/\/shop.kluschowsky.com\/wp-content\/uploads\/2025\/06\/Help_Center_Influencer_Program.svg\" \/><\/span><\/div>\n<div class=\"betterdocs-dynamic-wrapper betterdocs-category-title-counts\"><h2 class=\"betterdocs-category-title\">Befoly\u00e1sol\u00f3 program<\/h2>\n<div data-count=\"1\" class=\"betterdocs-sub-category-items-counts\">\n\t\t<span>\n\t\t 1 case\t<\/span>\n<\/div>\n<p class=\"betterdocs-last-update\">\n\tLast Updated: j\u00fanius 23, 2025<\/p>\n\n<\/div>\t<\/div>\n<\/div>\n\t<\/div>\n<\/a>\n\t<\/div>\n\t\t<div class=\"clearfix\"><\/div>\n\t<\/div>\n\t\t\t\t<\/div>\n\t\t\t\t\t<\/div>\n\t\t\t\t<\/div>\n\t\t<div class=\"elementor-element elementor-element-9ebecf8 e-flex e-con-boxed e-con e-parent\" data-id=\"9ebecf8\" data-element_type=\"container\">\n\t\t\t\t\t<div class=\"e-con-inner\">\n\t\t\t\t<div class=\"elementor-element elementor-element-76a6c7c elementor-widget elementor-widget-heading\" data-id=\"76a6c7c\" data-element_type=\"widget\" data-widget_type=\"heading.default\">\n\t\t\t\t\t<h2 class=\"elementor-heading-title elementor-size-default\">Nem tal\u00e1lja a v\u00e1laszt?<\/h2>\t\t\t\t<\/div>\n\t\t\t\t<div class=\"elementor-element elementor-element-2a76322 elementor-button-warning elementor-align-center elementor-widget elementor-widget-button\" data-id=\"2a76322\" data-element_type=\"widget\" data-widget_type=\"button.default\">\n\t\t\t\t\t\t\t\t\t\t<a class=\"elementor-button elementor-button-link elementor-size-sm\" href=\"\/hu\/contact-us\/\">\n\t\t\t\t\t\t<span class=\"elementor-button-content-wrapper\">\n\t\t\t\t\t\t\t\t\t<span class=\"elementor-button-text\">Kapcsolatfelv\u00e9tel<\/span>\n\t\t\t\t\t<\/span>\n\t\t\t\t\t<\/a>\n\t\t\t\t\t\t\t\t<\/div>\n\t\t\t\t\t<\/div>\n\t\t\t\t<\/div>\n\t\t\t\t<\/div>","protected":false},"excerpt":{"rendered":"<p>Orders 4 cases Last Updated: June 23, 2025 Return &amp; Refund 3 cases Last Updated: June 23, 2025 VIP Membership 4 cases Last Updated: June&#8230;<\/p>","protected":false},"author":1,"featured_media":0,"parent":0,"menu_order":0,"comment_status":"closed","ping_status":"closed","template":"","meta":{"footnotes":""},"class_list":["post-3765","page","type-page","status-publish","hentry"],"_links":{"self":[{"href":"https:\/\/shop.kluschowsky.com\/hu\/wp-json\/wp\/v2\/pages\/3765","targetHints":{"allow":["GET"]}}],"collection":[{"href":"https:\/\/shop.kluschowsky.com\/hu\/wp-json\/wp\/v2\/pages"}],"about":[{"href":"https:\/\/shop.kluschowsky.com\/hu\/wp-json\/wp\/v2\/types\/page"}],"author":[{"embeddable":true,"href":"https:\/\/shop.kluschowsky.com\/hu\/wp-json\/wp\/v2\/users\/1"}],"replies":[{"embeddable":true,"href":"https:\/\/shop.kluschowsky.com\/hu\/wp-json\/wp\/v2\/comments?post=3765"}],"version-history":[{"count":3,"href":"https:\/\/shop.kluschowsky.com\/hu\/wp-json\/wp\/v2\/pages\/3765\/revisions"}],"predecessor-version":[{"id":6623,"href":"https:\/\/shop.kluschowsky.com\/hu\/wp-json\/wp\/v2\/pages\/3765\/revisions\/6623"}],"wp:attachment":[{"href":"https:\/\/shop.kluschowsky.com\/hu\/wp-json\/wp\/v2\/media?parent=3765"}],"curies":[{"name":"wp","href":"https:\/\/api.w.org\/{rel}","templated":true}]}}