{"id":4979,"date":"2025-03-05T23:29:38","date_gmt":"2025-03-05T22:29:38","guid":{"rendered":"https:\/\/shop.kluschowsky.com\/privacy-statement-eu\/"},"modified":"2025-09-05T11:58:42","modified_gmt":"2025-09-05T10:58:42","slug":"privacy-policy","status":"publish","type":"page","link":"https:\/\/shop.kluschowsky.com\/hu\/privacy-policy\/","title":{"rendered":"Adatv\u00e9delmi ir\u00e1nyelvek"},"content":{"rendered":"<div data-elementor-type=\"wp-page\" data-elementor-id=\"4979\" class=\"elementor elementor-4979\" data-elementor-post-type=\"page\">\n\t\t\t\t<div class=\"elementor-element elementor-element-19162a9a e-flex e-con-boxed e-con e-parent\" data-id=\"19162a9a\" data-element_type=\"container\">\n\t\t\t\t\t<div class=\"e-con-inner\">\n\t\t\t\t<div class=\"elementor-element elementor-element-fc748c4 elementor-widget elementor-widget-text-editor\" data-id=\"fc748c4\" data-element_type=\"widget\" data-widget_type=\"text-editor.default\">\n\t\t\t\t\t\t\t\t\t<h1>Adatv\u00e9delmi ir\u00e1nyelvek<\/h1>\n\n<!-- Legal document generated by Complianz | GDPR\/CCPA Cookie Consent https:\/\/wordpress.org\/plugins\/complianz-gdpr -->\n<div id=\"cmplz-document\" class=\"cmplz-document privacy-statement cmplz-document-eu\"><p><i>This privacy statement was last updated on szeptember 21, 2025 and applies to citizens and legal permanent residents of the European Economic Area and Switzerland.<\/i><br \/><br \/><\/p><p><p>Ebben az adatv\u00e9delmi nyilatkozatban elmagyar\u00e1zzuk, hogy mit tesz\u00fcnk azokkal az adatokkal, amelyeket a k\u00f6vetkez\u0151k r\u00e9v\u00e9n kapunk \u00d6nr\u0151l. <a href=\"https:\/\/shop.kluschowsky.com\/hu\">https:\/\/shop.kluschowsky.com\/hu<\/a>. Javasoljuk, hogy figyelmesen olvassa el ezt a nyilatkozatot. A feldolgoz\u00e1s sor\u00e1n betartjuk az adatv\u00e9delmi jogszab\u00e1lyok k\u00f6vetelm\u00e9nyeit. Ez t\u00f6bbek k\u00f6z\u00f6tt azt jelenti, hogy:<\/p><ul>\n                <li>vil\u00e1gosan megnevezz\u00fck, hogy milyen c\u00e9lb\u00f3l kezelj\u00fck a szem\u00e9lyes adatokat. Ezt a jelen adatv\u00e9delmi nyilatkozat seg\u00edts\u00e9g\u00e9vel tessz\u00fck;<\/li>\n                <li>t\u00f6reksz\u00fcnk arra, hogy a szem\u00e9lyes adatok gy\u0171jt\u00e9s\u00e9t csak a t\u00f6rv\u00e9nyes c\u00e9lokhoz sz\u00fcks\u00e9ges szem\u00e9lyes adatokra korl\u00e1tozzuk;<\/li>\n                <li>a hozz\u00e1j\u00e1rul\u00e1s\u00e1t ig\u00e9nyl\u0151 esetekben el\u0151sz\u00f6r az \u00d6n kifejezett hozz\u00e1j\u00e1rul\u00e1s\u00e1t k\u00e9rj\u00fck szem\u00e9lyes adatainak feldolgoz\u00e1s\u00e1hoz;<\/li>\n                <li>megfelel\u0151 biztons\u00e1gi int\u00e9zked\u00e9seket tesz\u00fcnk az \u00d6n szem\u00e9lyes adatainak v\u00e9delme \u00e9rdek\u00e9ben, \u00e9s ezt megk\u00f6vetelj\u00fck a szem\u00e9lyes adatokat a nev\u00fcnkben feldolgoz\u00f3 felekt\u0151l is;<\/li>\n                <li>tiszteletben tartjuk a szem\u00e9lyes adataihoz val\u00f3 hozz\u00e1f\u00e9r\u00e9shez, illetve k\u00e9r\u00e9s\u00e9re azok helyesb\u00edt\u00e9s\u00e9hez vagy t\u00f6rl\u00e9s\u00e9hez val\u00f3 jog\u00e1t.<\/li>\n            <\/ul><p>Ha b\u00e1rmilyen k\u00e9rd\u00e9se van, vagy szeretn\u00e9 tudni, hogy pontosan milyen adatokat t\u00e1rolunk \u00d6nr\u0151l, k\u00e9rj\u00fck, l\u00e9pjen kapcsolatba vel\u00fcnk.<\/p><\/p><h2>1. Purpose, data and retention period<\/h2>We may collect or receive personal information for a number of purposes connected with our business operations which may include the following: (click to expand)<details class=\"cmplz-dropdown dropdown-privacy-statement\"><summary><div><h3>1.1 Contact &#8211; Through phone, mail, email and\/or webforms<\/h3><\/div><\/summary><p class=\"cmplz-subtitle\">For this purpose we use the following data:<\/p><p><ul><li>A first and last name<\/li><li>Account name or alias<\/li><li>A home or other physical address, including street name and name of a city or town<\/li><li>An email address<\/li><li>A telephone number<\/li><li>IP Address<\/li><li>Geolocation data<\/li><\/ul><\/p><p class=\"cmplz-subtitle\">The basis on which we may process these data is:<\/p><p><a target=\"_blank\" rel=\"noopener noreferrer nofollow\" href=\"https:\/\/cookiedatabase.org\/legal-bases\/#consent\">Upon the provision of consent.<\/a><\/p><p class=\"cmplz-subtitle\">Retention period<\/p><p>We retain this data upon termination of the service for the following number of months: 3<\/p><\/details><details class=\"cmplz-dropdown dropdown-privacy-statement\"><summary><div><h3>1.2 Payments<\/h3><\/div><\/summary><p class=\"cmplz-subtitle\">For this purpose we use the following data:<\/p><p><ul><li>A first and last name<\/li><li>A home or other physical address, including street name and name of a city or town<\/li><li>An email address<\/li><li>A telephone number<\/li><\/ul><\/p><p class=\"cmplz-subtitle\">The basis on which we may process these data is:<\/p><p><a target=\"_blank\" rel=\"noopener noreferrer nofollow\" href=\"https:\/\/cookiedatabase.org\/legal-bases\/#consent\">Upon the provision of consent.<\/a><\/p><p class=\"cmplz-subtitle\">Retention period<\/p><p>We determine the retention period according to fixed objective criteria: After purchase we retain the customer data appearing on the invoice for 5 years, required by law.<\/p><\/details><details class=\"cmplz-dropdown dropdown-privacy-statement\"><summary><div><h3>1.3 Registering an account<\/h3><\/div><\/summary><p class=\"cmplz-subtitle\">For this purpose we use the following data:<\/p><p><ul><li>A first and last name<\/li><li>Account name or alias<\/li><li>A home or other physical address, including street name and name of a city or town<\/li><li>An email address<\/li><li>A telephone number<\/li><li>IP Address<\/li><li>Geolocation data<\/li><\/ul><\/p><p class=\"cmplz-subtitle\">The basis on which we may process these data is:<\/p><p><a target=\"_blank\" rel=\"noopener noreferrer nofollow\" href=\"https:\/\/cookiedatabase.org\/legal-bases\/#consent\">Upon the provision of consent.<\/a><\/p><p class=\"cmplz-subtitle\">Retention period<\/p><p>We determine the retention period according to fixed objective criteria: Until the user deletes the registered account.<\/p><\/details><details class=\"cmplz-dropdown dropdown-privacy-statement\"><summary><div><h3>1.4 Newsletters<\/h3><\/div><\/summary><p class=\"cmplz-subtitle\">For this purpose we use the following data:<\/p><p><ul><li>A first and last name<\/li><li>An email address<\/li><\/ul><\/p><p class=\"cmplz-subtitle\">The basis on which we may process these data is:<\/p><p><a target=\"_blank\" rel=\"noopener noreferrer nofollow\" href=\"https:\/\/cookiedatabase.org\/legal-bases\/#consent\">Upon the provision of consent.<\/a><\/p><p class=\"cmplz-subtitle\">Retention period<\/p><p>We determine the retention period according to fixed objective criteria: Until unsubscribing from the newsletter.<\/p><\/details><details class=\"cmplz-dropdown dropdown-privacy-statement\"><summary><div><h3>1.5 To support services or products that a customer wants to buy or has purchased<\/h3><\/div><\/summary><p class=\"cmplz-subtitle\">For this purpose we use the following data:<\/p><p><ul><li>A telephone number<\/li><li>An email address<\/li><\/ul><\/p><p class=\"cmplz-subtitle\">The basis on which we may process these data is:<\/p><p><a target=\"_blank\" rel=\"noopener noreferrer nofollow\" href=\"https:\/\/cookiedatabase.org\/legal-bases\/#consent\">Upon the provision of consent.<\/a><\/p><p class=\"cmplz-subtitle\">Retention period<\/p><p>We retain this data upon termination of the service for the following number of months: 3<\/p><\/details><details class=\"cmplz-dropdown dropdown-privacy-statement\"><summary><div><h3>1.6 Compiling and analyzing statistics for website improvement.<\/h3><\/div><\/summary><p class=\"cmplz-subtitle\">For this purpose we use the following data:<\/p><p><ul><li>IP Address<\/li><li>Geolocation data<\/li><\/ul><\/p><p class=\"cmplz-subtitle\">The basis on which we may process these data is:<\/p><p><a target=\"_blank\" rel=\"noopener noreferrer nofollow\" href=\"https:\/\/cookiedatabase.org\/legal-bases\/#consent\">Upon the provision of consent.<\/a><\/p><p class=\"cmplz-subtitle\">Retention period<\/p><p>We retain this data upon termination of the service for the following number of months: 3<\/p><\/details><details class=\"cmplz-dropdown dropdown-privacy-statement\"><summary><div><h3>1.7 Deliveries<\/h3><\/div><\/summary><p class=\"cmplz-subtitle\">For this purpose we use the following data:<\/p><p><ul><li>A first and last name<\/li><li>A home or other physical address, including street name and name of a city or town<\/li><li>An email address<\/li><li>A telephone number<\/li><\/ul><\/p><p class=\"cmplz-subtitle\">The basis on which we may process these data is:<\/p><p><a target=\"_blank\" rel=\"noopener noreferrer nofollow\" href=\"https:\/\/cookiedatabase.org\/legal-bases\/#consent\">Upon the provision of consent.<\/a><\/p><p class=\"cmplz-subtitle\">Retention period<\/p><p>We retain this data upon termination of the service for the following number of months: 3<\/p><\/details><h2>2. Sharing with other parties<\/h2><p>Ezeket az adatokat csak a k\u00f6vetkez\u0151 c\u00e9lokb\u00f3l osztjuk meg vagy adjuk \u00e1t az adatfeldolgoz\u00f3knak:<\/p><p class=\"cmplz-subtitle\">Processzorok<\/p><p><b>N\u00e9v:<\/b>&nbsp;Sz\u00e1ll\u00edt\u00e1si szolg\u00e1ltat\u00f3<br \/>\n            <b>Orsz\u00e1g:<\/b>&nbsp;EU<br \/>\n            <b>C\u00e9l:<\/b>&nbsp;A term\u00e9kek sz\u00e1ll\u00edt\u00e1sa az \u00fcgyf\u00e9lnek<br \/>\n            <\/p><h2>3. Cookies<\/h2><p>Weboldalunk s\u00fctiket haszn\u00e1l. A s\u00fctikr\u0151l tov\u00e1bbi inform\u00e1ci\u00f3kat a k\u00f6vetkez\u0151 weboldalunkon tal\u00e1lhat <a href=\"https:\/\/shop.kluschowsky.com\/hu\/cookie-policy\/\">Cookie szab\u00e1lyzat<\/a>.&nbsp;<\/p><h2>4. Disclosure practices<\/h2><p><p>Szem\u00e9lyes adatokat akkor adunk ki, ha t\u00f6rv\u00e9ny vagy b\u00edr\u00f3s\u00e1gi v\u00e9gz\u00e9s alapj\u00e1n, b\u0171n\u00fcld\u00f6z\u0151 szervnek v\u00e1laszolva, a t\u00f6rv\u00e9ny egy\u00e9b rendelkez\u00e9sei \u00e1ltal megengedett m\u00e9rt\u00e9kben, t\u00e1j\u00e9koztat\u00e1s ny\u00fajt\u00e1s\u00e1ra vagy k\u00f6zbiztons\u00e1ggal kapcsolatos \u00fcgy kivizsg\u00e1l\u00e1s\u00e1ra k\u00f6teleznek benn\u00fcnket.<\/p><p>Ha weboldalunkat vagy szervezet\u00fcnket \u00e1tveszik, eladj\u00e1k, vagy f\u00fazi\u00f3ban vagy felv\u00e1s\u00e1rl\u00e1sban vesznek r\u00e9szt, az \u00d6n adatait k\u00f6z\u00f6lhetj\u00fck tan\u00e1csad\u00f3inkkal \u00e9s a leend\u0151 v\u00e1s\u00e1rl\u00f3kkal, \u00e9s tov\u00e1bb\u00edtjuk az \u00faj tulajdonosoknak.<\/p><\/p><h2>5. Security<\/h2><p>Elk\u00f6telezettek vagyunk a szem\u00e9lyes adatok biztons\u00e1ga ir\u00e1nt. Megfelel\u0151 biztons\u00e1gi int\u00e9zked\u00e9seket tesz\u00fcnk a szem\u00e9lyes adatokkal val\u00f3 vissza\u00e9l\u00e9s \u00e9s a szem\u00e9lyes adatokhoz val\u00f3 jogosulatlan hozz\u00e1f\u00e9r\u00e9s korl\u00e1toz\u00e1s\u00e1ra. Ez biztos\u00edtja, hogy csak a sz\u00fcks\u00e9ges szem\u00e9lyek f\u00e9rjenek hozz\u00e1 az \u00d6n adataihoz, hogy az adatokhoz val\u00f3 hozz\u00e1f\u00e9r\u00e9s v\u00e9dett legyen, \u00e9s hogy biztons\u00e1gi int\u00e9zked\u00e9seinket rendszeresen fel\u00fclvizsg\u00e1ljuk.<\/p><p>Az \u00e1ltalunk alkalmazott biztons\u00e1gi int\u00e9zked\u00e9sek a k\u00f6vetkez\u0151kb\u0151l \u00e1llnak:<\/p><p><ul><li>Bejelentkez\u00e9s biztons\u00e1ga<\/li><li>DKIM, SPF, DMARC \u00e9s egy\u00e9b speci\u00e1lis DNS-be\u00e1ll\u00edt\u00e1sok<\/li><li>(START)TLS \/ SSL \/ DANE titkos\u00edt\u00e1s<\/li><li>HTTP Strict Transport Security \u00e9s a kapcsol\u00f3d\u00f3 biztons\u00e1gi fejl\u00e9cek \u00e9s b\u00f6ng\u00e9sz\u0151-ir\u00e1nyelvek<\/li><li>Weboldal edz\u00e9s\/biztons\u00e1gi jellemz\u0151k<\/li><li>Sebezhet\u0151s\u00e9g-\u00e9rz\u00e9kel\u00e9s<\/li><\/ul><\/p><h2>6. Third-party websites<\/h2><p>Ez az adatv\u00e9delmi nyilatkozat nem vonatkozik a weboldalunkon tal\u00e1lhat\u00f3 linkek \u00e1ltal \u00f6sszekapcsolt harmadik f\u00e9l webhelyeire. Nem tudjuk garant\u00e1lni, hogy ezek a harmadik felek megb\u00edzhat\u00f3 vagy biztons\u00e1gos m\u00f3don kezelik az \u00d6n szem\u00e9lyes adatait. Javasoljuk, hogy olvassa el ezen weboldalak adatv\u00e9delmi nyilatkozat\u00e1t, miel\u0151tt ig\u00e9nybe venn\u00e9 ezeket a weboldalakat.<\/p><h2>7. Amendments to this privacy statement<\/h2><p>Fenntartjuk a jogot, hogy a jelen adatv\u00e9delmi nyilatkozatot m\u00f3dos\u00edtsuk. Javasoljuk, hogy rendszeresen tekintse meg ezt az adatv\u00e9delmi nyilatkozatot, hogy tiszt\u00e1ban legyen a v\u00e1ltoz\u00e1sokkal. Ezen t\u00falmen\u0151en, ahol csak lehets\u00e9ges, akt\u00edvan t\u00e1j\u00e9koztatni fogjuk \u00d6nt.<\/p><h2>8. Accessing and modifying your data<\/h2><p>Ha b\u00e1rmilyen k\u00e9rd\u00e9se van, vagy szeretn\u00e9 tudni, hogy milyen szem\u00e9lyes adatokat t\u00e1rolunk \u00d6nr\u0151l, k\u00e9rj\u00fck, l\u00e9pjen kapcsolatba vel\u00fcnk. Az al\u00e1bbi inform\u00e1ci\u00f3k seg\u00edts\u00e9g\u00e9vel l\u00e9phet vel\u00fcnk kapcsolatba. A k\u00f6vetkez\u0151 jogokkal rendelkezik:<\/p><ul>\n                <li>\u00d6nnek joga van tudni, hogy mi\u00e9rt van sz\u00fcks\u00e9g az \u00d6n szem\u00e9lyes adataira, mi t\u00f6rt\u00e9nik azokkal, \u00e9s mennyi ideig t\u00e1rolj\u00e1k azokat.<\/li>\n                <li>Hozz\u00e1f\u00e9r\u00e9si jog: \u00d6nnek joga van hozz\u00e1f\u00e9rni az \u00d6n \u00e1ltalunk ismert szem\u00e9lyes adataihoz.<\/li>\n                <li>Helyesb\u00edt\u00e9shez val\u00f3 jog: \u00d6n b\u00e1rmikor jogosult szem\u00e9lyes adatait kieg\u00e9sz\u00edteni, helyesb\u00edteni, t\u00f6r\u00f6lni vagy z\u00e1rolni.<\/li>\n                <li>Ha \u00d6n hozz\u00e1j\u00e1rul\u00e1s\u00e1t adta az adatai feldolgoz\u00e1s\u00e1hoz, joga van a hozz\u00e1j\u00e1rul\u00e1s visszavon\u00e1s\u00e1hoz \u00e9s szem\u00e9lyes adatainak t\u00f6rl\u00e9s\u00e9hez.<\/li>\n                <li>Az adattov\u00e1bb\u00edt\u00e1shoz val\u00f3 jog: \u00d6n jogosult arra, hogy az adatkezel\u0151t\u0151l k\u00e9rje az \u00f6sszes szem\u00e9lyes adat\u00e1t, \u00e9s azokat teljes eg\u00e9sz\u00e9ben tov\u00e1bb\u00edtsa egy m\u00e1sik adatkezel\u0151nek.<\/li>\n                <li>Tiltakoz\u00e1shoz val\u00f3 jog: \u00d6n tiltakozhat adatai feldolgoz\u00e1sa ellen. Ennek eleget tesz\u00fcnk, kiv\u00e9ve, ha az adatkezel\u00e9snek indokolt okai vannak.<\/li>\n            <\/ul><p>K\u00e9rj\u00fck, mindig egy\u00e9rtelm\u0171en adja meg, hogy ki \u00d6n, hogy biztosak lehess\u00fcnk abban, hogy nem a rossz szem\u00e9ly adatait m\u00f3dos\u00edtjuk vagy t\u00f6r\u00f6lj\u00fck.<\/p><h2>9. Submitting a complaint<\/h2><p>Ha nem el\u00e9gedett azzal, ahogyan a szem\u00e9lyes adatai feldolgoz\u00e1s\u00e1t kezelj\u00fck (panaszt tesz), jog\u00e1ban \u00e1ll panaszt beny\u00fajtani az adatv\u00e9delmi hat\u00f3s\u00e1ghoz.<\/p><h2>10. Contact details<\/h2><p>Agile Academy Kft<br \/>\n        Magyarorsz\u00e1g, 3527, Miskolc, Soltesz Nagy K\u00e1lm\u00e1n 23 2\/2<br \/>\n        Magyarorsz\u00e1g<br \/>\n        Weboldal: <a href=\"https:\/\/shop.kluschowsky.com\/hu\">https:\/\/shop.kluschowsky.com\/hu<\/a> <br \/>\n        E-mail: <span class=\"cmplz-obfuscate\">&#105;&#110;f&#111;@<span class=\"cmplz-fmail-domain\">ex.com<\/span>klu&#115;&#099;hows&#107;&#121;.com<\/span> <br \/>\n        Telefonsz\u00e1m: +36202577685<\/p><h2>11. Data Requests<\/h2><p>A leggyakrabban beny\u00fajtott k\u00e9r\u00e9sek eset\u00e9ben lehet\u0151s\u00e9get biztos\u00edtunk \u00d6nnek arra is, hogy haszn\u00e1lja az adatk\u00e9r\u0151 \u0171rlapunkat.<br \/>\t\t\t<div class=\"cmplz-datarequest cmplz-alert\">\n\t\t\t\t<span class=\"cmplz-close\">\u00d7<\/span>\n\t\t\t\t<span id=\"cmplz-message\"><\/span>\n\t\t\t<\/div>\n\t\t\t<form id=\"cmplz-datarequest-form\" action=\"\">\n\t\t\t\t<input type=\"hidden\" required value=\"eu\" name=\"cmplz_datarequest_region\" id=\"cmplz_datarequest_region\">\n\n\t\t\t\t<label for=\"cmplz_datarequest_firstname\" class=\"cmplz-first-name\">N\u00e9v\t\t\t\t\t<input type=\"search\" class=\"datarequest-firstname\" value=\"\" placeholder=\"az \u00d6n keresztneve\" id=\"cmplz_datarequest_firstname\" name=\"cmplz_datarequest_firstname\">\n\t\t\t\t<\/label>\n\t\t\t\t<div>\n\t\t\t\t\t<label for=\"cmplz_datarequest_name\">N\u00e9v<\/label>\n\t\t\t\t\t<input type=\"text\" required value=\"\" placeholder=\"Your name\" id=\"cmplz_datarequest_name\" name=\"cmplz_datarequest_name\">\n\t\t\t\t<\/div>\n\t\t\t\t<div>\n\t\t\t\t\t<label for=\"cmplz_datarequest_email\">E-mail c\u00edm<\/label>\n\t\t\t\t\t<input type=\"email\" required value=\"\" placeholder=\"email@email.com\" id=\"cmplz_datarequest_email\" name=\"cmplz_datarequest_email\">\n\t\t\t\t<\/div>\n\t\t\t\t\t\t\t\t\t\t<div class=\"cmplz_datarequest cmplz_datarequest_request_for_access\">\n\t\t\t\t\t\t\t<label for=\"cmplz_datarequest_request_for_access\">\n\t\t\t\t\t\t\t\t<input type=\"checkbox\" value=\"1\" name=\"cmplz_datarequest_request_for_access\" id=\"cmplz_datarequest_request_for_access\" \/>\n\t\t\t\t\t\t\t\tSubmit a request for access to the data we process about you.\t\t\t\t\t\t\t<\/label>\n\t\t\t\t\t\t<\/div>\n\t\t\t\t\t\t\t\t\t\t<div class=\"cmplz_datarequest cmplz_datarequest_right_to_be_forgotten\">\n\t\t\t\t\t\t\t<label for=\"cmplz_datarequest_right_to_be_forgotten\">\n\t\t\t\t\t\t\t\t<input type=\"checkbox\" value=\"1\" name=\"cmplz_datarequest_right_to_be_forgotten\" id=\"cmplz_datarequest_right_to_be_forgotten\" \/>\n\t\t\t\t\t\t\t\tSubmit a request for deletion of the data if it is no longer relevant.\t\t\t\t\t\t\t<\/label>\n\t\t\t\t\t\t<\/div>\n\t\t\t\t\t\t\t\t\t\t<div class=\"cmplz_datarequest cmplz_datarequest_right_to_data_portability\">\n\t\t\t\t\t\t\t<label for=\"cmplz_datarequest_right_to_data_portability\">\n\t\t\t\t\t\t\t\t<input type=\"checkbox\" value=\"1\" name=\"cmplz_datarequest_right_to_data_portability\" id=\"cmplz_datarequest_right_to_data_portability\" \/>\n\t\t\t\t\t\t\t\tSubmit a request to receive an export file of the data we process about you.\t\t\t\t\t\t\t<\/label>\n\t\t\t\t\t\t<\/div>\n\t\t\t\t\t\t\t\t<input type=\"button\" id=\"cmplz-datarequest-submit\" value=\"Send\">\n\t\t\t<input type=\"hidden\" name=\"trp-form-language\" value=\"hu\"\/><\/form>\n\n\t\t\t<style>\n\t\t\t\t\/* first-name is honeypot *\/\n\t\t\t\t.cmplz-first-name {\n\t\t\t\t\tposition: absolute !important;\n\t\t\t\t\tleft: -5000px !important;\n\t\t\t\t}\n\t\t\t<\/style>\n\t\t\t<\/p><\/div>\t\t\t\t\t\t\t\t<\/div>\n\t\t\t\t\t<\/div>\n\t\t\t\t<\/div>\n\t\t\t\t<\/div>","protected":false},"excerpt":{"rendered":"<p>Adatv\u00e9delmi ir\u00e1nyelvek<\/p>","protected":false},"author":1,"featured_media":0,"parent":0,"menu_order":0,"comment_status":"closed","ping_status":"closed","template":"","meta":{"footnotes":""},"class_list":["post-4979","page","type-page","status-publish","hentry"],"_links":{"self":[{"href":"https:\/\/shop.kluschowsky.com\/hu\/wp-json\/wp\/v2\/pages\/4979","targetHints":{"allow":["GET"]}}],"collection":[{"href":"https:\/\/shop.kluschowsky.com\/hu\/wp-json\/wp\/v2\/pages"}],"about":[{"href":"https:\/\/shop.kluschowsky.com\/hu\/wp-json\/wp\/v2\/types\/page"}],"author":[{"embeddable":true,"href":"https:\/\/shop.kluschowsky.com\/hu\/wp-json\/wp\/v2\/users\/1"}],"replies":[{"embeddable":true,"href":"https:\/\/shop.kluschowsky.com\/hu\/wp-json\/wp\/v2\/comments?post=4979"}],"version-history":[{"count":0,"href":"https:\/\/shop.kluschowsky.com\/hu\/wp-json\/wp\/v2\/pages\/4979\/revisions"}],"wp:attachment":[{"href":"https:\/\/shop.kluschowsky.com\/hu\/wp-json\/wp\/v2\/media?parent=4979"}],"curies":[{"name":"wp","href":"https:\/\/api.w.org\/{rel}","templated":true}]}}