{"id":4980,"date":"2025-03-05T23:29:38","date_gmt":"2025-03-05T22:29:38","guid":{"rendered":"https:\/\/shop.kluschowsky.com\/imprint-2\/"},"modified":"2025-03-22T01:27:31","modified_gmt":"2025-03-22T00:27:31","slug":"imprint","status":"publish","type":"page","link":"https:\/\/shop.kluschowsky.com\/hu\/imprint\/","title":{"rendered":"Impresszum"},"content":{"rendered":"<h2>Impresszum<\/h2>\n\n<!-- Legal document generated by Complianz | GDPR\/CCPA Cookie Consent https:\/\/wordpress.org\/plugins\/complianz-gdpr -->\n<div id=\"cmplz-document\" class=\"cmplz-document impressum cmplz-document-all\"><p><i>This imprint was last updated on szeptember 21, 2025.<\/i><\/p><p class=\"cmplz-subtitle\">A weboldal tulajdonosa:<\/p><p>Agile Academy Kft <br>Magyarorsz\u00e1g, 3527, Miskolc, Soltesz Nagy K\u00e1lm\u00e1n 23 2\/2<br>Magyarorsz\u00e1g<br>E-mail:&nbsp;<span class=\"cmplz-obfuscate\">i&#110;&#102;&#111;@<span class=\"cmplz-fmail-domain\">ex.co&#109;<\/span>&#107;&#108;u&#115;cho&#119;s&#107;y&#046;&#099;om<\/span><br>Telefonsz\u00e1m: +36202577685<br>\u00c1FA-AZONOS\u00cdT\u00d3: HU32709533<\/p><p class=\"cmplz-subtitle\">Az Agile Academy Kft. t\u00f6rv\u00e9nyes k\u00e9pvisel\u0151je(i):<\/p><p>David Klusoczki<\/p><h2>1. \u00c1ltal\u00e1nos<\/h2><p class=\"cmplz-subtitle\">1.1. A Miskolci J\u00e1r\u00e1sb\u00edr\u00f3s\u00e1gon vagyunk bejegyezve az enged\u00e9ly vagy nyilv\u00e1ntart\u00e1si sz\u00e1m alatt:<\/p><p>05 09 038384<\/p><p>Nem vagyunk hajland\u00f3ak vagy k\u00f6telesek r\u00e9szt venni a fogyaszt\u00f3i d\u00f6nt\u0151bizotts\u00e1g el\u0151tti vitarendez\u00e9si elj\u00e1r\u00e1sokban.<\/p><h2>2. Az al\u00e1bbi inform\u00e1ci\u00f3k a n\u00e9met jog szerint k\u00f6telez\u0151ek.<\/h2><p class=\"cmplz-subtitle\">2.1 Die Eigentumsanteile der Gesellschaft (Aktienkapital), die von ihr ausgegeben wurden:<\/p><p>10000<\/p><\/div>","protected":false},"excerpt":{"rendered":"<p>Impresszum<\/p>","protected":false},"author":1,"featured_media":0,"parent":0,"menu_order":0,"comment_status":"closed","ping_status":"closed","template":"","meta":{"footnotes":""},"class_list":["post-4980","page","type-page","status-publish","hentry"],"_links":{"self":[{"href":"https:\/\/shop.kluschowsky.com\/hu\/wp-json\/wp\/v2\/pages\/4980","targetHints":{"allow":["GET"]}}],"collection":[{"href":"https:\/\/shop.kluschowsky.com\/hu\/wp-json\/wp\/v2\/pages"}],"about":[{"href":"https:\/\/shop.kluschowsky.com\/hu\/wp-json\/wp\/v2\/types\/page"}],"author":[{"embeddable":true,"href":"https:\/\/shop.kluschowsky.com\/hu\/wp-json\/wp\/v2\/users\/1"}],"replies":[{"embeddable":true,"href":"https:\/\/shop.kluschowsky.com\/hu\/wp-json\/wp\/v2\/comments?post=4980"}],"version-history":[{"count":0,"href":"https:\/\/shop.kluschowsky.com\/hu\/wp-json\/wp\/v2\/pages\/4980\/revisions"}],"wp:attachment":[{"href":"https:\/\/shop.kluschowsky.com\/hu\/wp-json\/wp\/v2\/media?parent=4980"}],"curies":[{"name":"wp","href":"https:\/\/api.w.org\/{rel}","templated":true}]}}