{"id":2556,"date":"2024-06-08T22:19:58","date_gmt":"2024-06-08T21:19:58","guid":{"rendered":"https:\/\/shop.kluschowsky.com\/?post_type=product&#038;p=2556"},"modified":"2025-12-05T09:05:05","modified_gmt":"2025-12-05T08:05:05","slug":"seraphina-grace-necklace","status":"publish","type":"product","link":"https:\/\/shop.kluschowsky.com\/hu\/termek\/seraphina-grace-necklace\/","title":{"rendered":"Seraphina Grace nyakl\u00e1nc"},"content":{"rendered":"<p>A Seraphina Grace nyakl\u00e1nc egy kifinomult darab, amely id\u0151tlen eleganci\u00e1t \u00e9s finom kifinomults\u00e1got testes\u00edt meg. A kiv\u00e1l\u00f3 min\u0151s\u00e9g\u0171 rozsdamentes ac\u00e9lb\u00f3l k\u00e9sz\u00fclt \u00e9s arannyal bevont nyakl\u00e1nc egy leny\u0171g\u00f6z\u0151 k\u00f6zponti gy\u00f6ngy\u00f6t tartalmaz, amely tiszta eleganci\u00e1t sug\u00e1roz. A gy\u00f6ngy\u00f6t finoman elosztott arany d\u00edszek szeg\u00e9lyezik, amelyek mindegyike egy kis bonyolult sz\u00e9ps\u00e9get k\u00f6lcs\u00f6n\u00f6z, mik\u00f6zben fenntartja a visszafogott kecsess\u00e9get. Ez a nyakl\u00e1nc nappalra \u00e9s \u00e9jszak\u00e1ra egyar\u00e1nt t\u00f6k\u00e9letes, gyeng\u00e9d csillog\u00e1s\u00e1val \u00e9s n\u0151ies b\u00e1j\u00e1val k\u00f6nnyed\u00e9n feldob b\u00e1rmilyen \u00f6lt\u00f6z\u00e9ket.<\/p>\n<p>Adjon egy csipetnyi kifinomult sz\u00e9ps\u00e9get \u00e9kszerkollekci\u00f3j\u00e1hoz a Seraphina Grace nyakl\u00e1nccal, ahol az elegancia \u00e9s a kecsess\u00e9g t\u00f6k\u00e9letes harm\u00f3ni\u00e1ban tal\u00e1lkozik.<\/p>","protected":false},"excerpt":{"rendered":"<table style=\"width: 28.7748%;\">\n<tbody>\n<tr>\n<td>Material<\/td>\n<td>Stainless steel<\/td>\n<\/tr>\n<tr>\n<td>Sz\u00ednes<\/td>\n<td>Luxurious 18k gold plated<\/td>\n<\/tr>\n<\/tbody>\n<\/table>\n<p>&nbsp;<\/p>","protected":false},"featured_media":5120,"comment_status":"open","ping_status":"closed","template":"","meta":[],"etheme_brands":[{"term_id":105,"name":"Kluschowsky Fashion","slug":"fashion","term_group":0,"term_taxonomy_id":105,"taxonomy":"brand","description":"","parent":0,"count":28,"filter":"raw","order":"0"}],"product_brand":[],"product_cat":[80],"product_tag":[196],"class_list":{"0":"post-2556","1":"product","2":"type-product","3":"status-publish","4":"has-post-thumbnail","6":"brand-fashion","7":"product_cat-necklaces","8":"product_tag-kickoff","10":"first","11":"instock","12":"sale","13":"featured","14":"taxable","15":"shipping-taxable","16":"purchasable","17":"product-type-simple"},"_links":{"self":[{"href":"https:\/\/shop.kluschowsky.com\/hu\/wp-json\/wp\/v2\/product\/2556","targetHints":{"allow":["GET"]}}],"collection":[{"href":"https:\/\/shop.kluschowsky.com\/hu\/wp-json\/wp\/v2\/product"}],"about":[{"href":"https:\/\/shop.kluschowsky.com\/hu\/wp-json\/wp\/v2\/types\/product"}],"replies":[{"embeddable":true,"href":"https:\/\/shop.kluschowsky.com\/hu\/wp-json\/wp\/v2\/comments?post=2556"}],"version-history":[{"count":2,"href":"https:\/\/shop.kluschowsky.com\/hu\/wp-json\/wp\/v2\/product\/2556\/revisions"}],"predecessor-version":[{"id":6524,"href":"https:\/\/shop.kluschowsky.com\/hu\/wp-json\/wp\/v2\/product\/2556\/revisions\/6524"}],"wp:featuredmedia":[{"embeddable":true,"href":"https:\/\/shop.kluschowsky.com\/hu\/wp-json\/wp\/v2\/media\/5120"}],"wp:attachment":[{"href":"https:\/\/shop.kluschowsky.com\/hu\/wp-json\/wp\/v2\/media?parent=2556"}],"wp:term":[{"taxonomy":"brand","embeddable":true,"href":"https:\/\/shop.kluschowsky.com\/hu\/wp-json\/wp\/v2\/etheme_brands?post=2556"},{"taxonomy":"product_brand","embeddable":true,"href":"https:\/\/shop.kluschowsky.com\/hu\/wp-json\/wp\/v2\/product_brand?post=2556"},{"taxonomy":"product_cat","embeddable":true,"href":"https:\/\/shop.kluschowsky.com\/hu\/wp-json\/wp\/v2\/product_cat?post=2556"},{"taxonomy":"product_tag","embeddable":true,"href":"https:\/\/shop.kluschowsky.com\/hu\/wp-json\/wp\/v2\/product_tag?post=2556"}],"curies":[{"name":"wp","href":"https:\/\/api.w.org\/{rel}","templated":true}]}}