{"id":2562,"date":"2024-06-08T22:32:16","date_gmt":"2024-06-08T21:32:16","guid":{"rendered":"https:\/\/shop.kluschowsky.com\/?post_type=product&#038;p=2562"},"modified":"2025-12-05T09:05:05","modified_gmt":"2025-12-05T08:05:05","slug":"zara-dual-elegance-earrings","status":"publish","type":"product","link":"https:\/\/shop.kluschowsky.com\/hu\/termek\/zara-dual-elegance-earrings\/","title":{"rendered":"Zara Dual Elegance f\u00fclbeval\u00f3"},"content":{"rendered":"<p>A Zara Dual Elegance f\u00fclbeval\u00f3 a modern kifinomults\u00e1got \u00e9s az id\u0151tlen diz\u00e1jnt \u00f6tv\u00f6zi. K\u00e9t arany g\u00f6mb\u00f6t tartalmaz - egy nagyobbat \u00e9s egy kisebbet - ezek a f\u00fclbeval\u00f3k gy\u00f6ny\u00f6r\u0171 aszimmetrikus hat\u00e1st keltenek. A nagyobb g\u00f6mb mer\u00e9sz jelenl\u00e9tet biztos\u00edt, m\u00edg a kisebb g\u00f6mb finom finoms\u00e1got k\u00f6lcs\u00f6n\u00f6z. A kiv\u00e1l\u00f3 min\u0151s\u00e9g\u0171 14 kar\u00e1tos aranyb\u00f3l k\u00e9sz\u00fclt f\u00fclbeval\u00f3k az egyszer\u0171s\u00e9g \u00e9s az elegancia t\u00f6k\u00e9letes egyens\u00faly\u00e1t k\u00e9pviselik.<\/p>\n<p>A Zara Dual Elegance f\u00fclbeval\u00f3k biztons\u00e1gos pillang\u00f3 kuplungos h\u00e1tlappal vannak ell\u00e1tva, \u00edgy eg\u00e9sz nap k\u00e9nyelmes \u00e9s biztons\u00e1gos viseletet biztos\u00edtanak.<\/p>\n<p>Dobja fel \u00e9kszerkollekci\u00f3j\u00e1t a Zara Dual Elegance f\u00fclbeval\u00f3val, ahol a minimalista sz\u00e9ps\u00e9g \u00e9s a biztons\u00e1gos illeszked\u00e9s t\u00f6k\u00e9letes harm\u00f3ni\u00e1ban egyes\u00fcl.<\/p>","protected":false},"excerpt":{"rendered":"<table style=\"width: 28.7748%;\">\n<tbody>\n<tr>\n<td>Material<\/td>\n<td>Stainless steel<\/td>\n<\/tr>\n<tr>\n<td>Sz\u00ednes<\/td>\n<td>Luxurious 18k gold plated<\/td>\n<\/tr>\n<\/tbody>\n<\/table>\n<p>&nbsp;<\/p>","protected":false},"featured_media":5149,"comment_status":"open","ping_status":"closed","template":"","meta":[],"etheme_brands":[{"term_id":105,"name":"Kluschowsky Fashion","slug":"fashion","term_group":0,"term_taxonomy_id":105,"taxonomy":"brand","description":"","parent":0,"count":28,"filter":"raw","order":"0"}],"product_brand":[],"product_cat":[21],"product_tag":[196],"class_list":{"0":"post-2562","1":"product","2":"type-product","3":"status-publish","4":"has-post-thumbnail","6":"brand-fashion","7":"product_cat-earrings","8":"product_tag-kickoff","10":"first","11":"instock","12":"sale","13":"taxable","14":"shipping-taxable","15":"purchasable","16":"product-type-simple"},"_links":{"self":[{"href":"https:\/\/shop.kluschowsky.com\/hu\/wp-json\/wp\/v2\/product\/2562","targetHints":{"allow":["GET"]}}],"collection":[{"href":"https:\/\/shop.kluschowsky.com\/hu\/wp-json\/wp\/v2\/product"}],"about":[{"href":"https:\/\/shop.kluschowsky.com\/hu\/wp-json\/wp\/v2\/types\/product"}],"replies":[{"embeddable":true,"href":"https:\/\/shop.kluschowsky.com\/hu\/wp-json\/wp\/v2\/comments?post=2562"}],"version-history":[{"count":2,"href":"https:\/\/shop.kluschowsky.com\/hu\/wp-json\/wp\/v2\/product\/2562\/revisions"}],"predecessor-version":[{"id":6523,"href":"https:\/\/shop.kluschowsky.com\/hu\/wp-json\/wp\/v2\/product\/2562\/revisions\/6523"}],"wp:featuredmedia":[{"embeddable":true,"href":"https:\/\/shop.kluschowsky.com\/hu\/wp-json\/wp\/v2\/media\/5149"}],"wp:attachment":[{"href":"https:\/\/shop.kluschowsky.com\/hu\/wp-json\/wp\/v2\/media?parent=2562"}],"wp:term":[{"taxonomy":"brand","embeddable":true,"href":"https:\/\/shop.kluschowsky.com\/hu\/wp-json\/wp\/v2\/etheme_brands?post=2562"},{"taxonomy":"product_brand","embeddable":true,"href":"https:\/\/shop.kluschowsky.com\/hu\/wp-json\/wp\/v2\/product_brand?post=2562"},{"taxonomy":"product_cat","embeddable":true,"href":"https:\/\/shop.kluschowsky.com\/hu\/wp-json\/wp\/v2\/product_cat?post=2562"},{"taxonomy":"product_tag","embeddable":true,"href":"https:\/\/shop.kluschowsky.com\/hu\/wp-json\/wp\/v2\/product_tag?post=2562"}],"curies":[{"name":"wp","href":"https:\/\/api.w.org\/{rel}","templated":true}]}}