{"id":2565,"date":"2024-06-08T22:33:52","date_gmt":"2024-06-08T21:33:52","guid":{"rendered":"https:\/\/shop.kluschowsky.com\/?post_type=product&#038;p=2565"},"modified":"2026-02-20T05:59:57","modified_gmt":"2026-02-20T04:59:57","slug":"maya-emerald-mosaic-earrings","status":"publish","type":"product","link":"https:\/\/shop.kluschowsky.com\/hu\/termek\/maya-emerald-mosaic-earrings\/","title":{"rendered":"Maya Smaragd mozaik f\u00fclbeval\u00f3"},"content":{"rendered":"<p>Ezekben a f\u00fclbeval\u00f3kban egy kerek med\u00e1l tal\u00e1lhat\u00f3, amelyet egy mag\u00e1val ragad\u00f3 smaragd mozaikos minta d\u00edsz\u00edt, amely organikus, term\u00e9szet ihlette eleganci\u00e1t k\u00f6lcs\u00f6n\u00f6z a megjelen\u00e9sednek. A mozaik z\u00f6ld t\u00f3nusai gy\u00f6ny\u00f6r\u0171 kontrasztot alkotnak a finom arany foglalattal, \u00edgy ezek a f\u00fclbeval\u00f3k mer\u00e9sz, m\u00e9gis kifinomult darabok.<\/p>\n<p>A Maya Emerald Mosaic f\u00fclbeval\u00f3 biztons\u00e1gos szegecses h\u00e1tlappal rendelkezik, \u00e9s egyszerre ny\u00fajt k\u00e9nyelmet \u00e9s st\u00edlust, biztos\u00edtva a k\u00e9nyelmes illeszked\u00e9st, amely eg\u00e9sz nap vagy \u00e9jszaka a hely\u00e9n marad.<\/p>\n<p>Adj egy csipetnyi id\u0151tlen sz\u00e9ps\u00e9get \u00e9kszerkollekci\u00f3dhoz a Maya Smaragd Mozaik f\u00fclbeval\u00f3val, ahol a m\u0171v\u00e9szi munka \u00e9s a vibr\u00e1l\u00f3 sz\u00ednek t\u00f6k\u00e9letes harm\u00f3ni\u00e1ban tal\u00e1lkoznak.<\/p>","protected":false},"excerpt":{"rendered":"<table style=\"width: 28.7748%;\">\n<tbody>\n<tr>\n<td>Material<\/td>\n<td>Stainless steel<\/td>\n<\/tr>\n<tr>\n<td>Sz\u00ednes<\/td>\n<td>Luxurious 18k gold plated<\/td>\n<\/tr>\n<\/tbody>\n<\/table>\n<p>&nbsp;<\/p>","protected":false},"featured_media":5109,"comment_status":"open","ping_status":"closed","template":"","meta":[],"etheme_brands":[{"term_id":105,"name":"Kluschowsky Fashion","slug":"fashion","term_group":0,"term_taxonomy_id":105,"taxonomy":"brand","description":"","parent":0,"count":28,"filter":"raw","order":"0"}],"product_brand":[],"product_cat":[21,74],"product_tag":[196],"class_list":{"0":"post-2565","1":"product","2":"type-product","3":"status-publish","4":"has-post-thumbnail","6":"brand-fashion","7":"product_cat-earrings","8":"product_cat-new-products","9":"product_tag-kickoff","11":"first","12":"instock","13":"sale","14":"featured","15":"taxable","16":"shipping-taxable","17":"purchasable","18":"product-type-simple"},"_links":{"self":[{"href":"https:\/\/shop.kluschowsky.com\/hu\/wp-json\/wp\/v2\/product\/2565","targetHints":{"allow":["GET"]}}],"collection":[{"href":"https:\/\/shop.kluschowsky.com\/hu\/wp-json\/wp\/v2\/product"}],"about":[{"href":"https:\/\/shop.kluschowsky.com\/hu\/wp-json\/wp\/v2\/types\/product"}],"replies":[{"embeddable":true,"href":"https:\/\/shop.kluschowsky.com\/hu\/wp-json\/wp\/v2\/comments?post=2565"}],"version-history":[{"count":2,"href":"https:\/\/shop.kluschowsky.com\/hu\/wp-json\/wp\/v2\/product\/2565\/revisions"}],"predecessor-version":[{"id":6522,"href":"https:\/\/shop.kluschowsky.com\/hu\/wp-json\/wp\/v2\/product\/2565\/revisions\/6522"}],"wp:featuredmedia":[{"embeddable":true,"href":"https:\/\/shop.kluschowsky.com\/hu\/wp-json\/wp\/v2\/media\/5109"}],"wp:attachment":[{"href":"https:\/\/shop.kluschowsky.com\/hu\/wp-json\/wp\/v2\/media?parent=2565"}],"wp:term":[{"taxonomy":"brand","embeddable":true,"href":"https:\/\/shop.kluschowsky.com\/hu\/wp-json\/wp\/v2\/etheme_brands?post=2565"},{"taxonomy":"product_brand","embeddable":true,"href":"https:\/\/shop.kluschowsky.com\/hu\/wp-json\/wp\/v2\/product_brand?post=2565"},{"taxonomy":"product_cat","embeddable":true,"href":"https:\/\/shop.kluschowsky.com\/hu\/wp-json\/wp\/v2\/product_cat?post=2565"},{"taxonomy":"product_tag","embeddable":true,"href":"https:\/\/shop.kluschowsky.com\/hu\/wp-json\/wp\/v2\/product_tag?post=2565"}],"curies":[{"name":"wp","href":"https:\/\/api.w.org\/{rel}","templated":true}]}}