{"id":2588,"date":"2024-06-08T23:05:27","date_gmt":"2024-06-08T22:05:27","guid":{"rendered":"https:\/\/shop.kluschowsky.com\/?post_type=product&#038;p=2588"},"modified":"2025-12-05T09:05:04","modified_gmt":"2025-12-05T08:05:04","slug":"sophia-double-bracelet","status":"publish","type":"product","link":"https:\/\/shop.kluschowsky.com\/hu\/termek\/sophia-double-bracelet\/","title":{"rendered":"Sophia dupla kark\u00f6t\u0151"},"content":{"rendered":"<p>A Sophia dupla kark\u00f6t\u0151 id\u0151tlen diz\u00e1jnj\u00e1val k\u00f6nnyed kifinomults\u00e1got sug\u00e1roz. A kiv\u00e1l\u00f3 min\u0151s\u00e9g\u0171 18k aranyoz\u00e1sb\u00f3l k\u00e9sz\u00fclt kark\u00f6t\u0151 k\u00e9t finom aranyl\u00e1ncot tartalmaz, amelyek egym\u00e1sra r\u00e9tegz\u0151dve gy\u00f6ny\u00f6r\u0171 \u00e9s mer\u00e9sz kijelent\u00e9st tesznek. Az egym\u00e1sba fon\u00f3d\u00f3 dupla l\u00e1ncok kifinomult, modern megjelen\u00e9st biztos\u00edtanak, amely b\u00e1rmilyen alkalomra t\u00f6k\u00e9letes.<\/p>\n<p>Az \u00e1ll\u00edthat\u00f3 illeszked\u00e9ssel a Sophia dupla kark\u00f6t\u0151 k\u00e9nyelmet \u00e9s sokoldal\u00fas\u00e1got biztos\u00edt, \u00edgy t\u00f6k\u00e9letesen alkalmazkodik a k\u00fcl\u00f6nb\u00f6z\u0151 csukl\u00f3m\u00e9retekhez. Ak\u00e1r \u00f6nmag\u00e1ban viseli a minimalista, eleg\u00e1ns hangulatot, ak\u00e1r m\u00e1s darabokkal p\u00e1ros\u00edtva a r\u00e9teges hat\u00e1s \u00e9rdek\u00e9ben, ez a kark\u00f6t\u0151 eleganci\u00e1t k\u00f6lcs\u00f6n\u00f6z az \u00e9kszerkollekci\u00f3j\u00e1nak.<\/p>","protected":false},"excerpt":{"rendered":"<table style=\"width: 28.7748%;\">\n<tbody>\n<tr>\n<td>Material<\/td>\n<td>Stainless steel<\/td>\n<\/tr>\n<tr>\n<td>Sz\u00ednes<\/td>\n<td>Luxurious 18k gold plated<\/td>\n<\/tr>\n<\/tbody>\n<\/table>\n<p>&nbsp;<\/p>","protected":false},"featured_media":5129,"comment_status":"open","ping_status":"closed","template":"","meta":[],"etheme_brands":[{"term_id":105,"name":"Kluschowsky Fashion","slug":"fashion","term_group":0,"term_taxonomy_id":105,"taxonomy":"brand","description":"","parent":0,"count":28,"filter":"raw","order":"0"}],"product_brand":[],"product_cat":[163],"product_tag":[196],"class_list":{"0":"post-2588","1":"product","2":"type-product","3":"status-publish","4":"has-post-thumbnail","6":"brand-fashion","7":"product_cat-bracelets","8":"product_tag-kickoff","10":"first","11":"instock","12":"sale","13":"taxable","14":"shipping-taxable","15":"purchasable","16":"product-type-simple"},"_links":{"self":[{"href":"https:\/\/shop.kluschowsky.com\/hu\/wp-json\/wp\/v2\/product\/2588","targetHints":{"allow":["GET"]}}],"collection":[{"href":"https:\/\/shop.kluschowsky.com\/hu\/wp-json\/wp\/v2\/product"}],"about":[{"href":"https:\/\/shop.kluschowsky.com\/hu\/wp-json\/wp\/v2\/types\/product"}],"replies":[{"embeddable":true,"href":"https:\/\/shop.kluschowsky.com\/hu\/wp-json\/wp\/v2\/comments?post=2588"}],"version-history":[{"count":2,"href":"https:\/\/shop.kluschowsky.com\/hu\/wp-json\/wp\/v2\/product\/2588\/revisions"}],"predecessor-version":[{"id":6521,"href":"https:\/\/shop.kluschowsky.com\/hu\/wp-json\/wp\/v2\/product\/2588\/revisions\/6521"}],"wp:featuredmedia":[{"embeddable":true,"href":"https:\/\/shop.kluschowsky.com\/hu\/wp-json\/wp\/v2\/media\/5129"}],"wp:attachment":[{"href":"https:\/\/shop.kluschowsky.com\/hu\/wp-json\/wp\/v2\/media?parent=2588"}],"wp:term":[{"taxonomy":"brand","embeddable":true,"href":"https:\/\/shop.kluschowsky.com\/hu\/wp-json\/wp\/v2\/etheme_brands?post=2588"},{"taxonomy":"product_brand","embeddable":true,"href":"https:\/\/shop.kluschowsky.com\/hu\/wp-json\/wp\/v2\/product_brand?post=2588"},{"taxonomy":"product_cat","embeddable":true,"href":"https:\/\/shop.kluschowsky.com\/hu\/wp-json\/wp\/v2\/product_cat?post=2588"},{"taxonomy":"product_tag","embeddable":true,"href":"https:\/\/shop.kluschowsky.com\/hu\/wp-json\/wp\/v2\/product_tag?post=2588"}],"curies":[{"name":"wp","href":"https:\/\/api.w.org\/{rel}","templated":true}]}}