{"id":2610,"date":"2024-06-08T23:43:23","date_gmt":"2024-06-08T22:43:23","guid":{"rendered":"https:\/\/shop.kluschowsky.com\/?post_type=product&#038;p=2610"},"modified":"2026-05-06T13:45:04","modified_gmt":"2026-05-06T12:45:04","slug":"slinky-herringbone-double-necklace","status":"publish","type":"product","link":"https:\/\/shop.kluschowsky.com\/hu\/termek\/slinky-herringbone-double-necklace\/","title":{"rendered":"Slinky halsz\u00e1lk\u00e1s dupla nyakl\u00e1nc"},"content":{"rendered":"<p>A Slinky Herringbone dupla nyakl\u00e1nc a t\u00f6k\u00e9letes statement darab, amely a kifinomults\u00e1g \u00e9s a modern st\u00edlus t\u00f6k\u00e9letes kever\u00e9k\u00e9t k\u00edn\u00e1lja. Ez a leny\u0171g\u00f6z\u0151 nyakl\u00e1nc k\u00e9t r\u00e9tegb\u0151l \u00e1ll: az els\u0151 r\u00e9teg a jellegzetes Slinky Herringbone nyakl\u00e1nc 6 mm sz\u00e9les, sima halsz\u00e1lk\u00e1s l\u00e1nc\u00e1val, amely 18 k arany bevonattal van ell\u00e1tva, m\u00edg a m\u00e1sodik r\u00e9teg egy extra finom finoms\u00e1got ad egy v\u00e9konyabb l\u00e1nccal, amely kieg\u00e9sz\u00edti az els\u0151 r\u00e9teg mer\u00e9szs\u00e9g\u00e9t. Ezek a r\u00e9tegek egy\u00fctt egy gy\u00f6ny\u00f6r\u0171en kiegyens\u00falyozott, szemet gy\u00f6ny\u00f6rk\u00f6dtet\u0151 diz\u00e1jnt alkotnak.<\/p>\n<p>A kiv\u00e1l\u00f3 min\u0151s\u00e9g\u0171 rozsdamentes ac\u00e9lb\u00f3l k\u00e9sz\u00fclt, f\u00e9ny\u0171z\u0151 18k aranyoz\u00e1ssal ell\u00e1tott dupla nyakl\u00e1nc egyszerre ny\u00fajt tart\u00f3ss\u00e1got \u00e9s eleganci\u00e1t. A 45 cm hossz\u00fas\u00e1ggal \u00e9s az \u00e1ll\u00edthat\u00f3 5 cm-es hosszabb\u00edt\u00f3val ez a nyakl\u00e1nc sokoldal\u00fas\u00e1got \u00e9s t\u00f6k\u00e9letes illeszked\u00e9st biztos\u00edt minden alkalomhoz.<\/p>","protected":false},"excerpt":{"rendered":"<table>\n<tbody>\n<tr>\n<td>Material<\/td>\n<td>Stainless steel<\/td>\n<\/tr>\n<tr>\n<td>Sz\u00ednes<\/td>\n<td>Luxurious 18k gold plated<\/td>\n<\/tr>\n<tr>\n<td>Length<\/td>\n<td>45cm with a 5cm extender<\/td>\n<\/tr>\n<\/tbody>\n<\/table>\n<p>&nbsp;<\/p>","protected":false},"featured_media":5125,"comment_status":"open","ping_status":"closed","template":"","meta":[],"etheme_brands":[{"term_id":105,"name":"Kluschowsky Fashion","slug":"fashion","term_group":0,"term_taxonomy_id":105,"taxonomy":"brand","description":"","parent":0,"count":28,"filter":"raw","order":"0"}],"product_brand":[],"product_cat":[51,80],"product_tag":[196],"class_list":{"0":"post-2610","1":"product","2":"type-product","3":"status-publish","4":"has-post-thumbnail","6":"brand-fashion","7":"product_cat-best-sellers","8":"product_cat-necklaces","9":"product_tag-kickoff","11":"first","12":"instock","13":"sale","14":"featured","15":"taxable","16":"shipping-taxable","17":"purchasable","18":"product-type-variable"},"_links":{"self":[{"href":"https:\/\/shop.kluschowsky.com\/hu\/wp-json\/wp\/v2\/product\/2610","targetHints":{"allow":["GET"]}}],"collection":[{"href":"https:\/\/shop.kluschowsky.com\/hu\/wp-json\/wp\/v2\/product"}],"about":[{"href":"https:\/\/shop.kluschowsky.com\/hu\/wp-json\/wp\/v2\/types\/product"}],"replies":[{"embeddable":true,"href":"https:\/\/shop.kluschowsky.com\/hu\/wp-json\/wp\/v2\/comments?post=2610"}],"version-history":[{"count":2,"href":"https:\/\/shop.kluschowsky.com\/hu\/wp-json\/wp\/v2\/product\/2610\/revisions"}],"predecessor-version":[{"id":6520,"href":"https:\/\/shop.kluschowsky.com\/hu\/wp-json\/wp\/v2\/product\/2610\/revisions\/6520"}],"wp:featuredmedia":[{"embeddable":true,"href":"https:\/\/shop.kluschowsky.com\/hu\/wp-json\/wp\/v2\/media\/5125"}],"wp:attachment":[{"href":"https:\/\/shop.kluschowsky.com\/hu\/wp-json\/wp\/v2\/media?parent=2610"}],"wp:term":[{"taxonomy":"brand","embeddable":true,"href":"https:\/\/shop.kluschowsky.com\/hu\/wp-json\/wp\/v2\/etheme_brands?post=2610"},{"taxonomy":"product_brand","embeddable":true,"href":"https:\/\/shop.kluschowsky.com\/hu\/wp-json\/wp\/v2\/product_brand?post=2610"},{"taxonomy":"product_cat","embeddable":true,"href":"https:\/\/shop.kluschowsky.com\/hu\/wp-json\/wp\/v2\/product_cat?post=2610"},{"taxonomy":"product_tag","embeddable":true,"href":"https:\/\/shop.kluschowsky.com\/hu\/wp-json\/wp\/v2\/product_tag?post=2610"}],"curies":[{"name":"wp","href":"https:\/\/api.w.org\/{rel}","templated":true}]}}