{"id":2630,"date":"2024-06-08T23:52:05","date_gmt":"2024-06-08T22:52:05","guid":{"rendered":"https:\/\/shop.kluschowsky.com\/?post_type=product&#038;p=2630"},"modified":"2025-12-05T09:05:03","modified_gmt":"2025-12-05T08:05:03","slug":"long-peral-coin-earring","status":"publish","type":"product","link":"https:\/\/shop.kluschowsky.com\/hu\/termek\/long-peral-coin-earring\/","title":{"rendered":"Isabella hossz\u00fa f\u00fclbeval\u00f3"},"content":{"rendered":"<p>Adj egy csipetnyi kifinomults\u00e1got \u00e9kszerkollekci\u00f3dhoz az Isabella hossz\u00fa f\u00fclbeval\u00f3val. Ezek a leny\u0171g\u00f6z\u0151 f\u00fclbeval\u00f3k egy csillog\u00f3 gy\u00f6ngy\u00f6t tartalmaznak, amely eleg\u00e1nsan lezuhan egy arany \u00e9rm\u00e9s med\u00e1lba, id\u0151tlen, eleg\u00e1ns megjelen\u00e9st teremtve. Kiv\u00e1l\u00f3 min\u0151s\u00e9g\u0171 rozsdamentes ac\u00e9lb\u00f3l k\u00e9sz\u00fcltek, \u00e9s 18k-s arannyal vannak bevonva, \u00edgy egyszerre tart\u00f3sak \u00e9s f\u00e9ny\u0171z\u0151ek. A szegecses z\u00e1r\u00f3d\u00e1s biztons\u00e1gos \u00e9s k\u00e9nyelmes illeszked\u00e9st biztos\u00edt, \u00edgy b\u00e1rmilyen alkalomra t\u00f6k\u00e9letesek. Ak\u00e1r egy esti sz\u00f3rakoz\u00e1shoz, ak\u00e1r egy k\u00fcl\u00f6nleges esem\u00e9nyhez, ezek a f\u00fclbeval\u00f3k kifinomult sz\u00e9ps\u00e9g\u00fckkel feldobj\u00e1k az \u00f6lt\u00f6z\u00e9k\u00e9t.<\/p>","protected":false},"excerpt":{"rendered":"<table>\n<tbody>\n<tr>\n<td>Material<\/td>\n<td>Stainless steel<\/td>\n<\/tr>\n<tr>\n<td>Sz\u00ednes<\/td>\n<td>18k gold plating<\/td>\n<\/tr>\n<\/tbody>\n<\/table>","protected":false},"featured_media":5088,"comment_status":"open","ping_status":"closed","template":"","meta":[],"etheme_brands":[{"term_id":105,"name":"Kluschowsky Fashion","slug":"fashion","term_group":0,"term_taxonomy_id":105,"taxonomy":"brand","description":"","parent":0,"count":28,"filter":"raw","order":"0"}],"product_brand":[],"product_cat":[21],"product_tag":[196],"class_list":{"0":"post-2630","1":"product","2":"type-product","3":"status-publish","4":"has-post-thumbnail","6":"brand-fashion","7":"product_cat-earrings","8":"product_tag-kickoff","10":"first","11":"instock","12":"sale","13":"taxable","14":"shipping-taxable","15":"purchasable","16":"product-type-simple"},"_links":{"self":[{"href":"https:\/\/shop.kluschowsky.com\/hu\/wp-json\/wp\/v2\/product\/2630","targetHints":{"allow":["GET"]}}],"collection":[{"href":"https:\/\/shop.kluschowsky.com\/hu\/wp-json\/wp\/v2\/product"}],"about":[{"href":"https:\/\/shop.kluschowsky.com\/hu\/wp-json\/wp\/v2\/types\/product"}],"replies":[{"embeddable":true,"href":"https:\/\/shop.kluschowsky.com\/hu\/wp-json\/wp\/v2\/comments?post=2630"}],"version-history":[{"count":4,"href":"https:\/\/shop.kluschowsky.com\/hu\/wp-json\/wp\/v2\/product\/2630\/revisions"}],"predecessor-version":[{"id":6473,"href":"https:\/\/shop.kluschowsky.com\/hu\/wp-json\/wp\/v2\/product\/2630\/revisions\/6473"}],"wp:featuredmedia":[{"embeddable":true,"href":"https:\/\/shop.kluschowsky.com\/hu\/wp-json\/wp\/v2\/media\/5088"}],"wp:attachment":[{"href":"https:\/\/shop.kluschowsky.com\/hu\/wp-json\/wp\/v2\/media?parent=2630"}],"wp:term":[{"taxonomy":"brand","embeddable":true,"href":"https:\/\/shop.kluschowsky.com\/hu\/wp-json\/wp\/v2\/etheme_brands?post=2630"},{"taxonomy":"product_brand","embeddable":true,"href":"https:\/\/shop.kluschowsky.com\/hu\/wp-json\/wp\/v2\/product_brand?post=2630"},{"taxonomy":"product_cat","embeddable":true,"href":"https:\/\/shop.kluschowsky.com\/hu\/wp-json\/wp\/v2\/product_cat?post=2630"},{"taxonomy":"product_tag","embeddable":true,"href":"https:\/\/shop.kluschowsky.com\/hu\/wp-json\/wp\/v2\/product_tag?post=2630"}],"curies":[{"name":"wp","href":"https:\/\/api.w.org\/{rel}","templated":true}]}}