{"id":2647,"date":"2024-06-08T23:59:13","date_gmt":"2024-06-08T22:59:13","guid":{"rendered":"https:\/\/shop.kluschowsky.com\/?post_type=product&#038;p=2647"},"modified":"2026-04-05T20:38:06","modified_gmt":"2026-04-05T19:38:06","slug":"slinky-herringbone-necklace","status":"publish","type":"product","link":"https:\/\/shop.kluschowsky.com\/hu\/termek\/slinky-herringbone-necklace\/","title":{"rendered":"Slinky halsz\u00e1lka nyakl\u00e1nc"},"content":{"rendered":"<p>A Slinky Herringbone nyakl\u00e1nc egy felt\u0171n\u0151 \u00e9kszer, amely \u00f6tv\u00f6zi az id\u0151tlen eleganci\u00e1t a modern vonzer\u0151vel. A 6 mm sz\u00e9les, halsz\u00e1lk\u00e1s l\u00e1ncb\u00f3l k\u00e9sz\u00fclt nyakl\u00e1nc sima, csigavonalas kialak\u00edt\u00e1s\u00fa, amely gy\u00f6ny\u00f6r\u0171en fogja \u00e9s t\u00fckr\u00f6zi a f\u00e9nyt. A l\u00e1nc 18k-s arannyal van bevonva, ami f\u00e9ny\u0171z\u0151, ragyog\u00f3 fel\u00fcletet k\u00f6lcs\u00f6n\u00f6z neki.<\/p>\n<p>Tart\u00f3s rozsdamentes ac\u00e9lb\u00f3l k\u00e9sz\u00fclt, \u00edgy egyszerre ny\u00fajt er\u0151t \u00e9s st\u00edlust, biztos\u00edtva a hossz\u00fa t\u00e1v\u00fa viseletet. A 45 cm hossz\u00fa \u00e9s 5 cm-es hosszabb\u00edt\u00f3val ell\u00e1tott nyakl\u00e1nc a t\u00f6k\u00e9letes illeszked\u00e9s \u00e9rdek\u00e9ben \u00e1ll\u00edthat\u00f3, \u00edgy el\u00e9g sokoldal\u00faan p\u00e1ros\u00edthat\u00f3 mind alkalmi, mind form\u00e1lis \u00f6lt\u00f6z\u00e9khez.<\/p>","protected":false},"excerpt":{"rendered":"<table>\n<tbody>\n<tr>\n<td>Material<\/td>\n<td>Stainless steel<\/td>\n<\/tr>\n<tr>\n<td>Sz\u00ednes<\/td>\n<td>Luxurious 18k gold plated<\/td>\n<\/tr>\n<tr>\n<td>Length<\/td>\n<td>45cm with a 5cm extender<\/td>\n<\/tr>\n<\/tbody>\n<\/table>\n<p>&nbsp;<\/p>","protected":false},"featured_media":5127,"comment_status":"open","ping_status":"closed","template":"","meta":[],"etheme_brands":[{"term_id":105,"name":"Kluschowsky Fashion","slug":"fashion","term_group":0,"term_taxonomy_id":105,"taxonomy":"brand","description":"","parent":0,"count":28,"filter":"raw","order":"0"}],"product_brand":[],"product_cat":[80,74],"product_tag":[196],"class_list":{"0":"post-2647","1":"product","2":"type-product","3":"status-publish","4":"has-post-thumbnail","6":"brand-fashion","7":"product_cat-necklaces","8":"product_cat-new-products","9":"product_tag-kickoff","11":"first","12":"instock","13":"sale","14":"taxable","15":"shipping-taxable","16":"purchasable","17":"product-type-variable"},"_links":{"self":[{"href":"https:\/\/shop.kluschowsky.com\/hu\/wp-json\/wp\/v2\/product\/2647","targetHints":{"allow":["GET"]}}],"collection":[{"href":"https:\/\/shop.kluschowsky.com\/hu\/wp-json\/wp\/v2\/product"}],"about":[{"href":"https:\/\/shop.kluschowsky.com\/hu\/wp-json\/wp\/v2\/types\/product"}],"replies":[{"embeddable":true,"href":"https:\/\/shop.kluschowsky.com\/hu\/wp-json\/wp\/v2\/comments?post=2647"}],"version-history":[{"count":3,"href":"https:\/\/shop.kluschowsky.com\/hu\/wp-json\/wp\/v2\/product\/2647\/revisions"}],"predecessor-version":[{"id":6808,"href":"https:\/\/shop.kluschowsky.com\/hu\/wp-json\/wp\/v2\/product\/2647\/revisions\/6808"}],"wp:featuredmedia":[{"embeddable":true,"href":"https:\/\/shop.kluschowsky.com\/hu\/wp-json\/wp\/v2\/media\/5127"}],"wp:attachment":[{"href":"https:\/\/shop.kluschowsky.com\/hu\/wp-json\/wp\/v2\/media?parent=2647"}],"wp:term":[{"taxonomy":"brand","embeddable":true,"href":"https:\/\/shop.kluschowsky.com\/hu\/wp-json\/wp\/v2\/etheme_brands?post=2647"},{"taxonomy":"product_brand","embeddable":true,"href":"https:\/\/shop.kluschowsky.com\/hu\/wp-json\/wp\/v2\/product_brand?post=2647"},{"taxonomy":"product_cat","embeddable":true,"href":"https:\/\/shop.kluschowsky.com\/hu\/wp-json\/wp\/v2\/product_cat?post=2647"},{"taxonomy":"product_tag","embeddable":true,"href":"https:\/\/shop.kluschowsky.com\/hu\/wp-json\/wp\/v2\/product_tag?post=2647"}],"curies":[{"name":"wp","href":"https:\/\/api.w.org\/{rel}","templated":true}]}}