{"id":2660,"date":"2024-06-09T00:05:08","date_gmt":"2024-06-08T23:05:08","guid":{"rendered":"https:\/\/shop.kluschowsky.com\/?post_type=product&#038;p=2660"},"modified":"2025-12-05T09:05:03","modified_gmt":"2025-12-05T08:05:03","slug":"gloria-mini-hoops","status":"publish","type":"product","link":"https:\/\/shop.kluschowsky.com\/hu\/termek\/gloria-mini-hoops\/","title":{"rendered":"Gloria Mini karik\u00e1k"},"content":{"rendered":"<p>A Gloria Mini Hoops t\u00f6k\u00e9letes m\u00f3dja annak, hogy egy adag im\u00e1dnival\u00f3 b\u00e1jt adj b\u00e1rmilyen megjelen\u00e9shez! Ezek az apr\u00f3 karik\u00e1k sz\u00f3rakoztat\u00f3 \u00e9s kedves kieg\u00e9sz\u00edt\u0151k b\u00e1rmilyen alkalomra. Egyszer\u0171, vid\u00e1m kialak\u00edt\u00e1sukkal ezek a f\u00fclbeval\u00f3k egy kis boldogs\u00e1got \u00e9s melegs\u00e9get hoznak, b\u00e1rhov\u00e1 is m\u00e9sz.<\/p>","protected":false},"excerpt":{"rendered":"<table style=\"width: 28.8488%;\">\n<tbody>\n<tr>\n<td>Material<\/td>\n<td>Stainless steel<\/td>\n<\/tr>\n<tr>\n<td>Sz\u00ednes<\/td>\n<td>Luxurious 18k gold plated<\/td>\n<\/tr>\n<\/tbody>\n<\/table>\n<p>&nbsp;<\/p>","protected":false},"featured_media":5066,"comment_status":"open","ping_status":"closed","template":"","meta":[],"etheme_brands":[{"term_id":105,"name":"Kluschowsky Fashion","slug":"fashion","term_group":0,"term_taxonomy_id":105,"taxonomy":"brand","description":"","parent":0,"count":28,"filter":"raw","order":"0"}],"product_brand":[],"product_cat":[51,21],"product_tag":[196],"class_list":{"0":"post-2660","1":"product","2":"type-product","3":"status-publish","4":"has-post-thumbnail","6":"brand-fashion","7":"product_cat-best-sellers","8":"product_cat-earrings","9":"product_tag-kickoff","11":"first","12":"instock","13":"sale","14":"taxable","15":"shipping-taxable","16":"purchasable","17":"product-type-simple"},"_links":{"self":[{"href":"https:\/\/shop.kluschowsky.com\/hu\/wp-json\/wp\/v2\/product\/2660","targetHints":{"allow":["GET"]}}],"collection":[{"href":"https:\/\/shop.kluschowsky.com\/hu\/wp-json\/wp\/v2\/product"}],"about":[{"href":"https:\/\/shop.kluschowsky.com\/hu\/wp-json\/wp\/v2\/types\/product"}],"replies":[{"embeddable":true,"href":"https:\/\/shop.kluschowsky.com\/hu\/wp-json\/wp\/v2\/comments?post=2660"}],"version-history":[{"count":2,"href":"https:\/\/shop.kluschowsky.com\/hu\/wp-json\/wp\/v2\/product\/2660\/revisions"}],"predecessor-version":[{"id":6517,"href":"https:\/\/shop.kluschowsky.com\/hu\/wp-json\/wp\/v2\/product\/2660\/revisions\/6517"}],"wp:featuredmedia":[{"embeddable":true,"href":"https:\/\/shop.kluschowsky.com\/hu\/wp-json\/wp\/v2\/media\/5066"}],"wp:attachment":[{"href":"https:\/\/shop.kluschowsky.com\/hu\/wp-json\/wp\/v2\/media?parent=2660"}],"wp:term":[{"taxonomy":"brand","embeddable":true,"href":"https:\/\/shop.kluschowsky.com\/hu\/wp-json\/wp\/v2\/etheme_brands?post=2660"},{"taxonomy":"product_brand","embeddable":true,"href":"https:\/\/shop.kluschowsky.com\/hu\/wp-json\/wp\/v2\/product_brand?post=2660"},{"taxonomy":"product_cat","embeddable":true,"href":"https:\/\/shop.kluschowsky.com\/hu\/wp-json\/wp\/v2\/product_cat?post=2660"},{"taxonomy":"product_tag","embeddable":true,"href":"https:\/\/shop.kluschowsky.com\/hu\/wp-json\/wp\/v2\/product_tag?post=2660"}],"curies":[{"name":"wp","href":"https:\/\/api.w.org\/{rel}","templated":true}]}}