{"id":2663,"date":"2024-06-09T00:07:00","date_gmt":"2024-06-08T23:07:00","guid":{"rendered":"https:\/\/shop.kluschowsky.com\/?post_type=product&#038;p=2663"},"modified":"2025-12-05T09:05:03","modified_gmt":"2025-12-05T08:05:03","slug":"heartfelt-mini-hoops","status":"publish","type":"product","link":"https:\/\/shop.kluschowsky.com\/hu\/termek\/heartfelt-mini-hoops\/","title":{"rendered":"Sz\u00edvb\u0151l j\u00f6v\u0151 Mini karik\u00e1k"},"content":{"rendered":"<p>Adj egy \u00e9des kis b\u00e1jt a st\u00edlusodhoz a Heartfelt Mini Hoops karik\u00e1kkal. Ezek az im\u00e1dnival\u00f3 mini karika f\u00fclbeval\u00f3k egy finom sz\u00edv alak\u00fa med\u00e1llal rendelkeznek, amely kecsesen l\u00f3g, \u00e9s j\u00e1t\u00e9kos, m\u00e9gis eleg\u00e1ns kialak\u00edt\u00e1s\u00e1val vonzza a figyelmet. Ezek a f\u00fclbeval\u00f3k t\u00f6k\u00e9letesek a mindennapi viselethez vagy egy finom kijelent\u0151 darabhoz, \u00e9s gy\u00f6ny\u00f6r\u0171 m\u00f3dja annak, hogy a sz\u00edvedet az ujjadon viseld - sz\u00f3 szerint!<\/p>","protected":false},"excerpt":{"rendered":"<table style=\"width: 22.9134%;\">\n<tbody>\n<tr>\n<td>Material<\/td>\n<td>Stainless steel<\/td>\n<\/tr>\n<tr>\n<td>Sz\u00ednes<\/td>\n<td>Gold\/Silver plated<\/td>\n<\/tr>\n<\/tbody>\n<\/table>\n<p>&nbsp;<\/p>","protected":false},"featured_media":5083,"comment_status":"open","ping_status":"closed","template":"","meta":[],"etheme_brands":[{"term_id":105,"name":"Kluschowsky Fashion","slug":"fashion","term_group":0,"term_taxonomy_id":105,"taxonomy":"brand","description":"","parent":0,"count":28,"filter":"raw","order":"0"}],"product_brand":[],"product_cat":[21],"product_tag":[196],"class_list":{"0":"post-2663","1":"product","2":"type-product","3":"status-publish","4":"has-post-thumbnail","6":"brand-fashion","7":"product_cat-earrings","8":"product_tag-kickoff","10":"first","11":"instock","12":"sale","13":"taxable","14":"shipping-taxable","15":"purchasable","16":"product-type-simple"},"_links":{"self":[{"href":"https:\/\/shop.kluschowsky.com\/hu\/wp-json\/wp\/v2\/product\/2663","targetHints":{"allow":["GET"]}}],"collection":[{"href":"https:\/\/shop.kluschowsky.com\/hu\/wp-json\/wp\/v2\/product"}],"about":[{"href":"https:\/\/shop.kluschowsky.com\/hu\/wp-json\/wp\/v2\/types\/product"}],"replies":[{"embeddable":true,"href":"https:\/\/shop.kluschowsky.com\/hu\/wp-json\/wp\/v2\/comments?post=2663"}],"version-history":[{"count":2,"href":"https:\/\/shop.kluschowsky.com\/hu\/wp-json\/wp\/v2\/product\/2663\/revisions"}],"predecessor-version":[{"id":6516,"href":"https:\/\/shop.kluschowsky.com\/hu\/wp-json\/wp\/v2\/product\/2663\/revisions\/6516"}],"wp:featuredmedia":[{"embeddable":true,"href":"https:\/\/shop.kluschowsky.com\/hu\/wp-json\/wp\/v2\/media\/5083"}],"wp:attachment":[{"href":"https:\/\/shop.kluschowsky.com\/hu\/wp-json\/wp\/v2\/media?parent=2663"}],"wp:term":[{"taxonomy":"brand","embeddable":true,"href":"https:\/\/shop.kluschowsky.com\/hu\/wp-json\/wp\/v2\/etheme_brands?post=2663"},{"taxonomy":"product_brand","embeddable":true,"href":"https:\/\/shop.kluschowsky.com\/hu\/wp-json\/wp\/v2\/product_brand?post=2663"},{"taxonomy":"product_cat","embeddable":true,"href":"https:\/\/shop.kluschowsky.com\/hu\/wp-json\/wp\/v2\/product_cat?post=2663"},{"taxonomy":"product_tag","embeddable":true,"href":"https:\/\/shop.kluschowsky.com\/hu\/wp-json\/wp\/v2\/product_tag?post=2663"}],"curies":[{"name":"wp","href":"https:\/\/api.w.org\/{rel}","templated":true}]}}