{"id":2668,"date":"2024-06-09T00:09:17","date_gmt":"2024-06-08T23:09:17","guid":{"rendered":"https:\/\/shop.kluschowsky.com\/?post_type=product&#038;p=2668"},"modified":"2026-04-30T10:37:48","modified_gmt":"2026-04-30T09:37:48","slug":"tri-curve-earrings","status":"publish","type":"product","link":"https:\/\/shop.kluschowsky.com\/hu\/termek\/tri-curve-earrings\/","title":{"rendered":"Tri Curve f\u00fclbeval\u00f3"},"content":{"rendered":"<p>A Tri Curve f\u00fclbeval\u00f3 a klasszikus karik\u00e1s f\u00fclbeval\u00f3 \u00fajszer\u0171 v\u00e1ltozat\u00e1t k\u00edn\u00e1lja. Ezek a f\u00fclbeval\u00f3k h\u00e1rom p\u00e1rhuzamos karik\u00e1t tartalmaznak egyben, ami egy felt\u0171n\u0151 \u00e9s modern, t\u00f6bbkarik\u00e1s megjelen\u00e9st eredm\u00e9nyez. A kiv\u00e1l\u00f3 min\u0151s\u00e9g\u0171 rozsdamentes ac\u00e9lb\u00f3l k\u00e9sz\u00fclt, arany vagy ez\u00fcst kivitel\u0171 Tri Curve f\u00fclbeval\u00f3k k\u00f6nnyed\u00e9n \u00f6tv\u00f6zik az eleganci\u00e1t \u00e9s a kort\u00e1rs st\u00edlust.<\/p>\n<p>A f\u00fclbeval\u00f3k biztons\u00e1gos, k\u00e9nyelmes illeszked\u00e9st biztos\u00edt\u00f3 f\u00fclbeval\u00f3val k\u00e9sz\u00fcltek, \u00edgy t\u00f6k\u00e9letesek a mindennapi viselethez vagy k\u00fcl\u00f6nleges alkalmakra. Az arany \u00e9s ez\u00fcst sz\u00ednben is el\u00e9rhet\u0151 egyedi kialak\u00edt\u00e1suk mer\u00e9sz, m\u00e9gis kifinomult megjelen\u00e9st k\u00f6lcs\u00f6n\u00f6z b\u00e1rmely \u00f6lt\u00f6z\u00e9knek.<\/p>","protected":false},"excerpt":{"rendered":"<table style=\"width: 22.9134%;\">\n<tbody>\n<tr>\n<td>Material<\/td>\n<td>Stainless steel<\/td>\n<\/tr>\n<tr>\n<td>Sz\u00ednes<\/td>\n<td>Gold\/Silver plated<\/td>\n<\/tr>\n<\/tbody>\n<\/table>\n<p>&nbsp;<\/p>","protected":false},"featured_media":5140,"comment_status":"open","ping_status":"closed","template":"","meta":[],"etheme_brands":[{"term_id":105,"name":"Kluschowsky Fashion","slug":"fashion","term_group":0,"term_taxonomy_id":105,"taxonomy":"brand","description":"","parent":0,"count":28,"filter":"raw","order":"0"}],"product_brand":[],"product_cat":[51,21],"product_tag":[196],"class_list":{"0":"post-2668","1":"product","2":"type-product","3":"status-publish","4":"has-post-thumbnail","6":"brand-fashion","7":"product_cat-best-sellers","8":"product_cat-earrings","9":"product_tag-kickoff","11":"first","12":"instock","13":"sale","14":"taxable","15":"shipping-taxable","16":"purchasable","17":"product-type-variable"},"_links":{"self":[{"href":"https:\/\/shop.kluschowsky.com\/hu\/wp-json\/wp\/v2\/product\/2668","targetHints":{"allow":["GET"]}}],"collection":[{"href":"https:\/\/shop.kluschowsky.com\/hu\/wp-json\/wp\/v2\/product"}],"about":[{"href":"https:\/\/shop.kluschowsky.com\/hu\/wp-json\/wp\/v2\/types\/product"}],"replies":[{"embeddable":true,"href":"https:\/\/shop.kluschowsky.com\/hu\/wp-json\/wp\/v2\/comments?post=2668"}],"version-history":[{"count":2,"href":"https:\/\/shop.kluschowsky.com\/hu\/wp-json\/wp\/v2\/product\/2668\/revisions"}],"predecessor-version":[{"id":6515,"href":"https:\/\/shop.kluschowsky.com\/hu\/wp-json\/wp\/v2\/product\/2668\/revisions\/6515"}],"wp:featuredmedia":[{"embeddable":true,"href":"https:\/\/shop.kluschowsky.com\/hu\/wp-json\/wp\/v2\/media\/5140"}],"wp:attachment":[{"href":"https:\/\/shop.kluschowsky.com\/hu\/wp-json\/wp\/v2\/media?parent=2668"}],"wp:term":[{"taxonomy":"brand","embeddable":true,"href":"https:\/\/shop.kluschowsky.com\/hu\/wp-json\/wp\/v2\/etheme_brands?post=2668"},{"taxonomy":"product_brand","embeddable":true,"href":"https:\/\/shop.kluschowsky.com\/hu\/wp-json\/wp\/v2\/product_brand?post=2668"},{"taxonomy":"product_cat","embeddable":true,"href":"https:\/\/shop.kluschowsky.com\/hu\/wp-json\/wp\/v2\/product_cat?post=2668"},{"taxonomy":"product_tag","embeddable":true,"href":"https:\/\/shop.kluschowsky.com\/hu\/wp-json\/wp\/v2\/product_tag?post=2668"}],"curies":[{"name":"wp","href":"https:\/\/api.w.org\/{rel}","templated":true}]}}