{"id":2689,"date":"2024-06-09T00:24:17","date_gmt":"2024-06-08T23:24:17","guid":{"rendered":"https:\/\/shop.kluschowsky.com\/?post_type=product&#038;p=2689"},"modified":"2025-12-05T09:05:02","modified_gmt":"2025-12-05T08:05:02","slug":"heart-pendant-necklace","status":"publish","type":"product","link":"https:\/\/shop.kluschowsky.com\/hu\/termek\/heart-pendant-necklace\/","title":{"rendered":"Sz\u00edv med\u00e1l nyakl\u00e1nc"},"content":{"rendered":"<p>A sz\u00edv med\u00e1los nyakl\u00e1nc egy id\u0151tlen klasszikus, amely t\u00f6k\u00e9letesen kieg\u00e9sz\u00edti a sz\u00edves f\u00fclbeval\u00f3t, \u00e9s egy csipetnyi szeretetet k\u00f6lcs\u00f6n\u00f6z a megjelen\u00e9sednek. Ez az eleg\u00e1ns arany nyakl\u00e1nc egy finom sz\u00edv med\u00e1llal rendelkezik, amely finoman pihen a l\u00e1nc k\u00f6zep\u00e9n. A sz\u00edv a szeretetet \u00e9s a k\u00f6t\u0151d\u00e9st szimboliz\u00e1lja - ide\u00e1lis v\u00e1laszt\u00e1s, hogy romantikus, m\u00e9gis st\u00edlusos sz\u00ednt k\u00f6lcs\u00f6n\u00f6zz\u00f6n \u00f6lt\u00f6z\u00e9kednek.<\/p>\n<p>A 3 mm vastags\u00e1g\u00fa \u00e9s 40 cm hossz\u00fa (plusz 5 cm-es hosszabb\u00edt\u00e1ssal) nyakl\u00e1nc k\u00f6nnyen be\u00e1ll\u00edthat\u00f3 a st\u00edlus\u00e1hoz. A sz\u00edv med\u00e1l finoman leng minden mozdulatn\u00e1l, finom, m\u00e9gis hat\u00e1sos eleganci\u00e1t k\u00f6lcs\u00f6n\u00f6zve \u00d6nnek. Minimalista b\u00e1ja miatt mindennapi viseletre \u00e9s k\u00fcl\u00f6nleges alkalmakra egyar\u00e1nt t\u00f6k\u00e9letes.<\/p>\n<p>A sz\u00edv med\u00e1los nyakl\u00e1nc t\u00f6bb mint egy kieg\u00e9sz\u00edt\u0151 - a szeretet, a sz\u00e9ps\u00e9g \u00e9s a st\u00edlus szimb\u00f3luma. Adjon romantikus jelleget \u00e9kszerkollekci\u00f3j\u00e1hoz, \u00e9s hagyja, hogy sz\u00edve ragyogjon.<\/p>","protected":false},"excerpt":{"rendered":"<table>\n<tbody>\n<tr>\n<td>Material<\/td>\n<td>Stainless steel<\/td>\n<\/tr>\n<tr>\n<td>Sz\u00ednes<\/td>\n<td>Luxurious 18k gold plated<\/td>\n<\/tr>\n<tr>\n<td>Length<\/td>\n<td>40cm + 5cm extension for an adjustable fit<\/td>\n<\/tr>\n<\/tbody>\n<\/table>\n<p>&nbsp;<\/p>","protected":false},"featured_media":5080,"comment_status":"open","ping_status":"closed","template":"","meta":[],"etheme_brands":[{"term_id":105,"name":"Kluschowsky Fashion","slug":"fashion","term_group":0,"term_taxonomy_id":105,"taxonomy":"brand","description":"","parent":0,"count":28,"filter":"raw","order":"0"}],"product_brand":[],"product_cat":[80],"product_tag":[196],"class_list":{"0":"post-2689","1":"product","2":"type-product","3":"status-publish","4":"has-post-thumbnail","6":"brand-fashion","7":"product_cat-necklaces","8":"product_tag-kickoff","10":"first","11":"instock","12":"sale","13":"taxable","14":"shipping-taxable","15":"purchasable","16":"product-type-simple"},"_links":{"self":[{"href":"https:\/\/shop.kluschowsky.com\/hu\/wp-json\/wp\/v2\/product\/2689","targetHints":{"allow":["GET"]}}],"collection":[{"href":"https:\/\/shop.kluschowsky.com\/hu\/wp-json\/wp\/v2\/product"}],"about":[{"href":"https:\/\/shop.kluschowsky.com\/hu\/wp-json\/wp\/v2\/types\/product"}],"replies":[{"embeddable":true,"href":"https:\/\/shop.kluschowsky.com\/hu\/wp-json\/wp\/v2\/comments?post=2689"}],"version-history":[{"count":2,"href":"https:\/\/shop.kluschowsky.com\/hu\/wp-json\/wp\/v2\/product\/2689\/revisions"}],"predecessor-version":[{"id":6513,"href":"https:\/\/shop.kluschowsky.com\/hu\/wp-json\/wp\/v2\/product\/2689\/revisions\/6513"}],"wp:featuredmedia":[{"embeddable":true,"href":"https:\/\/shop.kluschowsky.com\/hu\/wp-json\/wp\/v2\/media\/5080"}],"wp:attachment":[{"href":"https:\/\/shop.kluschowsky.com\/hu\/wp-json\/wp\/v2\/media?parent=2689"}],"wp:term":[{"taxonomy":"brand","embeddable":true,"href":"https:\/\/shop.kluschowsky.com\/hu\/wp-json\/wp\/v2\/etheme_brands?post=2689"},{"taxonomy":"product_brand","embeddable":true,"href":"https:\/\/shop.kluschowsky.com\/hu\/wp-json\/wp\/v2\/product_brand?post=2689"},{"taxonomy":"product_cat","embeddable":true,"href":"https:\/\/shop.kluschowsky.com\/hu\/wp-json\/wp\/v2\/product_cat?post=2689"},{"taxonomy":"product_tag","embeddable":true,"href":"https:\/\/shop.kluschowsky.com\/hu\/wp-json\/wp\/v2\/product_tag?post=2689"}],"curies":[{"name":"wp","href":"https:\/\/api.w.org\/{rel}","templated":true}]}}