{"id":2701,"date":"2024-06-09T01:44:15","date_gmt":"2024-06-09T00:44:15","guid":{"rendered":"https:\/\/shop.kluschowsky.com\/?post_type=product&#038;p=2701"},"modified":"2026-04-30T10:35:41","modified_gmt":"2026-04-30T09:35:41","slug":"crystal-cascade-hoops","status":"publish","type":"product","link":"https:\/\/shop.kluschowsky.com\/hu\/termek\/crystal-cascade-hoops\/","title":{"rendered":"Krist\u00e1ly kaszk\u00e1d karik\u00e1k"},"content":{"rendered":"<p>A Crystal Cascade Hoops a visszafogott elegancia megtestes\u00edt\u0151je. A finom, kaszk\u00e1dszer\u0171en egym\u00e1shoz kapcsol\u00f3d\u00f3 \u00e1tl\u00e1tsz\u00f3 k\u00f6vek sorozata k\u00f6nnyed\u00e9n \u00f6tv\u00f6zi a kifinomults\u00e1got egy csipetnyi csillog\u00e1ssal. Arany \u00e9s ez\u00fcst bevonattal is kaphat\u00f3ak, \u00edgy kifinomult ragyog\u00e1st k\u00f6lcs\u00f6n\u00f6znek b\u00e1rmilyen \u00f6lt\u00f6z\u00e9knek.<\/p>\n<p>A Crystal Cascade Hoops sokoldal\u00fa b\u00e1j\u00e1val \u00e9s mag\u00e1val ragad\u00f3 diz\u00e1jnj\u00e1val t\u00f6bb mint egyszer\u0171 \u00e9kszer - a kifinomult st\u00edlusod t\u00fck\u00f6rk\u00e9pe.<\/p>","protected":false},"excerpt":{"rendered":"<table>\n<tbody>\n<tr>\n<td>Material<\/td>\n<td>Stainless steel<\/td>\n<\/tr>\n<tr>\n<td>Sz\u00ednes<\/td>\n<td>Gold\/Silver plated<\/td>\n<\/tr>\n<\/tbody>\n<\/table>\n<p>&nbsp;<\/p>","protected":false},"featured_media":5049,"comment_status":"open","ping_status":"closed","template":"","meta":[],"etheme_brands":[{"term_id":105,"name":"Kluschowsky Fashion","slug":"fashion","term_group":0,"term_taxonomy_id":105,"taxonomy":"brand","description":"","parent":0,"count":28,"filter":"raw","order":"0"}],"product_brand":[],"product_cat":[21],"product_tag":[196],"class_list":{"0":"post-2701","1":"product","2":"type-product","3":"status-publish","4":"has-post-thumbnail","6":"brand-fashion","7":"product_cat-earrings","8":"product_tag-kickoff","10":"first","11":"instock","12":"sale","13":"taxable","14":"shipping-taxable","15":"purchasable","16":"product-type-variable"},"_links":{"self":[{"href":"https:\/\/shop.kluschowsky.com\/hu\/wp-json\/wp\/v2\/product\/2701","targetHints":{"allow":["GET"]}}],"collection":[{"href":"https:\/\/shop.kluschowsky.com\/hu\/wp-json\/wp\/v2\/product"}],"about":[{"href":"https:\/\/shop.kluschowsky.com\/hu\/wp-json\/wp\/v2\/types\/product"}],"replies":[{"embeddable":true,"href":"https:\/\/shop.kluschowsky.com\/hu\/wp-json\/wp\/v2\/comments?post=2701"}],"version-history":[{"count":2,"href":"https:\/\/shop.kluschowsky.com\/hu\/wp-json\/wp\/v2\/product\/2701\/revisions"}],"predecessor-version":[{"id":6510,"href":"https:\/\/shop.kluschowsky.com\/hu\/wp-json\/wp\/v2\/product\/2701\/revisions\/6510"}],"wp:featuredmedia":[{"embeddable":true,"href":"https:\/\/shop.kluschowsky.com\/hu\/wp-json\/wp\/v2\/media\/5049"}],"wp:attachment":[{"href":"https:\/\/shop.kluschowsky.com\/hu\/wp-json\/wp\/v2\/media?parent=2701"}],"wp:term":[{"taxonomy":"brand","embeddable":true,"href":"https:\/\/shop.kluschowsky.com\/hu\/wp-json\/wp\/v2\/etheme_brands?post=2701"},{"taxonomy":"product_brand","embeddable":true,"href":"https:\/\/shop.kluschowsky.com\/hu\/wp-json\/wp\/v2\/product_brand?post=2701"},{"taxonomy":"product_cat","embeddable":true,"href":"https:\/\/shop.kluschowsky.com\/hu\/wp-json\/wp\/v2\/product_cat?post=2701"},{"taxonomy":"product_tag","embeddable":true,"href":"https:\/\/shop.kluschowsky.com\/hu\/wp-json\/wp\/v2\/product_tag?post=2701"}],"curies":[{"name":"wp","href":"https:\/\/api.w.org\/{rel}","templated":true}]}}