{"id":2704,"date":"2024-06-09T01:45:50","date_gmt":"2024-06-09T00:45:50","guid":{"rendered":"https:\/\/shop.kluschowsky.com\/?post_type=product&#038;p=2704"},"modified":"2026-04-30T10:37:29","modified_gmt":"2026-04-30T09:37:29","slug":"pearl-breeze-flower-studs","status":"publish","type":"product","link":"https:\/\/shop.kluschowsky.com\/hu\/termek\/pearl-breeze-flower-studs\/","title":{"rendered":"Pearl Breeze vir\u00e1gos f\u00fclbeval\u00f3k"},"content":{"rendered":"<p>A Pearl Breeze Flower Studs a term\u00e9szet eleganci\u00e1j\u00e1nak \u00e9s k\u00f6nnyeds\u00e9g\u00e9nek gy\u00f6ny\u00f6r\u0171 szimb\u00f3luma. Ezek a finom, vir\u00e1g alak\u00fa f\u00fclbeval\u00f3k k\u00f6zep\u00e9n egy \u00f3ce\u00e1ngy\u00f6ngy-szer\u0171 dr\u00e1gak\u0151 tal\u00e1lhat\u00f3, amelyet kiv\u00e1l\u00f3 min\u0151s\u00e9g\u0171 rozsdamentes ac\u00e9lra felvitt 18k aranyoz\u00e1s vesz k\u00f6r\u00fcl. Kecses kialak\u00edt\u00e1suk \u00e9s csillog\u00e1suk egy csipetnyi kifinomult, m\u00e9gis k\u00f6nnyed sz\u00e9ps\u00e9get k\u00f6lcs\u00f6n\u00f6z minden megjelen\u00e9snek.<\/p>\n<p>A Pearl Breeze Flower Studs egyszerre testes\u00edti meg a szel\u00edds\u00e9get \u00e9s az er\u0151t - egy olyan darab, amely a mindennapi viselethez \u00e9s a k\u00fcl\u00f6nleges alkalmakhoz egyar\u00e1nt elragad\u00f3. Minimalista kialak\u00edt\u00e1suk b\u00e1jos kieg\u00e9sz\u00edt\u0151v\u00e9 teszi \u0151ket, tiszta \u00e9s kifinomult kisug\u00e1rz\u00e1st k\u00f6lcs\u00f6n\u00f6zve st\u00edlusodnak.<\/p>\n<p>A Pearl Breeze Flower Studs t\u00f6bb mint egy kieg\u00e9sz\u00edt\u0151 - az elegancia, a tisztas\u00e1g \u00e9s a term\u00e9szet sz\u00e9ps\u00e9g\u00e9nek kifejez\u0151d\u00e9se, k\u00fcl\u00f6nleges k\u00f6nnyeds\u00e9get k\u00f6lcs\u00f6n\u00f6zve st\u00edlus\u00e1nak.<\/p>","protected":false},"excerpt":{"rendered":"<table>\n<tbody>\n<tr>\n<td>Material<\/td>\n<td>Stainless steel<\/td>\n<\/tr>\n<tr>\n<td>Sz\u00ednes<\/td>\n<td>Luxurious 18k gold plating<\/td>\n<\/tr>\n<\/tbody>\n<\/table>\n<p>&nbsp;<\/p>","protected":false},"featured_media":5116,"comment_status":"open","ping_status":"closed","template":"","meta":[],"etheme_brands":[{"term_id":105,"name":"Kluschowsky Fashion","slug":"fashion","term_group":0,"term_taxonomy_id":105,"taxonomy":"brand","description":"","parent":0,"count":28,"filter":"raw","order":"0"}],"product_brand":[],"product_cat":[21,74],"product_tag":[196,197],"class_list":{"0":"post-2704","1":"product","2":"type-product","3":"status-publish","4":"has-post-thumbnail","6":"brand-fashion","7":"product_cat-earrings","8":"product_cat-new-products","9":"product_tag-kickoff","10":"product_tag-spring","12":"first","13":"instock","14":"sale","15":"taxable","16":"shipping-taxable","17":"purchasable","18":"product-type-simple"},"_links":{"self":[{"href":"https:\/\/shop.kluschowsky.com\/hu\/wp-json\/wp\/v2\/product\/2704","targetHints":{"allow":["GET"]}}],"collection":[{"href":"https:\/\/shop.kluschowsky.com\/hu\/wp-json\/wp\/v2\/product"}],"about":[{"href":"https:\/\/shop.kluschowsky.com\/hu\/wp-json\/wp\/v2\/types\/product"}],"replies":[{"embeddable":true,"href":"https:\/\/shop.kluschowsky.com\/hu\/wp-json\/wp\/v2\/comments?post=2704"}],"version-history":[{"count":2,"href":"https:\/\/shop.kluschowsky.com\/hu\/wp-json\/wp\/v2\/product\/2704\/revisions"}],"predecessor-version":[{"id":6508,"href":"https:\/\/shop.kluschowsky.com\/hu\/wp-json\/wp\/v2\/product\/2704\/revisions\/6508"}],"wp:featuredmedia":[{"embeddable":true,"href":"https:\/\/shop.kluschowsky.com\/hu\/wp-json\/wp\/v2\/media\/5116"}],"wp:attachment":[{"href":"https:\/\/shop.kluschowsky.com\/hu\/wp-json\/wp\/v2\/media?parent=2704"}],"wp:term":[{"taxonomy":"brand","embeddable":true,"href":"https:\/\/shop.kluschowsky.com\/hu\/wp-json\/wp\/v2\/etheme_brands?post=2704"},{"taxonomy":"product_brand","embeddable":true,"href":"https:\/\/shop.kluschowsky.com\/hu\/wp-json\/wp\/v2\/product_brand?post=2704"},{"taxonomy":"product_cat","embeddable":true,"href":"https:\/\/shop.kluschowsky.com\/hu\/wp-json\/wp\/v2\/product_cat?post=2704"},{"taxonomy":"product_tag","embeddable":true,"href":"https:\/\/shop.kluschowsky.com\/hu\/wp-json\/wp\/v2\/product_tag?post=2704"}],"curies":[{"name":"wp","href":"https:\/\/api.w.org\/{rel}","templated":true}]}}