{"id":2707,"date":"2024-06-09T01:47:44","date_gmt":"2024-06-09T00:47:44","guid":{"rendered":"https:\/\/shop.kluschowsky.com\/?post_type=product&#038;p=2707"},"modified":"2025-12-05T09:05:01","modified_gmt":"2025-12-05T08:05:01","slug":"spark-of-the-crown-hoops","status":"publish","type":"product","link":"https:\/\/shop.kluschowsky.com\/hu\/termek\/spark-of-the-crown-hoops\/","title":{"rendered":"A Crown Hoops szikr\u00e1ja"},"content":{"rendered":"<p>A Spark of the Crown Hoops egy igaz\u00e1n kir\u00e1lyi kieg\u00e9sz\u00edt\u0151, amely a luxust \u00e9s az eleganci\u00e1t \u00f6tv\u00f6zi egy leny\u0171g\u00f6z\u0151 diz\u00e1jnban. Ezeket a 18 kar\u00e1tos arannyal bevont arany karik\u00e1kat csillog\u00f3 k\u00f6vek keretezik, amelyek fens\u00e9ges ragyog\u00e1st k\u00f6lcs\u00f6n\u00f6znek b\u00e1rmilyen megjelen\u00e9snek. A korona eleganci\u00e1ja ihlette ezeket a f\u00fclbeval\u00f3kat, amelyek tiszta kifinomults\u00e1got sug\u00e1roznak, \u00e9s t\u00f6k\u00e9letes kijelent\u00e9st tesznek.<\/p>\n<p>Biztons\u00e1gos, kattint\u00f3s z\u00e1r\u00f3d\u00e1ssal, k\u00e9nyelmes viselet. A Spark of the Crown karik\u00e1k ide\u00e1lis v\u00e1laszt\u00e1s, hogy ragyog\u00f3 csillog\u00e1st k\u00f6lcs\u00f6n\u00f6zz\u00f6n \u00f6lt\u00f6z\u00e9k\u00e9nek, \u00e9s fokozza eleganci\u00e1j\u00e1t.<\/p>\n<p>Adja hozz\u00e1 a korona csillog\u00e1s\u00e1t a st\u00edlus\u00e1hoz a Spark of the Crown karik\u00e1kkal - a t\u00f6k\u00e9letes \u00e9kszer egy olyan n\u0151 sz\u00e1m\u00e1ra, aki \u00e9rt\u00e9keli a st\u00edlust \u00e9s a kifinomults\u00e1got.<\/p>","protected":false},"excerpt":{"rendered":"<table>\n<tbody>\n<tr>\n<td>Material<\/td>\n<td>Stainless steel<\/td>\n<\/tr>\n<tr>\n<td>Sz\u00ednes<\/td>\n<td>Luxurious 18k gold plating<\/td>\n<\/tr>\n<\/tbody>\n<\/table>\n<p>&nbsp;<\/p>","protected":false},"featured_media":5133,"comment_status":"open","ping_status":"closed","template":"","meta":[],"etheme_brands":[{"term_id":105,"name":"Kluschowsky Fashion","slug":"fashion","term_group":0,"term_taxonomy_id":105,"taxonomy":"brand","description":"","parent":0,"count":28,"filter":"raw","order":"0"}],"product_brand":[],"product_cat":[21],"product_tag":[196],"class_list":{"0":"post-2707","1":"product","2":"type-product","3":"status-publish","4":"has-post-thumbnail","6":"brand-fashion","7":"product_cat-earrings","8":"product_tag-kickoff","10":"first","11":"instock","12":"sale","13":"taxable","14":"shipping-taxable","15":"purchasable","16":"product-type-simple"},"_links":{"self":[{"href":"https:\/\/shop.kluschowsky.com\/hu\/wp-json\/wp\/v2\/product\/2707","targetHints":{"allow":["GET"]}}],"collection":[{"href":"https:\/\/shop.kluschowsky.com\/hu\/wp-json\/wp\/v2\/product"}],"about":[{"href":"https:\/\/shop.kluschowsky.com\/hu\/wp-json\/wp\/v2\/types\/product"}],"replies":[{"embeddable":true,"href":"https:\/\/shop.kluschowsky.com\/hu\/wp-json\/wp\/v2\/comments?post=2707"}],"version-history":[{"count":2,"href":"https:\/\/shop.kluschowsky.com\/hu\/wp-json\/wp\/v2\/product\/2707\/revisions"}],"predecessor-version":[{"id":6506,"href":"https:\/\/shop.kluschowsky.com\/hu\/wp-json\/wp\/v2\/product\/2707\/revisions\/6506"}],"wp:featuredmedia":[{"embeddable":true,"href":"https:\/\/shop.kluschowsky.com\/hu\/wp-json\/wp\/v2\/media\/5133"}],"wp:attachment":[{"href":"https:\/\/shop.kluschowsky.com\/hu\/wp-json\/wp\/v2\/media?parent=2707"}],"wp:term":[{"taxonomy":"brand","embeddable":true,"href":"https:\/\/shop.kluschowsky.com\/hu\/wp-json\/wp\/v2\/etheme_brands?post=2707"},{"taxonomy":"product_brand","embeddable":true,"href":"https:\/\/shop.kluschowsky.com\/hu\/wp-json\/wp\/v2\/product_brand?post=2707"},{"taxonomy":"product_cat","embeddable":true,"href":"https:\/\/shop.kluschowsky.com\/hu\/wp-json\/wp\/v2\/product_cat?post=2707"},{"taxonomy":"product_tag","embeddable":true,"href":"https:\/\/shop.kluschowsky.com\/hu\/wp-json\/wp\/v2\/product_tag?post=2707"}],"curies":[{"name":"wp","href":"https:\/\/api.w.org\/{rel}","templated":true}]}}