{"id":2714,"date":"2024-06-09T01:50:04","date_gmt":"2024-06-09T00:50:04","guid":{"rendered":"https:\/\/shop.kluschowsky.com\/?post_type=product&#038;p=2714"},"modified":"2026-05-06T13:44:28","modified_gmt":"2026-05-06T12:44:28","slug":"lunar-impact-hoops","status":"publish","type":"product","link":"https:\/\/shop.kluschowsky.com\/hu\/termek\/lunar-impact-hoops\/","title":{"rendered":"Lunar Impact karik\u00e1k"},"content":{"rendered":"<p>A Lunar Impact Hoops kozmikus hangulatot k\u00f6lcs\u00f6n\u00f6z a megjelen\u00e9sednek. Ezek a kerek karik\u00e1k egyedi, kr\u00e1terszer\u0171 text\u00far\u00e1jukkal modern, textur\u00e1lt jelleget k\u00f6lcs\u00f6n\u00f6znek \u00f6lt\u00f6z\u00e9kednek. Arany \u00e9s ez\u00fcst sz\u00ednben kaphat\u00f3k, \u00edgy b\u00e1rmilyen alkalomra t\u00f6k\u00e9letes kieg\u00e9sz\u00edt\u0151.<\/p>\n<p>A praktikus f\u00fclbeval\u00f3nak k\u00f6sz\u00f6nhet\u0151en ezek a f\u00fclbeval\u00f3k k\u00e9nyelmesen viselhet\u0151k, \u00e9s mind a mindennapi, mind a k\u00fcl\u00f6nleges megjelen\u00e9st kieg\u00e9sz\u00edtik.<\/p>\n<p>Adj egy darabot az \u00e9gb\u0151l az \u00e9kszergy\u0171jtem\u00e9nyedhez a Lunar Impact Hoops karik\u00e1kkal!<\/p>","protected":false},"excerpt":{"rendered":"<table>\n<tbody>\n<tr>\n<td>Material<\/td>\n<td>Stainless steel<\/td>\n<\/tr>\n<tr>\n<td>Sz\u00ednes<\/td>\n<td>Gold\/Silver plated<\/td>\n<\/tr>\n<\/tbody>\n<\/table>\n<p>&nbsp;<\/p>","protected":false},"featured_media":5098,"comment_status":"open","ping_status":"closed","template":"","meta":[],"etheme_brands":[{"term_id":105,"name":"Kluschowsky Fashion","slug":"fashion","term_group":0,"term_taxonomy_id":105,"taxonomy":"brand","description":"","parent":0,"count":28,"filter":"raw","order":"0"}],"product_brand":[],"product_cat":[21],"product_tag":[196],"class_list":{"0":"post-2714","1":"product","2":"type-product","3":"status-publish","4":"has-post-thumbnail","6":"brand-fashion","7":"product_cat-earrings","8":"product_tag-kickoff","10":"first","11":"instock","12":"sale","13":"taxable","14":"shipping-taxable","15":"purchasable","16":"product-type-variable"},"_links":{"self":[{"href":"https:\/\/shop.kluschowsky.com\/hu\/wp-json\/wp\/v2\/product\/2714","targetHints":{"allow":["GET"]}}],"collection":[{"href":"https:\/\/shop.kluschowsky.com\/hu\/wp-json\/wp\/v2\/product"}],"about":[{"href":"https:\/\/shop.kluschowsky.com\/hu\/wp-json\/wp\/v2\/types\/product"}],"replies":[{"embeddable":true,"href":"https:\/\/shop.kluschowsky.com\/hu\/wp-json\/wp\/v2\/comments?post=2714"}],"version-history":[{"count":2,"href":"https:\/\/shop.kluschowsky.com\/hu\/wp-json\/wp\/v2\/product\/2714\/revisions"}],"predecessor-version":[{"id":6505,"href":"https:\/\/shop.kluschowsky.com\/hu\/wp-json\/wp\/v2\/product\/2714\/revisions\/6505"}],"wp:featuredmedia":[{"embeddable":true,"href":"https:\/\/shop.kluschowsky.com\/hu\/wp-json\/wp\/v2\/media\/5098"}],"wp:attachment":[{"href":"https:\/\/shop.kluschowsky.com\/hu\/wp-json\/wp\/v2\/media?parent=2714"}],"wp:term":[{"taxonomy":"brand","embeddable":true,"href":"https:\/\/shop.kluschowsky.com\/hu\/wp-json\/wp\/v2\/etheme_brands?post=2714"},{"taxonomy":"product_brand","embeddable":true,"href":"https:\/\/shop.kluschowsky.com\/hu\/wp-json\/wp\/v2\/product_brand?post=2714"},{"taxonomy":"product_cat","embeddable":true,"href":"https:\/\/shop.kluschowsky.com\/hu\/wp-json\/wp\/v2\/product_cat?post=2714"},{"taxonomy":"product_tag","embeddable":true,"href":"https:\/\/shop.kluschowsky.com\/hu\/wp-json\/wp\/v2\/product_tag?post=2714"}],"curies":[{"name":"wp","href":"https:\/\/api.w.org\/{rel}","templated":true}]}}