{"id":2720,"date":"2024-06-09T01:53:02","date_gmt":"2024-06-09T00:53:02","guid":{"rendered":"https:\/\/shop.kluschowsky.com\/?post_type=product&#038;p=2720"},"modified":"2026-03-04T04:22:43","modified_gmt":"2026-03-04T03:22:43","slug":"golden-drop-studs","status":"publish","type":"product","link":"https:\/\/shop.kluschowsky.com\/hu\/termek\/golden-drop-studs\/","title":{"rendered":"Arany csepp szegecsek"},"content":{"rendered":"<p>Az Arany csepp f\u00fclbeval\u00f3 az elegancia \u00e9s a minimalista design t\u00f6k\u00e9letes kombin\u00e1ci\u00f3ja. Ezek a l\u00f3g\u00f3 f\u00fclbeval\u00f3k csillog\u00f3 aranyb\u00f3l k\u00e9sz\u00fcltek, sima, lekerek\u00edtett v\u00e9g\u00fck l\u00e1gy, modern megjelen\u00e9st k\u00f6lcs\u00f6n\u00f6z nekik. Egyszer\u0171 sz\u00e9ps\u00e9g\u00fck \u00e9s finom mozg\u00e1suk egy csipetnyi kifinomults\u00e1got k\u00f6lcs\u00f6n\u00f6z b\u00e1rmilyen \u00f6lt\u00f6z\u00e9knek.<\/p>\n<p>Eleg\u00e1ns form\u00e1ja \u00e9s k\u00e9nyelmes hossza t\u00f6k\u00e9letes kieg\u00e9sz\u00edt\u0151v\u00e9 teszi \u0151ket, amely \u00e9pp a megfelel\u0151 hangs\u00falyt adja az \u00f6lt\u00f6z\u00e9k\u00e9hez an\u00e9lk\u00fcl, hogy t\u00fals\u00e1gosan felt\u0171n\u0151 lenne.<\/p>\n<p>Az Arany csepp f\u00fclbeval\u00f3k kifinomult, de visszafogott eleganci\u00e1t k\u00edn\u00e1lnak, k\u00fcl\u00f6nleges jelleget k\u00f6lcs\u00f6n\u00f6zve st\u00edlusodnak - mindig st\u00edlusos \u00e9s k\u00e9nyelmes viselet.<\/p>","protected":false},"excerpt":{"rendered":"<table>\n<tbody>\n<tr>\n<td>Material<\/td>\n<td>Stainless steel<\/td>\n<\/tr>\n<tr>\n<td>Sz\u00ednes<\/td>\n<td>Luxurious 18k gold plating<\/td>\n<\/tr>\n<\/tbody>\n<\/table>\n<p>&nbsp;<\/p>","protected":false},"featured_media":5069,"comment_status":"open","ping_status":"closed","template":"","meta":[],"etheme_brands":[{"term_id":105,"name":"Kluschowsky Fashion","slug":"fashion","term_group":0,"term_taxonomy_id":105,"taxonomy":"brand","description":"","parent":0,"count":28,"filter":"raw","order":"0"}],"product_brand":[],"product_cat":[21],"product_tag":[196],"class_list":{"0":"post-2720","1":"product","2":"type-product","3":"status-publish","4":"has-post-thumbnail","6":"brand-fashion","7":"product_cat-earrings","8":"product_tag-kickoff","10":"first","11":"instock","12":"sale","13":"taxable","14":"shipping-taxable","15":"purchasable","16":"product-type-variable"},"_links":{"self":[{"href":"https:\/\/shop.kluschowsky.com\/hu\/wp-json\/wp\/v2\/product\/2720","targetHints":{"allow":["GET"]}}],"collection":[{"href":"https:\/\/shop.kluschowsky.com\/hu\/wp-json\/wp\/v2\/product"}],"about":[{"href":"https:\/\/shop.kluschowsky.com\/hu\/wp-json\/wp\/v2\/types\/product"}],"replies":[{"embeddable":true,"href":"https:\/\/shop.kluschowsky.com\/hu\/wp-json\/wp\/v2\/comments?post=2720"}],"version-history":[{"count":1,"href":"https:\/\/shop.kluschowsky.com\/hu\/wp-json\/wp\/v2\/product\/2720\/revisions"}],"predecessor-version":[{"id":6504,"href":"https:\/\/shop.kluschowsky.com\/hu\/wp-json\/wp\/v2\/product\/2720\/revisions\/6504"}],"wp:featuredmedia":[{"embeddable":true,"href":"https:\/\/shop.kluschowsky.com\/hu\/wp-json\/wp\/v2\/media\/5069"}],"wp:attachment":[{"href":"https:\/\/shop.kluschowsky.com\/hu\/wp-json\/wp\/v2\/media?parent=2720"}],"wp:term":[{"taxonomy":"brand","embeddable":true,"href":"https:\/\/shop.kluschowsky.com\/hu\/wp-json\/wp\/v2\/etheme_brands?post=2720"},{"taxonomy":"product_brand","embeddable":true,"href":"https:\/\/shop.kluschowsky.com\/hu\/wp-json\/wp\/v2\/product_brand?post=2720"},{"taxonomy":"product_cat","embeddable":true,"href":"https:\/\/shop.kluschowsky.com\/hu\/wp-json\/wp\/v2\/product_cat?post=2720"},{"taxonomy":"product_tag","embeddable":true,"href":"https:\/\/shop.kluschowsky.com\/hu\/wp-json\/wp\/v2\/product_tag?post=2720"}],"curies":[{"name":"wp","href":"https:\/\/api.w.org\/{rel}","templated":true}]}}