{"id":2725,"date":"2024-06-09T01:54:05","date_gmt":"2024-06-09T00:54:05","guid":{"rendered":"https:\/\/shop.kluschowsky.com\/?post_type=product&#038;p=2725"},"modified":"2026-04-05T22:38:11","modified_gmt":"2026-04-05T21:38:11","slug":"evangelia-earrings","status":"publish","type":"product","link":"https:\/\/shop.kluschowsky.com\/hu\/termek\/evangelia-earrings\/","title":{"rendered":"Evangelia f\u00fclbeval\u00f3"},"content":{"rendered":"<p>Az Evangelia f\u00fclbeval\u00f3 t\u00f6k\u00e9letes m\u00f3dja annak, hogy alkalmi, m\u00e9gis figyelemfelkelt\u0151 hat\u00e1st k\u00f6lcs\u00f6n\u00f6zz\u00f6n megjelen\u00e9sednek. Ezek a l\u00f3g\u00f3 f\u00fclbeval\u00f3k form\u00e1zott, diz\u00e1jnos kialak\u00edt\u00e1s\u00faak, amelyek modern, j\u00e1t\u00e9kos hangulatot k\u00f6lcs\u00f6n\u00f6znek b\u00e1rmilyen \u00f6lt\u00f6z\u00e9knek.<\/p>\n<p>Mer\u00e9sz m\u00e9ret\u00fckkel kiemelked\u0151 darabk\u00e9nt t\u0171nnek fel, t\u00f6k\u00e9letesek a mindennapi viselethez \u00e9s a k\u00fcl\u00f6nleges pillanatokhoz is, amikor egy kis extra hat\u00e1st akarsz el\u00e9rni. A k\u00f6nny\u0171 szegecses z\u00e1r\u00f3d\u00e1s biztons\u00e1gos \u00e9s k\u00e9nyelmes illeszked\u00e9st biztos\u00edt, m\u00edg az egyszer\u0171 kialak\u00edt\u00e1snak k\u00f6sz\u00f6nhet\u0151en st\u00edlusos \u00e9s k\u00f6nnyed.<\/p>\n<p>Adjon st\u00edlus\u00e1hoz h\u0171v\u00f6s, visszafogott eleganci\u00e1t az Evangelia f\u00fclbeval\u00f3val - k\u00f6nnyen viselhet\u0151 \u00e9s mindig mutat\u00f3s darab.<\/p>","protected":false},"excerpt":{"rendered":"<table>\n<tbody>\n<tr>\n<td>Material<\/td>\n<td>Stainless steel<\/td>\n<\/tr>\n<tr>\n<td>Sz\u00ednes<\/td>\n<td>Gold\/Silver plating<\/td>\n<\/tr>\n<\/tbody>\n<\/table>\n<p>&nbsp;<\/p>","protected":false},"featured_media":5056,"comment_status":"open","ping_status":"closed","template":"","meta":[],"etheme_brands":[{"term_id":105,"name":"Kluschowsky Fashion","slug":"fashion","term_group":0,"term_taxonomy_id":105,"taxonomy":"brand","description":"","parent":0,"count":28,"filter":"raw","order":"0"}],"product_brand":[],"product_cat":[21],"product_tag":[196],"class_list":{"0":"post-2725","1":"product","2":"type-product","3":"status-publish","4":"has-post-thumbnail","6":"brand-fashion","7":"product_cat-earrings","8":"product_tag-kickoff","10":"first","11":"instock","12":"sale","13":"taxable","14":"shipping-taxable","15":"purchasable","16":"product-type-variable"},"_links":{"self":[{"href":"https:\/\/shop.kluschowsky.com\/hu\/wp-json\/wp\/v2\/product\/2725","targetHints":{"allow":["GET"]}}],"collection":[{"href":"https:\/\/shop.kluschowsky.com\/hu\/wp-json\/wp\/v2\/product"}],"about":[{"href":"https:\/\/shop.kluschowsky.com\/hu\/wp-json\/wp\/v2\/types\/product"}],"replies":[{"embeddable":true,"href":"https:\/\/shop.kluschowsky.com\/hu\/wp-json\/wp\/v2\/comments?post=2725"}],"version-history":[{"count":5,"href":"https:\/\/shop.kluschowsky.com\/hu\/wp-json\/wp\/v2\/product\/2725\/revisions"}],"predecessor-version":[{"id":6791,"href":"https:\/\/shop.kluschowsky.com\/hu\/wp-json\/wp\/v2\/product\/2725\/revisions\/6791"}],"wp:featuredmedia":[{"embeddable":true,"href":"https:\/\/shop.kluschowsky.com\/hu\/wp-json\/wp\/v2\/media\/5056"}],"wp:attachment":[{"href":"https:\/\/shop.kluschowsky.com\/hu\/wp-json\/wp\/v2\/media?parent=2725"}],"wp:term":[{"taxonomy":"brand","embeddable":true,"href":"https:\/\/shop.kluschowsky.com\/hu\/wp-json\/wp\/v2\/etheme_brands?post=2725"},{"taxonomy":"product_brand","embeddable":true,"href":"https:\/\/shop.kluschowsky.com\/hu\/wp-json\/wp\/v2\/product_brand?post=2725"},{"taxonomy":"product_cat","embeddable":true,"href":"https:\/\/shop.kluschowsky.com\/hu\/wp-json\/wp\/v2\/product_cat?post=2725"},{"taxonomy":"product_tag","embeddable":true,"href":"https:\/\/shop.kluschowsky.com\/hu\/wp-json\/wp\/v2\/product_tag?post=2725"}],"curies":[{"name":"wp","href":"https:\/\/api.w.org\/{rel}","templated":true}]}}