{"id":2728,"date":"2024-06-09T01:54:50","date_gmt":"2024-06-09T00:54:50","guid":{"rendered":"https:\/\/shop.kluschowsky.com\/?post_type=product&#038;p=2728"},"modified":"2025-12-05T09:05:01","modified_gmt":"2025-12-05T08:05:01","slug":"pearl-breeze-butterfly-studs","status":"publish","type":"product","link":"https:\/\/shop.kluschowsky.com\/hu\/termek\/pearl-breeze-butterfly-studs\/","title":{"rendered":"Pearl Breeze pillang\u00f3 f\u00fclbeval\u00f3k"},"content":{"rendered":"<p>A Pearl Breeze Butterfly Studs az \u00e1talakul\u00e1s \u00e9s a k\u00f6nnyeds\u00e9g gy\u00f6ny\u00f6r\u0171 szimb\u00f3luma. Ezek a finom pillang\u00f3 alak\u00fa szegecsek egy \u00f3ce\u00e1ni gy\u00f6ngyszemet tartalmaznak a k\u00f6zep\u00e9n, amelyet luxus 18k aranyoz\u00e1s vesz k\u00f6r\u00fcl a kiv\u00e1l\u00f3 min\u0151s\u00e9g\u0171 rozsdamentes ac\u00e9lon. J\u00e1t\u00e9kos form\u00e1juk \u00e9s csillog\u00e1suk eleg\u00e1ns, m\u00e9gis gondtalan hat\u00e1st k\u00f6lcs\u00f6n\u00f6z minden megjelen\u00e9snek.<\/p>\n<p>A Pearl Breeze Butterfly Studs egyszerre testes\u00edti meg a szel\u00edds\u00e9get \u00e9s az er\u0151t - egy olyan darab, amely a mindennapi viselethez \u00e9s a k\u00fcl\u00f6nleges alkalmakhoz egyar\u00e1nt elragad\u00f3. Minimalista kialak\u00edt\u00e1suk b\u00e1jos kieg\u00e9sz\u00edt\u0151v\u00e9 teszi \u0151ket, tiszta \u00e9s kifinomult kisug\u00e1rz\u00e1st k\u00f6lcs\u00f6n\u00f6zve st\u00edlusodnak.<\/p>\n<p>A Butterfly of Clarity Studs t\u00f6bb, mint egy egyszer\u0171 kieg\u00e9sz\u00edt\u0151 - az elegancia, a tisztas\u00e1g \u00e9s a szabads\u00e1g kifejez\u0151d\u00e9se, k\u00fcl\u00f6nleges k\u00f6nnyeds\u00e9get k\u00f6lcs\u00f6n\u00f6zve st\u00edlus\u00e1nak.<\/p>","protected":false},"excerpt":{"rendered":"<table>\n<tbody>\n<tr>\n<td>Material<\/td>\n<td>Stainless steel<\/td>\n<\/tr>\n<tr>\n<td>Sz\u00ednes<\/td>\n<td>Luxurious 18k gold plating<\/td>\n<\/tr>\n<\/tbody>\n<\/table>\n<p>&nbsp;<\/p>","protected":false},"featured_media":5110,"comment_status":"open","ping_status":"closed","template":"","meta":[],"etheme_brands":[{"term_id":105,"name":"Kluschowsky Fashion","slug":"fashion","term_group":0,"term_taxonomy_id":105,"taxonomy":"brand","description":"","parent":0,"count":28,"filter":"raw","order":"0"}],"product_brand":[],"product_cat":[21],"product_tag":[196],"class_list":{"0":"post-2728","1":"product","2":"type-product","3":"status-publish","4":"has-post-thumbnail","6":"brand-fashion","7":"product_cat-earrings","8":"product_tag-kickoff","10":"first","11":"instock","12":"sale","13":"taxable","14":"shipping-taxable","15":"purchasable","16":"product-type-simple"},"_links":{"self":[{"href":"https:\/\/shop.kluschowsky.com\/hu\/wp-json\/wp\/v2\/product\/2728","targetHints":{"allow":["GET"]}}],"collection":[{"href":"https:\/\/shop.kluschowsky.com\/hu\/wp-json\/wp\/v2\/product"}],"about":[{"href":"https:\/\/shop.kluschowsky.com\/hu\/wp-json\/wp\/v2\/types\/product"}],"replies":[{"embeddable":true,"href":"https:\/\/shop.kluschowsky.com\/hu\/wp-json\/wp\/v2\/comments?post=2728"}],"version-history":[{"count":2,"href":"https:\/\/shop.kluschowsky.com\/hu\/wp-json\/wp\/v2\/product\/2728\/revisions"}],"predecessor-version":[{"id":6500,"href":"https:\/\/shop.kluschowsky.com\/hu\/wp-json\/wp\/v2\/product\/2728\/revisions\/6500"}],"wp:featuredmedia":[{"embeddable":true,"href":"https:\/\/shop.kluschowsky.com\/hu\/wp-json\/wp\/v2\/media\/5110"}],"wp:attachment":[{"href":"https:\/\/shop.kluschowsky.com\/hu\/wp-json\/wp\/v2\/media?parent=2728"}],"wp:term":[{"taxonomy":"brand","embeddable":true,"href":"https:\/\/shop.kluschowsky.com\/hu\/wp-json\/wp\/v2\/etheme_brands?post=2728"},{"taxonomy":"product_brand","embeddable":true,"href":"https:\/\/shop.kluschowsky.com\/hu\/wp-json\/wp\/v2\/product_brand?post=2728"},{"taxonomy":"product_cat","embeddable":true,"href":"https:\/\/shop.kluschowsky.com\/hu\/wp-json\/wp\/v2\/product_cat?post=2728"},{"taxonomy":"product_tag","embeddable":true,"href":"https:\/\/shop.kluschowsky.com\/hu\/wp-json\/wp\/v2\/product_tag?post=2728"}],"curies":[{"name":"wp","href":"https:\/\/api.w.org\/{rel}","templated":true}]}}