{"id":2744,"date":"2024-06-09T02:00:08","date_gmt":"2024-06-09T01:00:08","guid":{"rendered":"https:\/\/shop.kluschowsky.com\/?post_type=product&#038;p=2744"},"modified":"2026-04-30T10:35:59","modified_gmt":"2026-04-30T09:35:59","slug":"elegance-curve-necklace","status":"publish","type":"product","link":"https:\/\/shop.kluschowsky.com\/hu\/termek\/elegance-curve-necklace\/","title":{"rendered":"Elegance Curve nyakl\u00e1nc"},"content":{"rendered":"<p>Az Elegance Curve nyakl\u00e1nc az id\u0151tlen elegancia igazi mesterm\u0171ve. A kifinomult U alak\u00fa med\u00e1l \u00e9s a finom, csillog\u00f3 gy\u00f6ngy a k\u00f6zep\u00e9n, ez a nyakl\u00e1nc a kecsess\u00e9get \u00e9s a kifinomults\u00e1got testes\u00edti meg. A kiv\u00e1l\u00f3 min\u0151s\u00e9g\u0171 18k aranyoz\u00e1s f\u00e9ny\u0171z\u0151 csillog\u00e1st k\u00f6lcs\u00f6n\u00f6z, \u00edgy t\u00f6k\u00e9letes darab k\u00fcl\u00f6nleges alkalmakra, vagy a mindennapi viselet eleg\u00e1nsabb\u00e1 t\u00e9tel\u00e9re.<\/p>\n<p>A finom, \u00edvelt med\u00e1l finoman k\u00f6veti a nyak vonal\u00e1t, harmonikus egyens\u00falyt teremtve a modernit\u00e1s \u00e9s a klasszikus sz\u00e9ps\u00e9g k\u00f6z\u00f6tt. A k\u00f6z\u00e9pen tal\u00e1lhat\u00f3 gy\u00f6ngy teszi teljess\u00e9 a diz\u00e1jnt, l\u00e1gy, nemes ragyog\u00e1st k\u00f6lcs\u00f6n\u00f6zve a darabnak.<\/p>\n<p>Adjon egy csipetnyi exkluzivit\u00e1st st\u00edlus\u00e1hoz az Elegance Curve nyakl\u00e1nccal, \u00e9s hagyja, hogy visszafogott, m\u00e9gis er\u0151teljes sz\u00e9ps\u00e9ge mag\u00e1val ragadja.<\/p>","protected":false},"excerpt":{"rendered":"<table>\n<tbody>\n<tr>\n<td>Material<\/td>\n<td>Stainless steel<\/td>\n<\/tr>\n<tr>\n<td>Sz\u00ednes<\/td>\n<td>Luxurious 18k gold plating<\/td>\n<\/tr>\n<\/tbody>\n<\/table>\n<p>&nbsp;<\/p>","protected":false},"featured_media":5053,"comment_status":"open","ping_status":"closed","template":"","meta":[],"etheme_brands":[{"term_id":105,"name":"Kluschowsky Fashion","slug":"fashion","term_group":0,"term_taxonomy_id":105,"taxonomy":"brand","description":"","parent":0,"count":28,"filter":"raw","order":"0"}],"product_brand":[],"product_cat":[80],"product_tag":[164,196,197],"class_list":{"0":"post-2744","1":"product","2":"type-product","3":"status-publish","4":"has-post-thumbnail","6":"brand-fashion","7":"product_cat-necklaces","8":"product_tag-fashion-jewelry","9":"product_tag-kickoff","10":"product_tag-spring","12":"first","13":"instock","14":"sale","15":"taxable","16":"shipping-taxable","17":"purchasable","18":"product-type-simple"},"_links":{"self":[{"href":"https:\/\/shop.kluschowsky.com\/hu\/wp-json\/wp\/v2\/product\/2744","targetHints":{"allow":["GET"]}}],"collection":[{"href":"https:\/\/shop.kluschowsky.com\/hu\/wp-json\/wp\/v2\/product"}],"about":[{"href":"https:\/\/shop.kluschowsky.com\/hu\/wp-json\/wp\/v2\/types\/product"}],"replies":[{"embeddable":true,"href":"https:\/\/shop.kluschowsky.com\/hu\/wp-json\/wp\/v2\/comments?post=2744"}],"version-history":[{"count":9,"href":"https:\/\/shop.kluschowsky.com\/hu\/wp-json\/wp\/v2\/product\/2744\/revisions"}],"predecessor-version":[{"id":6525,"href":"https:\/\/shop.kluschowsky.com\/hu\/wp-json\/wp\/v2\/product\/2744\/revisions\/6525"}],"wp:featuredmedia":[{"embeddable":true,"href":"https:\/\/shop.kluschowsky.com\/hu\/wp-json\/wp\/v2\/media\/5053"}],"wp:attachment":[{"href":"https:\/\/shop.kluschowsky.com\/hu\/wp-json\/wp\/v2\/media?parent=2744"}],"wp:term":[{"taxonomy":"brand","embeddable":true,"href":"https:\/\/shop.kluschowsky.com\/hu\/wp-json\/wp\/v2\/etheme_brands?post=2744"},{"taxonomy":"product_brand","embeddable":true,"href":"https:\/\/shop.kluschowsky.com\/hu\/wp-json\/wp\/v2\/product_brand?post=2744"},{"taxonomy":"product_cat","embeddable":true,"href":"https:\/\/shop.kluschowsky.com\/hu\/wp-json\/wp\/v2\/product_cat?post=2744"},{"taxonomy":"product_tag","embeddable":true,"href":"https:\/\/shop.kluschowsky.com\/hu\/wp-json\/wp\/v2\/product_tag?post=2744"}],"curies":[{"name":"wp","href":"https:\/\/api.w.org\/{rel}","templated":true}]}}