{"id":2759,"date":"2024-06-09T02:06:14","date_gmt":"2024-06-09T01:06:14","guid":{"rendered":"https:\/\/shop.kluschowsky.com\/?post_type=product&#038;p=2759"},"modified":"2026-04-05T22:39:12","modified_gmt":"2026-04-05T21:39:12","slug":"sweetheart-gem-hoops","status":"publish","type":"product","link":"https:\/\/shop.kluschowsky.com\/hu\/termek\/sweetheart-gem-hoops\/","title":{"rendered":"Sweetheart Gem karik\u00e1k"},"content":{"rendered":"<p>Szeress bele a Sweetheart Gem Hoops \u00e9kszerbe - egy olyan \u00e9kszerbe, amely \u00f6tv\u00f6zi a st\u00edlust \u00e9s a szerelmet. Ezeket a finom arany karik\u00e1kat gy\u00f6ny\u00f6r\u0171 sz\u00edv alak\u00fa dr\u00e1gak\u00f6vek d\u00edsz\u00edtik, amelyek gyeng\u00e9d b\u00e1jt k\u00f6lcs\u00f6n\u00f6znek minden ruh\u00e1nak. A 18k aranyoz\u00e1s kiv\u00e1l\u00f3 min\u0151s\u00e9g\u0171 megjelen\u00e9st biztos\u00edt, valamint tart\u00f3ss\u00e1got \u00e9s k\u00e9nyelmet biztos\u00edt. A Sweetheart Gem Hoops t\u00f6bb mint egy kieg\u00e9sz\u00edt\u0151 - a k\u00fcl\u00f6nleges pillanatokra \u00e9s a minket k\u00f6r\u00fclvev\u0151 szeretetre eml\u00e9keztetnek. T\u00f6k\u00e9letes a mindennapi viselethez vagy egy \u00e1tgondolt aj\u00e1nd\u00e9knak egy sz\u00e1modra kedves szem\u00e9ly sz\u00e1m\u00e1ra.<\/p>","protected":false},"excerpt":{"rendered":"<table>\n<tbody>\n<tr>\n<td>Material<\/td>\n<td>Stainless steel<\/td>\n<\/tr>\n<tr>\n<td>Sz\u00ednes<\/td>\n<td>Luxurious 18k gold plating<\/td>\n<\/tr>\n<\/tbody>\n<\/table>\n<p>&nbsp;<\/p>","protected":false},"featured_media":5136,"comment_status":"open","ping_status":"closed","template":"","meta":[],"etheme_brands":[{"term_id":105,"name":"Kluschowsky Fashion","slug":"fashion","term_group":0,"term_taxonomy_id":105,"taxonomy":"brand","description":"","parent":0,"count":28,"filter":"raw","order":"0"}],"product_brand":[],"product_cat":[21],"product_tag":[196],"class_list":{"0":"post-2759","1":"product","2":"type-product","3":"status-publish","4":"has-post-thumbnail","6":"brand-fashion","7":"product_cat-earrings","8":"product_tag-kickoff","10":"first","11":"instock","12":"sale","13":"taxable","14":"shipping-taxable","15":"purchasable","16":"product-type-variable"},"_links":{"self":[{"href":"https:\/\/shop.kluschowsky.com\/hu\/wp-json\/wp\/v2\/product\/2759","targetHints":{"allow":["GET"]}}],"collection":[{"href":"https:\/\/shop.kluschowsky.com\/hu\/wp-json\/wp\/v2\/product"}],"about":[{"href":"https:\/\/shop.kluschowsky.com\/hu\/wp-json\/wp\/v2\/types\/product"}],"replies":[{"embeddable":true,"href":"https:\/\/shop.kluschowsky.com\/hu\/wp-json\/wp\/v2\/comments?post=2759"}],"version-history":[{"count":2,"href":"https:\/\/shop.kluschowsky.com\/hu\/wp-json\/wp\/v2\/product\/2759\/revisions"}],"predecessor-version":[{"id":6497,"href":"https:\/\/shop.kluschowsky.com\/hu\/wp-json\/wp\/v2\/product\/2759\/revisions\/6497"}],"wp:featuredmedia":[{"embeddable":true,"href":"https:\/\/shop.kluschowsky.com\/hu\/wp-json\/wp\/v2\/media\/5136"}],"wp:attachment":[{"href":"https:\/\/shop.kluschowsky.com\/hu\/wp-json\/wp\/v2\/media?parent=2759"}],"wp:term":[{"taxonomy":"brand","embeddable":true,"href":"https:\/\/shop.kluschowsky.com\/hu\/wp-json\/wp\/v2\/etheme_brands?post=2759"},{"taxonomy":"product_brand","embeddable":true,"href":"https:\/\/shop.kluschowsky.com\/hu\/wp-json\/wp\/v2\/product_brand?post=2759"},{"taxonomy":"product_cat","embeddable":true,"href":"https:\/\/shop.kluschowsky.com\/hu\/wp-json\/wp\/v2\/product_cat?post=2759"},{"taxonomy":"product_tag","embeddable":true,"href":"https:\/\/shop.kluschowsky.com\/hu\/wp-json\/wp\/v2\/product_tag?post=2759"}],"curies":[{"name":"wp","href":"https:\/\/api.w.org\/{rel}","templated":true}]}}