{"id":2765,"date":"2024-06-09T02:07:55","date_gmt":"2024-06-09T01:07:55","guid":{"rendered":"https:\/\/shop.kluschowsky.com\/?post_type=product&#038;p=2765"},"modified":"2026-04-30T10:36:20","modified_gmt":"2026-04-30T09:36:20","slug":"gleaming-gem-hoops","status":"publish","type":"product","link":"https:\/\/shop.kluschowsky.com\/hu\/termek\/gleaming-gem-hoops\/","title":{"rendered":"Csillog\u00f3 dr\u00e1gak\u0151 karik\u00e1k"},"content":{"rendered":"<p>A Gleaming Gem Hoops a m\u00f3ka \u00e9s a csillog\u00e1s t\u00f6k\u00e9letes kever\u00e9ke! Ezek a tart\u00f3s rozsdamentes ac\u00e9lb\u00f3l k\u00e9sz\u00fclt, 18k-s arannyal bevont, aranyozott, aranyos karik\u00e1k \u00fagy vannak kialak\u00edtva, hogy ragyogjanak. Minden f\u00fclbeval\u00f3 egy-egy b\u00e1jos dr\u00e1gak\u0151vel van kirakva, amely megragadja a f\u00e9nyt, \u00e9s egy kis extra var\u00e1zslatot k\u00f6lcs\u00f6n\u00f6z a megjelen\u00e9sednek. Az arany foglalat feldobja a k\u00f6vet, \u00edgy ezek a karik\u00e1k j\u00e1t\u00e9kos, m\u00e9gis figyelemfelkelt\u0151 hat\u00e1st keltenek.<\/p>\n<p>Ak\u00e1r egy esti sz\u00f3rakoz\u00e1sra k\u00e9sz\u00fclsz, ak\u00e1r csak egy kis csillog\u00e1st szeretn\u00e9l adni a h\u00e9tk\u00f6znapi \u00f6lt\u00f6z\u00e9kednek, a Gleaming Gem Hoops egy sz\u00f3rakoztat\u00f3 \u00e9s egyszer\u0171 m\u00f3dja annak, hogy feldobd a st\u00edlusodat.<\/p>\n<p>Adj egy kis csillog\u00e1st a napodhoz a Gleaming Gem Hoops karik\u00e1kkal - az aranyos \u00e9s eleg\u00e1ns t\u00f6k\u00e9letes kever\u00e9ke!<\/p>","protected":false},"excerpt":{"rendered":"<table>\n<tbody>\n<tr>\n<td>Material<\/td>\n<td>Stainless steel<\/td>\n<\/tr>\n<tr>\n<td>Sz\u00ednes<\/td>\n<td>Luxurious 18k gold plating<\/td>\n<\/tr>\n<\/tbody>\n<\/table>\n<p>&nbsp;<\/p>","protected":false},"featured_media":5061,"comment_status":"open","ping_status":"closed","template":"","meta":[],"etheme_brands":[{"term_id":105,"name":"Kluschowsky Fashion","slug":"fashion","term_group":0,"term_taxonomy_id":105,"taxonomy":"brand","description":"","parent":0,"count":28,"filter":"raw","order":"0"}],"product_brand":[],"product_cat":[21],"product_tag":[164,196],"class_list":{"0":"post-2765","1":"product","2":"type-product","3":"status-publish","4":"has-post-thumbnail","6":"brand-fashion","7":"product_cat-earrings","8":"product_tag-fashion-jewelry","9":"product_tag-kickoff","11":"first","12":"instock","13":"sale","14":"taxable","15":"shipping-taxable","16":"purchasable","17":"product-type-variable"},"_links":{"self":[{"href":"https:\/\/shop.kluschowsky.com\/hu\/wp-json\/wp\/v2\/product\/2765","targetHints":{"allow":["GET"]}}],"collection":[{"href":"https:\/\/shop.kluschowsky.com\/hu\/wp-json\/wp\/v2\/product"}],"about":[{"href":"https:\/\/shop.kluschowsky.com\/hu\/wp-json\/wp\/v2\/types\/product"}],"replies":[{"embeddable":true,"href":"https:\/\/shop.kluschowsky.com\/hu\/wp-json\/wp\/v2\/comments?post=2765"}],"version-history":[{"count":2,"href":"https:\/\/shop.kluschowsky.com\/hu\/wp-json\/wp\/v2\/product\/2765\/revisions"}],"predecessor-version":[{"id":6496,"href":"https:\/\/shop.kluschowsky.com\/hu\/wp-json\/wp\/v2\/product\/2765\/revisions\/6496"}],"wp:featuredmedia":[{"embeddable":true,"href":"https:\/\/shop.kluschowsky.com\/hu\/wp-json\/wp\/v2\/media\/5061"}],"wp:attachment":[{"href":"https:\/\/shop.kluschowsky.com\/hu\/wp-json\/wp\/v2\/media?parent=2765"}],"wp:term":[{"taxonomy":"brand","embeddable":true,"href":"https:\/\/shop.kluschowsky.com\/hu\/wp-json\/wp\/v2\/etheme_brands?post=2765"},{"taxonomy":"product_brand","embeddable":true,"href":"https:\/\/shop.kluschowsky.com\/hu\/wp-json\/wp\/v2\/product_brand?post=2765"},{"taxonomy":"product_cat","embeddable":true,"href":"https:\/\/shop.kluschowsky.com\/hu\/wp-json\/wp\/v2\/product_cat?post=2765"},{"taxonomy":"product_tag","embeddable":true,"href":"https:\/\/shop.kluschowsky.com\/hu\/wp-json\/wp\/v2\/product_tag?post=2765"}],"curies":[{"name":"wp","href":"https:\/\/api.w.org\/{rel}","templated":true}]}}