{"id":2770,"date":"2024-06-09T02:08:40","date_gmt":"2024-06-09T01:08:40","guid":{"rendered":"https:\/\/shop.kluschowsky.com\/?post_type=product&#038;p=2770"},"modified":"2026-04-30T10:36:47","modified_gmt":"2026-04-30T09:36:47","slug":"golden-grace-pearl-earrings","status":"publish","type":"product","link":"https:\/\/shop.kluschowsky.com\/hu\/termek\/golden-grace-pearl-earrings\/","title":{"rendered":"Golden Grace gy\u00f6ngy f\u00fclbeval\u00f3"},"content":{"rendered":"<p>A Golden Grace gy\u00f6ngy f\u00fclbeval\u00f3 a klasszikus eleganci\u00e1t \u00e9s az id\u0151tlen sz\u00e9ps\u00e9get \u00f6tv\u00f6zi. Ezek a finom f\u00fclbeval\u00f3k kiv\u00e1l\u00f3 min\u0151s\u00e9g\u0171 rozsdamentes ac\u00e9lb\u00f3l k\u00e9sz\u00fcltek, \u00e9s f\u00e9ny\u0171z\u0151 18k aranyoz\u00e1ssal d\u00edsz\u00edtettek. A patentos h\u00e1tlapi z\u00e1r\u00f3d\u00e1s biztos\u00edtja a biztos illeszked\u00e9st \u00e9s a k\u00e9nyelmet, lehet\u0151v\u00e9 t\u00e9ve, hogy a f\u00fclbeval\u00f3 finoman l\u00f3gjon a f\u00fclb\u0151l. A kifinomult diz\u00e1jn k\u00f6z\u00e9ppontj\u00e1ban egy csillog\u00f3 gy\u00f6ngy \u00e1ll, amelynek term\u00e9szetes ragyog\u00e1sa kifinomult jelleget k\u00f6lcs\u00f6n\u00f6z a darabnak.<\/p>\n<p>A Golden Grace gy\u00f6ngy f\u00fclbeval\u00f3 t\u00f6k\u00e9letes v\u00e1laszt\u00e1s b\u00e1rmilyen alkalomra, legyen sz\u00f3 egy \u00fcnnepi est\u00e9r\u0151l vagy egy eleg\u00e1ns h\u00e9tk\u00f6znapi megjelen\u00e9sr\u0151l. Finom eleganci\u00e1juk felt\u0171n\u0151 kijelent\u00e9st tesz, k\u00f6nnyed\u00e9n feldobva st\u00edlus\u00e1t.<\/p>\n<p>\u00d6lelje mag\u00e1hoz az id\u0151tlen eleganci\u00e1t a Golden Grace gy\u00f6ngy f\u00fclbeval\u00f3val - a kegyelemmel \u00e9s sz\u00e9ps\u00e9ggel teli pillanatok\u00e9rt.<\/p>","protected":false},"excerpt":{"rendered":"<table>\n<tbody>\n<tr>\n<td>Material<\/td>\n<td>Stainless steel<\/td>\n<\/tr>\n<tr>\n<td>Sz\u00ednes<\/td>\n<td>Luxurious 18k gold plating<\/td>\n<\/tr>\n<tr>\n<td>Size<\/td>\n<td>9.8 mm pearl<\/td>\n<\/tr>\n<\/tbody>\n<\/table>\n<p>&nbsp;<\/p>","protected":false},"featured_media":5071,"comment_status":"open","ping_status":"closed","template":"","meta":[],"etheme_brands":[{"term_id":105,"name":"Kluschowsky Fashion","slug":"fashion","term_group":0,"term_taxonomy_id":105,"taxonomy":"brand","description":"","parent":0,"count":28,"filter":"raw","order":"0"}],"product_brand":[],"product_cat":[21],"product_tag":[164,196,197],"class_list":{"0":"post-2770","1":"product","2":"type-product","3":"status-publish","4":"has-post-thumbnail","6":"brand-fashion","7":"product_cat-earrings","8":"product_tag-fashion-jewelry","9":"product_tag-kickoff","10":"product_tag-spring","12":"first","13":"instock","14":"sale","15":"taxable","16":"shipping-taxable","17":"purchasable","18":"product-type-simple"},"_links":{"self":[{"href":"https:\/\/shop.kluschowsky.com\/hu\/wp-json\/wp\/v2\/product\/2770","targetHints":{"allow":["GET"]}}],"collection":[{"href":"https:\/\/shop.kluschowsky.com\/hu\/wp-json\/wp\/v2\/product"}],"about":[{"href":"https:\/\/shop.kluschowsky.com\/hu\/wp-json\/wp\/v2\/types\/product"}],"replies":[{"embeddable":true,"href":"https:\/\/shop.kluschowsky.com\/hu\/wp-json\/wp\/v2\/comments?post=2770"}],"version-history":[{"count":2,"href":"https:\/\/shop.kluschowsky.com\/hu\/wp-json\/wp\/v2\/product\/2770\/revisions"}],"predecessor-version":[{"id":6495,"href":"https:\/\/shop.kluschowsky.com\/hu\/wp-json\/wp\/v2\/product\/2770\/revisions\/6495"}],"wp:featuredmedia":[{"embeddable":true,"href":"https:\/\/shop.kluschowsky.com\/hu\/wp-json\/wp\/v2\/media\/5071"}],"wp:attachment":[{"href":"https:\/\/shop.kluschowsky.com\/hu\/wp-json\/wp\/v2\/media?parent=2770"}],"wp:term":[{"taxonomy":"brand","embeddable":true,"href":"https:\/\/shop.kluschowsky.com\/hu\/wp-json\/wp\/v2\/etheme_brands?post=2770"},{"taxonomy":"product_brand","embeddable":true,"href":"https:\/\/shop.kluschowsky.com\/hu\/wp-json\/wp\/v2\/product_brand?post=2770"},{"taxonomy":"product_cat","embeddable":true,"href":"https:\/\/shop.kluschowsky.com\/hu\/wp-json\/wp\/v2\/product_cat?post=2770"},{"taxonomy":"product_tag","embeddable":true,"href":"https:\/\/shop.kluschowsky.com\/hu\/wp-json\/wp\/v2\/product_tag?post=2770"}],"curies":[{"name":"wp","href":"https:\/\/api.w.org\/{rel}","templated":true}]}}