{"id":2773,"date":"2024-06-09T02:09:32","date_gmt":"2024-06-09T01:09:32","guid":{"rendered":"https:\/\/shop.kluschowsky.com\/?post_type=product&#038;p=2773"},"modified":"2025-12-05T09:05:00","modified_gmt":"2025-12-05T08:05:00","slug":"golden-reverie-earrings","status":"publish","type":"product","link":"https:\/\/shop.kluschowsky.com\/hu\/termek\/golden-reverie-earrings\/","title":{"rendered":"Golden Reverie f\u00fclbeval\u00f3"},"content":{"rendered":"<p>A Golden Reverie f\u00fclbeval\u00f3 az id\u0151tlen elegancia \u00e9s a kifinomult sz\u00e9ps\u00e9g harmonikus kever\u00e9ke. Ezek a kiv\u00e1l\u00f3 f\u00fclbeval\u00f3k kiv\u00e1l\u00f3 min\u0151s\u00e9g\u0171 rozsdamentes ac\u00e9lb\u00f3l k\u00e9sz\u00fcltek, csillog\u00f3 18k arany bevonattal, amely egyszerre ny\u00fajt tart\u00f3ss\u00e1got \u00e9s kifinomults\u00e1got. Eleg\u00e1ns gy\u00f6ngy\u00f6k l\u00f3gnak a finom karik\u00e1kr\u00f3l, amelyek csillog\u00f3 f\u00e9ny\u00fckkel egy csipetnyi kecsess\u00e9get \u00e9s luxust k\u00f6lcs\u00f6n\u00f6znek. A gy\u00f6ngy\u00f6k term\u00e9szetes sz\u00e9ps\u00e9ge finom, m\u00e9gis mag\u00e1val ragad\u00f3 vonzer\u0151t k\u00f6lcs\u00f6n\u00f6z a f\u00fclbeval\u00f3knak.<\/p>\n<p>Az Arany Reverie f\u00fclbeval\u00f3k t\u00f6k\u00e9letesek k\u00fcl\u00f6nleges alkalmakra vagy mindennapi t\u00e1rsnak, kifinomult, kiegyens\u00falyozott st\u00edlusodhoz, \u00edgy t\u00f6bb mint egy egyszer\u0171 \u00e9kszer - az id\u0151tlen sz\u00e9ps\u00e9g \u00e9s elegancia szimb\u00f3luma.<\/p>\n<p>Adj egy csipetnyi kifinomult eleganci\u00e1t a st\u00edlusodhoz a Golden Reverie f\u00fclbeval\u00f3val - a pillanatok\u00e9rt, amelyek olyan kecsesek \u00e9s id\u0151tlenek, mint az \u00e9kszerek, amelyeket viselsz.<\/p>","protected":false},"excerpt":{"rendered":"<table>\n<tbody>\n<tr>\n<td>Material<\/td>\n<td>Stainless steel<\/td>\n<\/tr>\n<tr>\n<td>Sz\u00ednes<\/td>\n<td>Luxurious 18k gold plating<\/td>\n<\/tr>\n<tr>\n<td>Size<\/td>\n<td>Total earring length: 4 cm, pearls: 1.8 cm<\/td>\n<\/tr>\n<\/tbody>\n<\/table>\n<p>&nbsp;<\/p>","protected":false},"featured_media":5079,"comment_status":"open","ping_status":"closed","template":"","meta":[],"etheme_brands":[{"term_id":105,"name":"Kluschowsky Fashion","slug":"fashion","term_group":0,"term_taxonomy_id":105,"taxonomy":"brand","description":"","parent":0,"count":28,"filter":"raw","order":"0"}],"product_brand":[],"product_cat":[21],"product_tag":[196],"class_list":{"0":"post-2773","1":"product","2":"type-product","3":"status-publish","4":"has-post-thumbnail","6":"brand-fashion","7":"product_cat-earrings","8":"product_tag-kickoff","10":"first","11":"instock","12":"sale","13":"taxable","14":"shipping-taxable","15":"purchasable","16":"product-type-simple"},"_links":{"self":[{"href":"https:\/\/shop.kluschowsky.com\/hu\/wp-json\/wp\/v2\/product\/2773","targetHints":{"allow":["GET"]}}],"collection":[{"href":"https:\/\/shop.kluschowsky.com\/hu\/wp-json\/wp\/v2\/product"}],"about":[{"href":"https:\/\/shop.kluschowsky.com\/hu\/wp-json\/wp\/v2\/types\/product"}],"replies":[{"embeddable":true,"href":"https:\/\/shop.kluschowsky.com\/hu\/wp-json\/wp\/v2\/comments?post=2773"}],"version-history":[{"count":2,"href":"https:\/\/shop.kluschowsky.com\/hu\/wp-json\/wp\/v2\/product\/2773\/revisions"}],"predecessor-version":[{"id":6494,"href":"https:\/\/shop.kluschowsky.com\/hu\/wp-json\/wp\/v2\/product\/2773\/revisions\/6494"}],"wp:featuredmedia":[{"embeddable":true,"href":"https:\/\/shop.kluschowsky.com\/hu\/wp-json\/wp\/v2\/media\/5079"}],"wp:attachment":[{"href":"https:\/\/shop.kluschowsky.com\/hu\/wp-json\/wp\/v2\/media?parent=2773"}],"wp:term":[{"taxonomy":"brand","embeddable":true,"href":"https:\/\/shop.kluschowsky.com\/hu\/wp-json\/wp\/v2\/etheme_brands?post=2773"},{"taxonomy":"product_brand","embeddable":true,"href":"https:\/\/shop.kluschowsky.com\/hu\/wp-json\/wp\/v2\/product_brand?post=2773"},{"taxonomy":"product_cat","embeddable":true,"href":"https:\/\/shop.kluschowsky.com\/hu\/wp-json\/wp\/v2\/product_cat?post=2773"},{"taxonomy":"product_tag","embeddable":true,"href":"https:\/\/shop.kluschowsky.com\/hu\/wp-json\/wp\/v2\/product_tag?post=2773"}],"curies":[{"name":"wp","href":"https:\/\/api.w.org\/{rel}","templated":true}]}}