{"id":3371,"date":"2024-07-04T16:39:59","date_gmt":"2024-07-04T15:39:59","guid":{"rendered":"https:\/\/shop.kluschowsky.com\/?post_type=product&#038;p=3371"},"modified":"2025-12-05T09:05:00","modified_gmt":"2025-12-05T08:05:00","slug":"luxe-duo-bracelet","status":"publish","type":"product","link":"https:\/\/shop.kluschowsky.com\/hu\/termek\/luxe-duo-bracelet\/","title":{"rendered":"Luxe Duo kark\u00f6t\u0151"},"content":{"rendered":"<p>A Luxe Duo kark\u00f6t\u0151 id\u0151tlen eleganci\u00e1t sug\u00e1roz kifinomult diz\u00e1jnj\u00e1val \u00e9s f\u00e9ny\u0171z\u0151 anyagaival. A tart\u00f3s rozsdamentes ac\u00e9lb\u00f3l k\u00e9sz\u00fclt \u00e9s gazdag 18k-s arannyal bevont kark\u00f6t\u0151 egy mer\u00e9sz, vastag szalag \u00e9s egy finom, karcs\u00fa szalag egyedi kombin\u00e1ci\u00f3j\u00e1t tartalmazza, amelyet egy apr\u00f3, csillog\u00f3 k\u0151 d\u00edsz\u00edt. A k\u00e9t szalag k\u00f6z\u00f6tti kontraszt t\u00f6k\u00e9letes egyens\u00falyt teremt az er\u0151 \u00e9s a kifinomults\u00e1g k\u00f6z\u00f6tt, \u00edgy ez a darab a modern luxus egyik megnyilv\u00e1nul\u00e1sa. Ak\u00e1r \u00f6nmag\u00e1ban, ak\u00e1r m\u00e1s kark\u00f6t\u0151kkel halmozva hordhat\u00f3, a <em>Luxe Duo kark\u00f6t\u0151<\/em> k\u00f6nnyed\u00e9n feldob b\u00e1rmilyen \u00f6lt\u00f6z\u00e9ket, \u00e9s egy csipetnyi kifinomults\u00e1got \u00e9s kecsess\u00e9get k\u00f6lcs\u00f6n\u00f6z.<\/p>\n<p>Adjon egy csipetnyi luxust a mindennapi st\u00edlus\u00e1hoz a Luxe Duo kark\u00f6t\u0151vel - az er\u0151, az elegancia \u00e9s a kifinomults\u00e1g t\u00f6k\u00e9letes kever\u00e9ke.<\/p>","protected":false},"excerpt":{"rendered":"<table>\n<tbody>\n<tr>\n<td>Material<\/td>\n<td>Stainless steel<\/td>\n<\/tr>\n<tr>\n<td>Sz\u00ednes<\/td>\n<td>Luxurious 18k gold plating<\/td>\n<\/tr>\n<\/tbody>\n<\/table>\n<p>&nbsp;<\/p>","protected":false},"featured_media":5102,"comment_status":"open","ping_status":"closed","template":"","meta":[],"etheme_brands":[{"term_id":105,"name":"Kluschowsky Fashion","slug":"fashion","term_group":0,"term_taxonomy_id":105,"taxonomy":"brand","description":"","parent":0,"count":28,"filter":"raw","order":"0"}],"product_brand":[],"product_cat":[163],"product_tag":[196],"class_list":{"0":"post-3371","1":"product","2":"type-product","3":"status-publish","4":"has-post-thumbnail","6":"brand-fashion","7":"product_cat-bracelets","8":"product_tag-kickoff","10":"first","11":"instock","12":"sale","13":"featured","14":"taxable","15":"shipping-taxable","16":"purchasable","17":"product-type-simple"},"_links":{"self":[{"href":"https:\/\/shop.kluschowsky.com\/hu\/wp-json\/wp\/v2\/product\/3371","targetHints":{"allow":["GET"]}}],"collection":[{"href":"https:\/\/shop.kluschowsky.com\/hu\/wp-json\/wp\/v2\/product"}],"about":[{"href":"https:\/\/shop.kluschowsky.com\/hu\/wp-json\/wp\/v2\/types\/product"}],"replies":[{"embeddable":true,"href":"https:\/\/shop.kluschowsky.com\/hu\/wp-json\/wp\/v2\/comments?post=3371"}],"version-history":[{"count":3,"href":"https:\/\/shop.kluschowsky.com\/hu\/wp-json\/wp\/v2\/product\/3371\/revisions"}],"predecessor-version":[{"id":6526,"href":"https:\/\/shop.kluschowsky.com\/hu\/wp-json\/wp\/v2\/product\/3371\/revisions\/6526"}],"wp:featuredmedia":[{"embeddable":true,"href":"https:\/\/shop.kluschowsky.com\/hu\/wp-json\/wp\/v2\/media\/5102"}],"wp:attachment":[{"href":"https:\/\/shop.kluschowsky.com\/hu\/wp-json\/wp\/v2\/media?parent=3371"}],"wp:term":[{"taxonomy":"brand","embeddable":true,"href":"https:\/\/shop.kluschowsky.com\/hu\/wp-json\/wp\/v2\/etheme_brands?post=3371"},{"taxonomy":"product_brand","embeddable":true,"href":"https:\/\/shop.kluschowsky.com\/hu\/wp-json\/wp\/v2\/product_brand?post=3371"},{"taxonomy":"product_cat","embeddable":true,"href":"https:\/\/shop.kluschowsky.com\/hu\/wp-json\/wp\/v2\/product_cat?post=3371"},{"taxonomy":"product_tag","embeddable":true,"href":"https:\/\/shop.kluschowsky.com\/hu\/wp-json\/wp\/v2\/product_tag?post=3371"}],"curies":[{"name":"wp","href":"https:\/\/api.w.org\/{rel}","templated":true}]}}