{"id":4203,"date":"2025-01-31T16:47:11","date_gmt":"2025-01-31T15:47:11","guid":{"rendered":"https:\/\/shop.kluschowsky.com\/?post_type=product&#038;p=4203"},"modified":"2026-03-19T08:55:51","modified_gmt":"2026-03-19T07:55:51","slug":"valentina-spark-ring","status":"publish","type":"product","link":"https:\/\/shop.kluschowsky.com\/hu\/termek\/valentina-spark-ring\/","title":{"rendered":"Valentina szikra gy\u0171r\u0171"},"content":{"rendered":"<p>A Valentina Spark gy\u0171r\u0171<i> <\/i>az elegancia \u00e9s a csillog\u00e1s megtestes\u00edt\u0151je. A kiv\u00e1l\u00f3 min\u0151s\u00e9g\u0171 rozsdamentes ac\u00e9lb\u00f3l k\u00e9sz\u00fclt, arany \u00e9s ez\u00fcst bevonattal is kaphat\u00f3, leny\u0171g\u00f6z\u0151 darabot egy finom p\u00e1nt d\u00edsz\u00edti, amelyet k\u00e1pr\u00e1zatos, csillog\u00f3 k\u00f6vek r\u00e9tege d\u00edsz\u00edt. Kifinomult kialak\u00edt\u00e1sa \u00e9s finom csillog\u00e1sa miatt t\u00f6k\u00e9letes kieg\u00e9sz\u00edt\u0151 b\u00e1rmilyen alkalomra, egy csipetnyi csillog\u00e1st k\u00f6lcs\u00f6n\u00f6z a mindennapi megjelen\u00e9sednek, vagy kieg\u00e9sz\u00edti az esti \u00f6lt\u00f6z\u00e9kedet. Ak\u00e1r aranyat, ak\u00e1r ez\u00fcst\u00f6t v\u00e1laszt, ez a gy\u0171r\u0171 id\u0151tlen sz\u00e9ps\u00e9g\u00e9vel k\u00f6nnyed\u00e9n feldobja st\u00edlus\u00e1t.<\/p>\n<p>&nbsp;<\/p>\n<p>&nbsp;<\/p>","protected":false},"excerpt":{"rendered":"<table>\n<tbody>\n<tr>\n<td>Material<\/td>\n<td>Stainless steel<\/td>\n<\/tr>\n<tr>\n<td>Sz\u00ednes<\/td>\n<td>Gold\/Silver<\/td>\n<\/tr>\n<\/tbody>\n<\/table>\n<p>&nbsp;<\/p>","protected":false},"featured_media":5147,"comment_status":"open","ping_status":"closed","template":"","meta":[],"etheme_brands":[{"term_id":105,"name":"Kluschowsky Fashion","slug":"fashion","term_group":0,"term_taxonomy_id":105,"taxonomy":"brand","description":"","parent":0,"count":28,"filter":"raw","order":"0"}],"product_brand":[],"product_cat":[51,93],"product_tag":[196],"class_list":{"0":"post-4203","1":"product","2":"type-product","3":"status-publish","4":"has-post-thumbnail","6":"brand-fashion","7":"product_cat-best-sellers","8":"product_cat-rings","9":"product_tag-kickoff","11":"first","12":"instock","13":"sale","14":"taxable","15":"shipping-taxable","16":"purchasable","17":"product-type-variable"},"_links":{"self":[{"href":"https:\/\/shop.kluschowsky.com\/hu\/wp-json\/wp\/v2\/product\/4203","targetHints":{"allow":["GET"]}}],"collection":[{"href":"https:\/\/shop.kluschowsky.com\/hu\/wp-json\/wp\/v2\/product"}],"about":[{"href":"https:\/\/shop.kluschowsky.com\/hu\/wp-json\/wp\/v2\/types\/product"}],"replies":[{"embeddable":true,"href":"https:\/\/shop.kluschowsky.com\/hu\/wp-json\/wp\/v2\/comments?post=4203"}],"version-history":[{"count":2,"href":"https:\/\/shop.kluschowsky.com\/hu\/wp-json\/wp\/v2\/product\/4203\/revisions"}],"predecessor-version":[{"id":6490,"href":"https:\/\/shop.kluschowsky.com\/hu\/wp-json\/wp\/v2\/product\/4203\/revisions\/6490"}],"wp:featuredmedia":[{"embeddable":true,"href":"https:\/\/shop.kluschowsky.com\/hu\/wp-json\/wp\/v2\/media\/5147"}],"wp:attachment":[{"href":"https:\/\/shop.kluschowsky.com\/hu\/wp-json\/wp\/v2\/media?parent=4203"}],"wp:term":[{"taxonomy":"brand","embeddable":true,"href":"https:\/\/shop.kluschowsky.com\/hu\/wp-json\/wp\/v2\/etheme_brands?post=4203"},{"taxonomy":"product_brand","embeddable":true,"href":"https:\/\/shop.kluschowsky.com\/hu\/wp-json\/wp\/v2\/product_brand?post=4203"},{"taxonomy":"product_cat","embeddable":true,"href":"https:\/\/shop.kluschowsky.com\/hu\/wp-json\/wp\/v2\/product_cat?post=4203"},{"taxonomy":"product_tag","embeddable":true,"href":"https:\/\/shop.kluschowsky.com\/hu\/wp-json\/wp\/v2\/product_tag?post=4203"}],"curies":[{"name":"wp","href":"https:\/\/api.w.org\/{rel}","templated":true}]}}