{"id":4213,"date":"2025-01-31T17:00:13","date_gmt":"2025-01-31T16:00:13","guid":{"rendered":"https:\/\/shop.kluschowsky.com\/?post_type=product&#038;p=4213"},"modified":"2026-05-06T13:44:13","modified_gmt":"2026-05-06T12:44:13","slug":"celeste-twist-ring","status":"publish","type":"product","link":"https:\/\/shop.kluschowsky.com\/hu\/termek\/celeste-twist-ring\/","title":{"rendered":"Celeste Twist gy\u0171r\u0171"},"content":{"rendered":"<p>A <em>Celeste Twist<\/em> A gy\u0171r\u0171 az elegancia \u00e9s a csillog\u00e1s mag\u00e1val ragad\u00f3 f\u00fazi\u00f3ja. A kiv\u00e1l\u00f3 min\u0151s\u00e9g\u0171 rozsdamentes ac\u00e9lb\u00f3l k\u00e9sz\u00fclt \u00e9s arany vagy ez\u00fcst sz\u00edn\u0171re bevont gy\u0171r\u0171 egy kavarg\u00f3, csavart mint\u00e1zat\u00fa, ragyog\u00f3, csillog\u00f3 k\u00f6vekkel kirakott gy\u0171r\u0171t tartalmaz. Az \u00e1ll\u00edthat\u00f3 p\u00e1nt t\u00f6k\u00e9letes, k\u00e9nyelmes illeszked\u00e9st biztos\u00edt, \u00edgy ez egy sokoldal\u00fa darab, amely b\u00e1rmilyen st\u00edlushoz illik. Ak\u00e1r \u00f6n\u00e1ll\u00f3an, ak\u00e1r m\u00e1s gy\u0171r\u0171kkel p\u00e1ros\u00edtva viselik, a <em>Celeste Twist<\/em> gy\u0171r\u0171 leny\u0171g\u00f6z\u0151 kieg\u00e9sz\u00edt\u0151je b\u00e1rmely kollekci\u00f3nak, k\u00f6nnyed\u00e9n csillog\u00e1st k\u00f6lcs\u00f6n\u00f6z b\u00e1rmely megjelen\u00e9snek.<\/p>","protected":false},"excerpt":{"rendered":"<table>\n<tbody>\n<tr>\n<td>Material<\/td>\n<td>Stainless steel<\/td>\n<\/tr>\n<tr>\n<td>Sz\u00ednes<\/td>\n<td>Gold\/Silver Plating<\/td>\n<\/tr>\n<tr>\n<td>Size<\/td>\n<td>Adjustable<\/td>\n<\/tr>\n<\/tbody>\n<\/table>\n<p>&nbsp;<\/p>","protected":false},"featured_media":5047,"comment_status":"open","ping_status":"closed","template":"","meta":[],"etheme_brands":[{"term_id":105,"name":"Kluschowsky Fashion","slug":"fashion","term_group":0,"term_taxonomy_id":105,"taxonomy":"brand","description":"","parent":0,"count":28,"filter":"raw","order":"0"}],"product_brand":[],"product_cat":[93],"product_tag":[196],"class_list":{"0":"post-4213","1":"product","2":"type-product","3":"status-publish","4":"has-post-thumbnail","6":"brand-fashion","7":"product_cat-rings","8":"product_tag-kickoff","10":"first","11":"instock","12":"sale","13":"taxable","14":"shipping-taxable","15":"purchasable","16":"product-type-variable"},"_links":{"self":[{"href":"https:\/\/shop.kluschowsky.com\/hu\/wp-json\/wp\/v2\/product\/4213","targetHints":{"allow":["GET"]}}],"collection":[{"href":"https:\/\/shop.kluschowsky.com\/hu\/wp-json\/wp\/v2\/product"}],"about":[{"href":"https:\/\/shop.kluschowsky.com\/hu\/wp-json\/wp\/v2\/types\/product"}],"replies":[{"embeddable":true,"href":"https:\/\/shop.kluschowsky.com\/hu\/wp-json\/wp\/v2\/comments?post=4213"}],"version-history":[{"count":2,"href":"https:\/\/shop.kluschowsky.com\/hu\/wp-json\/wp\/v2\/product\/4213\/revisions"}],"predecessor-version":[{"id":6488,"href":"https:\/\/shop.kluschowsky.com\/hu\/wp-json\/wp\/v2\/product\/4213\/revisions\/6488"}],"wp:featuredmedia":[{"embeddable":true,"href":"https:\/\/shop.kluschowsky.com\/hu\/wp-json\/wp\/v2\/media\/5047"}],"wp:attachment":[{"href":"https:\/\/shop.kluschowsky.com\/hu\/wp-json\/wp\/v2\/media?parent=4213"}],"wp:term":[{"taxonomy":"brand","embeddable":true,"href":"https:\/\/shop.kluschowsky.com\/hu\/wp-json\/wp\/v2\/etheme_brands?post=4213"},{"taxonomy":"product_brand","embeddable":true,"href":"https:\/\/shop.kluschowsky.com\/hu\/wp-json\/wp\/v2\/product_brand?post=4213"},{"taxonomy":"product_cat","embeddable":true,"href":"https:\/\/shop.kluschowsky.com\/hu\/wp-json\/wp\/v2\/product_cat?post=4213"},{"taxonomy":"product_tag","embeddable":true,"href":"https:\/\/shop.kluschowsky.com\/hu\/wp-json\/wp\/v2\/product_tag?post=4213"}],"curies":[{"name":"wp","href":"https:\/\/api.w.org\/{rel}","templated":true}]}}