{"id":4219,"date":"2025-01-31T17:43:33","date_gmt":"2025-01-31T16:43:33","guid":{"rendered":"https:\/\/shop.kluschowsky.com\/?post_type=product&#038;p=4219"},"modified":"2025-12-05T09:05:00","modified_gmt":"2025-12-05T08:05:00","slug":"livia-chain-ring","status":"publish","type":"product","link":"https:\/\/shop.kluschowsky.com\/hu\/termek\/livia-chain-ring\/","title":{"rendered":"Livia l\u00e1ncgy\u0171r\u0171"},"content":{"rendered":"<p>A <em>L\u00edvia l\u00e1nc<\/em> A gy\u0171r\u0171 mer\u00e9sz eleganci\u00e1t sug\u00e1roz felt\u0171n\u0151 kialak\u00edt\u00e1s\u00e1val. A kiv\u00e1l\u00f3 min\u0151s\u00e9g\u0171 rozsdamentes ac\u00e9lb\u00f3l k\u00e9sz\u00fclt \u00e9s f\u00e9ny\u0171z\u0151 18k-s arannyal bevont gy\u0171r\u0171t a l\u00e1ncszemek id\u0151tlen sz\u00e9ps\u00e9ge ihlette. Nagym\u00e9ret\u0171, egym\u00e1sba kapcsol\u00f3d\u00f3 l\u00e1ncszemei leny\u0171g\u00f6z\u0151 vizu\u00e1lis hat\u00e1st keltenek, \u00edgy a gy\u0171r\u0171 olyan kiemelked\u0151 darab, amely b\u00e1rmilyen megjelen\u00e9st feldob. Az \u00e1ll\u00edthat\u00f3 p\u00e1nt minden visel\u0151j\u00e9nek t\u00f6k\u00e9letes illeszked\u00e9st biztos\u00edt, k\u00e9nyelmet biztos\u00edtva an\u00e9lk\u00fcl, hogy a st\u00edlusr\u00f3l lemondana. Ak\u00e1r \u00f6n\u00e1ll\u00f3 darabk\u00e9nt, ak\u00e1r m\u00e1sokkal kombin\u00e1lva viselj\u00fck, a <em>L\u00edvia l\u00e1nc<\/em> A gy\u0171r\u0171 sokoldal\u00fa \u00e9s kifinomult kieg\u00e9sz\u00edt\u0151 minden alkalomra.<\/p>","protected":false},"excerpt":{"rendered":"<table>\n<tbody>\n<tr>\n<td>Material<\/td>\n<td>Stainless steel<\/td>\n<\/tr>\n<tr>\n<td>Sz\u00ednes<\/td>\n<td>Luxurious 18k gold plated<\/td>\n<\/tr>\n<tr>\n<td>Size<\/td>\n<td>Adjustable<\/td>\n<\/tr>\n<\/tbody>\n<\/table>\n<p>&nbsp;<\/p>","protected":false},"featured_media":5091,"comment_status":"open","ping_status":"closed","template":"","meta":[],"etheme_brands":[{"term_id":105,"name":"Kluschowsky Fashion","slug":"fashion","term_group":0,"term_taxonomy_id":105,"taxonomy":"brand","description":"","parent":0,"count":28,"filter":"raw","order":"0"}],"product_brand":[],"product_cat":[93],"product_tag":[196],"class_list":{"0":"post-4219","1":"product","2":"type-product","3":"status-publish","4":"has-post-thumbnail","6":"brand-fashion","7":"product_cat-rings","8":"product_tag-kickoff","10":"first","11":"instock","12":"sale","13":"taxable","14":"shipping-taxable","15":"purchasable","16":"product-type-simple"},"_links":{"self":[{"href":"https:\/\/shop.kluschowsky.com\/hu\/wp-json\/wp\/v2\/product\/4219","targetHints":{"allow":["GET"]}}],"collection":[{"href":"https:\/\/shop.kluschowsky.com\/hu\/wp-json\/wp\/v2\/product"}],"about":[{"href":"https:\/\/shop.kluschowsky.com\/hu\/wp-json\/wp\/v2\/types\/product"}],"replies":[{"embeddable":true,"href":"https:\/\/shop.kluschowsky.com\/hu\/wp-json\/wp\/v2\/comments?post=4219"}],"version-history":[{"count":6,"href":"https:\/\/shop.kluschowsky.com\/hu\/wp-json\/wp\/v2\/product\/4219\/revisions"}],"predecessor-version":[{"id":6512,"href":"https:\/\/shop.kluschowsky.com\/hu\/wp-json\/wp\/v2\/product\/4219\/revisions\/6512"}],"wp:featuredmedia":[{"embeddable":true,"href":"https:\/\/shop.kluschowsky.com\/hu\/wp-json\/wp\/v2\/media\/5091"}],"wp:attachment":[{"href":"https:\/\/shop.kluschowsky.com\/hu\/wp-json\/wp\/v2\/media?parent=4219"}],"wp:term":[{"taxonomy":"brand","embeddable":true,"href":"https:\/\/shop.kluschowsky.com\/hu\/wp-json\/wp\/v2\/etheme_brands?post=4219"},{"taxonomy":"product_brand","embeddable":true,"href":"https:\/\/shop.kluschowsky.com\/hu\/wp-json\/wp\/v2\/product_brand?post=4219"},{"taxonomy":"product_cat","embeddable":true,"href":"https:\/\/shop.kluschowsky.com\/hu\/wp-json\/wp\/v2\/product_cat?post=4219"},{"taxonomy":"product_tag","embeddable":true,"href":"https:\/\/shop.kluschowsky.com\/hu\/wp-json\/wp\/v2\/product_tag?post=4219"}],"curies":[{"name":"wp","href":"https:\/\/api.w.org\/{rel}","templated":true}]}}